{"id":867,"date":"2022-07-25T16:38:54","date_gmt":"2022-07-25T16:38:54","guid":{"rendered":"https:\/\/camonclass.vertice.org\/formacion\/movilizacion-de-pacientes-para-tecnico-de-cuidados-auxiliares-de-enfermeria\/"},"modified":"2022-07-25T16:38:54","modified_gmt":"2022-07-25T16:38:54","slug":"movilizacion-de-pacientes-para-tecnico-de-cuidados-auxiliares-de-enfermeria","status":"publish","type":"product","link":"https:\/\/camonclass.com\/tienda\/formacion\/movilizacion-de-pacientes-para-tecnico-de-cuidados-auxiliares-de-enfermeria\/","title":{"rendered":"MOVILIZACION DE PACIENTES PARA T\u00c9CNICO DE CUIDADOS AUXILIARES DE ENFERMER\u00cdA"},"content":{"rendered":"<div>UD1. CONCEPTOS GENERALES DE PREVENCI\u00d3N.<\/div>\n<div>UD2. HIGIENE CORPORAL EN LA MOVILIZACI\u00d3N DE ENFERMOS:<\/div>\n<div>2.1. Principios de anatom\u00eda y fisiolog\u00eda de sost\u00e9n y movimiento del cuerpo humano.<\/div>\n<div>2.2. Posici\u00f3n anat\u00f3mica.<\/div>\n<div>2.3. La columna vertebral (funcionamiento); Disco intervertebral.<\/div>\n<div>2.4. Conceptos generales de manipulaci\u00f3n de cargas.<\/div>\n<div>2.5. Consejos en la manipulaci\u00f3n de descargas.<\/div>\n<div>2.6. Atenci\u00f3n a las necesidades de movilizaci\u00f3n.<\/div>\n<div>2.7. Movilizaci\u00f3n pasiva de pacientes.<\/div>\n<div>2.8. T\u00e9cnicas de deambulaci\u00f3n.<\/div>\n<div>2.9. T\u00e9cnicas de traslado.<\/div>\n<div>2.10. Elementos auxiliares para la movilizaci\u00f3n de enfermos. (Deslizadores, gr\u00faas, etc.)<\/div>\n<div>2.11. Movimientos m\u00e1s usuales.<\/div>\n<div>2.12. T\u00e9cnicas de relajaci\u00f3n.<\/div>\n","protected":false},"excerpt":{"rendered":"<p>Identificar los riesgos existentes en un trabajo de movilizaci\u00f3n de enfermos aplicando las medidas preventivas apropiadas y eliminando o reduciendo el riesgo a la vez que protegiendo a los trabajadores.<\/p>\n","protected":false},"featured_media":800,"comment_status":"open","ping_status":"closed","template":"","meta":{"neve_meta_sidebar":"","neve_meta_container":"","neve_meta_enable_content_width":"","neve_meta_content_width":0,"neve_meta_title_alignment":"","neve_meta_author_avatar":"","neve_post_elements_order":"","neve_meta_disable_header":"","neve_meta_disable_footer":"","neve_meta_disable_title":""},"product_brand":[],"product_cat":[22,38,42],"product_tag":[],"class_list":{"0":"post-867","1":"product","2":"type-product","3":"status-publish","4":"has-post-thumbnail","6":"product_cat-cursos","7":"product_cat-especialidades-formativas","8":"product_cat-seguridad-y-medio-ambiente-especialidades-formativas","10":"first","11":"instock","12":"sold-individually","13":"shipping-taxable","14":"purchasable","15":"product-type-simple"},"_links":{"self":[{"href":"https:\/\/camonclass.com\/tienda\/wp-json\/wp\/v2\/product\/867","targetHints":{"allow":["GET"]}}],"collection":[{"href":"https:\/\/camonclass.com\/tienda\/wp-json\/wp\/v2\/product"}],"about":[{"href":"https:\/\/camonclass.com\/tienda\/wp-json\/wp\/v2\/types\/product"}],"replies":[{"embeddable":true,"href":"https:\/\/camonclass.com\/tienda\/wp-json\/wp\/v2\/comments?post=867"}],"wp:featuredmedia":[{"embeddable":true,"href":"https:\/\/camonclass.com\/tienda\/wp-json\/wp\/v2\/media\/800"}],"wp:attachment":[{"href":"https:\/\/camonclass.com\/tienda\/wp-json\/wp\/v2\/media?parent=867"}],"wp:term":[{"taxonomy":"product_brand","embeddable":true,"href":"https:\/\/camonclass.com\/tienda\/wp-json\/wp\/v2\/product_brand?post=867"},{"taxonomy":"product_cat","embeddable":true,"href":"https:\/\/camonclass.com\/tienda\/wp-json\/wp\/v2\/product_cat?post=867"},{"taxonomy":"product_tag","embeddable":true,"href":"https:\/\/camonclass.com\/tienda\/wp-json\/wp\/v2\/product_tag?post=867"}],"curies":[{"name":"wp","href":"https:\/\/api.w.org\/{rel}","templated":true}]}}