{"id":868,"date":"2022-07-25T16:38:54","date_gmt":"2022-07-25T16:38:54","guid":{"rendered":"https:\/\/camonclass.vertice.org\/formacion\/administrativo-corporaciones-locales\/"},"modified":"2022-07-26T07:58:51","modified_gmt":"2022-07-26T07:58:51","slug":"administrativo-corporaciones-locales","status":"publish","type":"product","link":"https:\/\/camonclass.com\/tienda\/formacion\/administrativo-corporaciones-locales\/","title":{"rendered":"Administrativo Corporaciones locales"},"content":{"rendered":"<p>M\u00f3dulo Derecho<\/p>\n<p>Tema 1: La Constituci\u00f3n espa\u00f1ola (1). Estructura. El t\u00edtulo Preliminar. Derechos y Deberes fundamentales.<br \/>\nTEMA 2: La Constituci\u00f3n espa\u00f1ola (2). La Corona. El Congreso de los Diputados y el Senado. El gobierno y la administraci\u00f3n. El Poder Judicial.<br \/>\nTEMA 3: La Constituci\u00f3n espa\u00f1ola (3). La organizaci\u00f3n territorial de estado: Principios generales. La Administraci\u00f3n Local. Las CC. AA.<br \/>\nTEMA 4: La Constituci\u00f3n espa\u00f1ola (4). El defensor del Pueblo. El TC. El conflicto en defensa de la autonom\u00eda local. La reforma constitucional.<br \/>\nTEMA 5: El estatuto de Autonom\u00eda para Andaluc\u00eda: Estructura. competencias auton\u00f3micas: Clasificaci\u00f3n. competencias auton\u00f3micas en materia de r\u00e9gimen local y funci\u00f3n p\u00fablica.Organizaci\u00f3n territorial de la CC.AA.. Organizaci\u00f3n institucional de la CC:AA:: El Parlamento de Andaluc\u00eda, el Presidente de la Junta y el consejo de Gobierno<br \/>\nTEMA 6: La Ley 40\/ 2015, de 1 de octubre, del r\u00e9gimen jco. del sector P\u00fablico ( 1). Estructura. Disposiciuones generales, principios de actuaci\u00f3n y funcionamiento del sector p\u00fablico. Los \u00f3rganos de las Administracuines P\u00fablicas.<br \/>\nTEMA 7: La ley 40\/ 2015, de 1 de octubre, del R\u00e9gimen Jco del sector P\u00fablico (2). principios de la potestad sancionadora. responsabilidad petrimonial de las Administraciones P\u00fablicas y de las autoridades y personal a su servicio. Funcionamiento electr\u00f3nico del Sector P\u00fablico.<br \/>\nTEMA 8: La Ley 40\/2105, de 1 de octubre, del r\u00e9gimen jur\u00eddico del sector p\u00fablico (3). Los convenios. el secor p\u00fablico institucional: Entidades que lo integran, principios generales de actuaci\u00f3n, inventario de Entidades del Sector P\u00fablico estatal, Auton\u00f3mico y Local. Los consorcios. principios generales de las relaciones interadministrativas. El deber de colaboraci\u00f3n.<br \/>\nTEMA 9: La LO 372018, de 5 de diciembre, de Protecci\u00f3n de datos personales y garant\u00eda de los derechos digitales. Principios de protecci\u00f3n de datos. derechos de las personas.<br \/>\nTEMA 10: El Municipio: Concepto y elementos. termino municipal. La poblaci\u00f3n municipal. El padr\u00f3n de habitantes. Derechos y deberes de los vecinos. Competencias de los municipios. Los Municipios de gran poblaci\u00f3n: \u00c1mbito de aplicaci\u00f3n.<br \/>\nTEMA 11: La Provincia: Organizaci\u00f3n provincial y competencias. Los reg\u00edmenes especiales. Otras Entidades Locales. mancomunidades, comarcas, \u00e1reas metropolitanas, entidades de \u00e1mbito territorial inferiro al municipio. Las relaciones interadministrativas en la legislaci\u00f3n del r\u00e9gimen local. 11<br \/>\nTEMA 12; Ley 39\/ 2015, de 1 de octubre, del PAC de las Admon. p\u00fablicas(1 Y 2). Estructura. \u00c1mbito de aplicaci\u00f3n. Actuaciones y procedimientos regidos por su normativa especif\u00edca. Los interesados en ele procedimeinto. La actividad de las Admon p\u00fablicas. T\u00e9rminos y plazos. Los Actos Advos.: Requisitos, eficacia, nulidad y anulabilidad.<br \/>\nTEMA 13; Ley 39\/ 2015, de 1 de octubre, del PAC de las Admon. p\u00fablicas (3, 4 y 5). El procedimiento administrativo com\u00fan: Garant\u00edas iniciaci\u00f3n y ordenaci\u00f3n del procedimiento. Instruccci\u00f3n del procedimiento. Finalizaci\u00f3n del procedimiento. La tramitaci\u00f3n simplificada del procedimeinto administrativo com\u00fan. La ejecuci\u00f3n de las resoluciones y los actos administrativos.. La revisi\u00f3n de los actos en v\u00eda administrativa. Los recursos administrativos. la disposici\u00f3n derogatoria de la ley 39\/2015.<br \/>\nTEMA 14; Especialidades del procedimiento administrativo en la normativa de r\u00e9gimen local. El registro de documentos. el registro telem\u00e1tico de documentos: registro de entrada electr\u00f3nico, ORV.SIR, red SARA. Reg\u00edmenes de sesiones y acuerdos de los \u00f3rganos colegiados municipales. Actas, certificaciones, comunicaciones, notificaciones y publicaci\u00f3n de acuerdos.<br \/>\nTEMA 15; . Impugnaci\u00f3n de actos y acuerdos de las Entidades locales. Ejercicio de acciones por las entidades locales. Informaci\u00f3n y participaci\u00f3n ciudadana. Estatuto de los miembros de las Corporaciones locales.<br \/>\nTEMA 16. Ordenanzas, reglamentos y bandos. Procedimiento de elaboraci\u00f3n y aprobaci\u00f3n. Tipificaci\u00f3n de las infracciones y sanciones por las entidades locales.<br \/>\nTEMA 17. Los bienes de las Entidades Locales andaluzas. Normativa reguladora. Clases de los bienes locales. Caracteres de los bienes de dominio p\u00fablico y de los patrimoniales. El inventario.<br \/>\nTEMA 18. Adquisici\u00f3n y enajenaci\u00f3n de bienes y derechos: Especial referencia a la adquisici\u00f3n y enajenaci\u00f3n onerosa de bienes inmuebles patrimoniales. La alteraci\u00f3n de la calificaci\u00f3n jur\u00eddica de los bienes. La mutaci\u00f3n demanial.<br \/>\nTEMA 19; Normas generales en materia de efectos, cumplimiento, modificaci\u00f3n y eSItinci\u00f3n de los contratos administrativos. El perfil del contratante y la plataforma de contrataci\u00f3n del sector p\u00fablico. Especialidades locales en materia contractual.<br \/>\nTEMA 20; El personal al servicio de la Administraci\u00f3n: Normativa reguladora. Sus clases. La funci\u00f3n p\u00fablica local y su organizaci\u00f3n. Derechos y deberes de los funcionarios p\u00fablicos locales.<br \/>\nTEMA 21: Los instrumentos de planificaci\u00f3n de los recursos humanos: Plantilla de Personal, Relaci\u00f3n de Puestos de Trabajo y Oferta de Empleo P\u00fablico. Adquisici\u00f3n y p\u00e9rdida de la condici\u00f3n de funcionario de carrera. Situaciones Administrativas. R\u00e9gimen Disciplinario.<br \/>\nTEMA 22: La Ley 9\/2017, de 8 de noviembre, de Contratos del Sector P\u00fablico, por la que se transponen al ordenamiento jur\u00eddico espa\u00f1ol las Directivas del Parlamento Europeo y del consejo 2014\/23\/UE y 2014\/24\/UE, de 26 de febrero de 2014: Estructura. Delimitaci\u00f3n de los tipos contractuales. Contratos sujetos a regulaci\u00f3n armonizada. Noci\u00f3n de las partes del contrato. Las garant\u00edas a prestar en los contratos celebrados con las administraciones p\u00fablicas.<br \/>\nTEMA 23: La preparaci\u00f3n de los contratos por las administraciones p\u00fablicas. El eSIpediente de contrataci\u00f3n. Los pliegos de cl\u00e1usulas administrativas y de prescripciones t\u00e9cnicas. Actuaciones preparatorias en el contrato de obras. Adjudicaci\u00f3n de los contratos de las administraciones p\u00fablicas: Normas generales. Procedimiento abierto.<br \/>\nTEMA 24; El urbanismo: Concepto y normativa aplicable. El planeamiento, la gesti\u00f3n y la disciplina urban\u00edstica: Concepto. Los instrumentos de planeamiento urban\u00edstico: Clases. Procedimiento de aprobaci\u00f3n e innovaci\u00f3n de los instrumentos de planeamiento. Los proyectos de urbanizaci\u00f3n: Concepto y procedimiento de aprobaci\u00f3n. La reparcelaci\u00f3n: concepto y procedimiento de aprobaci\u00f3n. La ejecuci\u00f3n sistem\u00e1tica y asistem\u00e1tica de los instrumentos de planeamiento: concepto. Los sistemas de actuaci\u00f3n: Sus clases.<br \/>\nTEMA 25; La disciplina urban\u00edstica. Las licencias urban\u00edsticas: Actos sujetos a licencia. Tipolog\u00eda de licencias urban\u00edsticas. Procedimiento de otorgamiento de las licencias urban\u00edsticas. La protecci\u00f3n de la legalidad urban\u00edstica y el restablecimiento del orden jur\u00eddicoperturbado: La medida cautelar de suspensi\u00f3n. El procedimiento de legalizaci\u00f3n. La reposici\u00f3n de la realidad f\u00edsica alterada. El procedimiento sancionador. Las ordenes de ejecuci\u00f3n.<br \/>\nTEMA 26; El libre acceso a las actividades de servicios y su ejercicio. Normativa Reguladora. Declaraci\u00f3n responsable, comunicaci\u00f3n previa y reg\u00edmenes de autorizaci\u00f3n: Concepto y procedencia. Los instrumentos de prevenci\u00f3n y control ambiental en la Ley 7\/2007, de 9 de julio, de Gesti\u00f3n Integrada de la Calidad Ambiental: Clases. La calificaci\u00f3n ambiental y la declaraci\u00f3n responsable de los efectos ambientales: Supuestos en los que proceden. Procedimiento de calificaci\u00f3n ambiental.<br \/>\nTEMA 27 ; Legislaci\u00f3n estatal y auton\u00f3mica en materia de transparencia, acceso a la informaci\u00f3n p\u00fablica, buen gobierno y reutilizaci\u00f3n de la informaci\u00f3n del sector p\u00fablico. Publicidad activa y derecho de acceso a la informaci\u00f3n p\u00fablica.<br \/>\nTEMA 28; Organizaci\u00f3n Municipal. \u00d3rganos necesarios y complementarios. Pleno. Junta de Gobierno Local. Comisiones informativas. Alcalde. Teniente Alcalde. R\u00e9gimen de Delegaciones.<br \/>\nTEMA 29; El presupuesto general de las entidades locales. Estructura presupuestaria. Elaboraci\u00f3n y aprobaci\u00f3n: especial referencia a las bases de ejecuci\u00f3n del presupuesto. La pr\u00f3rroga del presupuesto.<br \/>\nTEMA 30; La ejecuci\u00f3n del presupuesto de gastos e ingresos: Sus fases. Los pagos a justificar. Los anticipos de caja fija. Los gastos de car\u00e1cter plurianual. La tramitaci\u00f3n anticipada de gastos. Los proyectos de gastos. Los gastos con financiaci\u00f3n afectada: Especial referencia a las desviaciones de financiaci\u00f3n.<br \/>\nTEMA 31; La liquidaci\u00f3n del presupuesto. Tramitaci\u00f3n. Los remanentes de cr\u00e9dito. El resultado presupuestario. El remanente de tesorer\u00eda. La estabilidad presupuestaria y la sostenibilidad financiera. Regla de gastos y suministro de informaci\u00f3n financiera de las entidades locales La cuenta general de las entidades locales: contenido y tramitaci\u00f3n.<br \/>\nTEMA 32; R\u00e9gimen jur\u00eddico de la tesorer\u00eda. Concepto y funciones. Organizaci\u00f3n. La planificaci\u00f3n financiera.<br \/>\nTEMA 33; El control interno y eSIterno de la actividad econ\u00f3mico-financiera de las entidades locales y sus entes dependientes. La funci\u00f3n interventora: \u00e1mbito subjetivo, \u00e1mbito objetivo, modalidades. Especial referencia a los reparos. El Tribunal de Cuentas.<br \/>\nTEMA 34; Los recursos de las haciendas locales en el marco del Real Decreto legislativo 2\/2004, de 5 de marzo, por el que se aprueba el teSIto refundido de la Ley reguladora de las Haciendas Locales: de los municipios, las provincias y otras entidades locales. La imposici\u00f3n y ordenaci\u00f3n de tributos y el establecimiento de recursos no tributarios. Ordenanzas fiscales.<br \/>\nTEMA 35; La extinci\u00f3n de la obligaci\u00f3n tributaria. El pago: requisitos, medios de pago y efectos del pago. La imputaci\u00f3n de pagos. Consecuencias de la falta de pago y consignaci\u00f3n. Otras formas de eSItinci\u00f3n: La prescripci\u00f3n, la compensaci\u00f3n, la condonaci\u00f3n y la insolvencia.<br \/>\nTEMA 36; La recaudaci\u00f3n de los tributos. \u00d3rganos de recaudaci\u00f3n. El procedimiento de recaudaci\u00f3n en per\u00edodo voluntario. Las entidades colaboradoras. El procedimiento de recaudaci\u00f3n en v\u00eda de apremio: Desarrollo del procedimiento de apremio.<br \/>\nTEMA 37; El impuesto sobre bienes inmuebles. El impuesto sobre actividades econ\u00f3micas. El impuesto sobre construcciones, instalaciones y obras. El impuesto sobre veh\u00edculos de tracci\u00f3n mec\u00e1nica. El impuesto sobre el incremento de valor de los terrenos de naturaleza urbana.<br \/>\nTEMA 38; Tasas y precios p\u00fablicos: Principales diferencias. Las contribuciones especiales.<br \/>\nTEMA 39; R\u00e9gimen General de las elecciones locales.<br \/>\nTEMA 40; Legislaci\u00f3n sectorial aplicable en el \u00e1mbito local. Seguridad P\u00fablica. Consumo. Urbanismo. Espect\u00e1culos p\u00fablicos y actividades recreativas.<br \/>\nTEMA 41; La Ley Org\u00e1nica 3\/2007, de 22 de marzo, para la igualdad efectiva de mujeres y hombres. La Ley Org\u00e1nica 1\/2004, de 28 de diciembre, de Medidas de Protecci\u00f3n Integral contra la Violencia de G\u00e9nero y normativa de la Comunidad Aut\u00f3noma.<\/p>\n<p>M\u00f3dulo Ofim\u00e1tica<\/p>\n<p>Tema 1. Ofim\u00e1tica: Tipos de programas y aplicaciones m\u00e1s usuales. Microsoft Office: Word, ESIcel y Access: caracter\u00edsticas, generalidades, formato, ventanas, v\u00ednculos, gr\u00e1ficos y base de datos.<\/p>\n","protected":false},"excerpt":{"rendered":"<p>M\u00f3dulo Derecho Tema 1: La Constituci\u00f3n espa\u00f1ola (1). Estructura. El t\u00edtulo Preliminar. Derechos y Deberes fundamentales. TEMA 2: La Constituci\u00f3n espa\u00f1ola (2). La Corona. El Congreso de los Diputados y el Senado. El gobierno y la administraci\u00f3n. El Poder Judicial. TEMA 3: La Constituci\u00f3n espa\u00f1ola (3). La organizaci\u00f3n territorial de estado: Principios generales. La Administraci\u00f3n&hellip;&nbsp;<a href=\"https:\/\/camonclass.com\/tienda\/formacion\/administrativo-corporaciones-locales\/\" rel=\"bookmark\">Leer m\u00e1s &raquo;<span class=\"screen-reader-text\">Administrativo Corporaciones locales<\/span><\/a><\/p>\n","protected":false},"featured_media":597,"comment_status":"open","ping_status":"closed","template":"","meta":{"neve_meta_sidebar":"","neve_meta_container":"","neve_meta_enable_content_width":"off","neve_meta_content_width":70,"neve_meta_title_alignment":"","neve_meta_author_avatar":"","neve_post_elements_order":"","neve_meta_disable_header":"","neve_meta_disable_footer":"","neve_meta_disable_title":""},"product_brand":[],"product_cat":[22,43],"product_tag":[],"class_list":{"0":"post-868","1":"product","2":"type-product","3":"status-publish","4":"has-post-thumbnail","6":"product_cat-cursos","7":"product_cat-oposiciones","9":"first","10":"instock","11":"sold-individually","12":"shipping-taxable","13":"purchasable","14":"product-type-simple"},"_links":{"self":[{"href":"https:\/\/camonclass.com\/tienda\/wp-json\/wp\/v2\/product\/868","targetHints":{"allow":["GET"]}}],"collection":[{"href":"https:\/\/camonclass.com\/tienda\/wp-json\/wp\/v2\/product"}],"about":[{"href":"https:\/\/camonclass.com\/tienda\/wp-json\/wp\/v2\/types\/product"}],"replies":[{"embeddable":true,"href":"https:\/\/camonclass.com\/tienda\/wp-json\/wp\/v2\/comments?post=868"}],"wp:featuredmedia":[{"embeddable":true,"href":"https:\/\/camonclass.com\/tienda\/wp-json\/wp\/v2\/media\/597"}],"wp:attachment":[{"href":"https:\/\/camonclass.com\/tienda\/wp-json\/wp\/v2\/media?parent=868"}],"wp:term":[{"taxonomy":"product_brand","embeddable":true,"href":"https:\/\/camonclass.com\/tienda\/wp-json\/wp\/v2\/product_brand?post=868"},{"taxonomy":"product_cat","embeddable":true,"href":"https:\/\/camonclass.com\/tienda\/wp-json\/wp\/v2\/product_cat?post=868"},{"taxonomy":"product_tag","embeddable":true,"href":"https:\/\/camonclass.com\/tienda\/wp-json\/wp\/v2\/product_tag?post=868"}],"curies":[{"name":"wp","href":"https:\/\/api.w.org\/{rel}","templated":true}]}}