{"id":869,"date":"2022-07-25T16:38:54","date_gmt":"2022-07-25T16:38:54","guid":{"rendered":"https:\/\/camonclass.vertice.org\/formacion\/auxiliar-administrativo-corporaciones-locales\/"},"modified":"2022-07-26T07:47:42","modified_gmt":"2022-07-26T07:47:42","slug":"auxiliar-administrativo-corporaciones-locales","status":"publish","type":"product","link":"https:\/\/camonclass.com\/tienda\/formacion\/auxiliar-administrativo-corporaciones-locales\/","title":{"rendered":"Auxiliar Administrativo Corporaciones locales"},"content":{"rendered":"<p>M\u00f3dulo Derecho<\/p>\n<p>TEMA 1. La Constituci\u00f3n Espa\u00f1ola de 1978: Estructura y principios generales. Los derechos fundamentales en la Constituci\u00f3n espa\u00f1ola.<br \/>\nTEMA 2 La Monarqu\u00eda Parlamentaria. Las Cortes Generales. El Gobierno y la Administraci\u00f3n. El Poder Judicial.<br \/>\nTEMA 3 La organizaci\u00f3n territorial del Estado. Los Estatutos de Autonom\u00eda, con especial referencia al de Andaluc\u00eda<br \/>\nTEMA 4 El municipio. Territorio y poblaci\u00f3n. Competencias. R\u00e9gimen de Organizaci\u00f3n de los municipios de gran poblaci\u00f3n. La provincia.<br \/>\nTEMA 5 Sometimiento de la Administraci\u00f3n a la ley y al derecho. Fuentes del derecho administrativo: Especial referencia a la ley y los reglamentos. La potestad reglamentaria en la esfera local: Ordenanzas, reglamentos y bandos; procedimiento de elaboraci\u00f3n y aprobaci\u00f3n.<br \/>\nTEMA 6 Procedimiento Administrativo Com\u00fan de las AA. PP. Disposiciones generales. Los interesados en el procedimiento. La capacidad de obrar y el concepto de interesado. Identificaci\u00f3n y firma de los interesados en el procedimiento. La actividad de las AA. PP. Normas Generales de actuaci\u00f3n de las AA. PP. T\u00e9rminos y plazos<br \/>\nTEMA 7 Los actos administrativos: Concepto. Elementos. Clases. Requisitos de los actos admi-nistrativos. Eficacia de los actos administrativos: El principio de autotutela declarativa. La coacci\u00f3n administrativa directa. La v\u00eda de hecho.<br \/>\nTEMA 8 La notificaci\u00f3n: contenido, plazo y pr\u00e1ctica en papel y a trav\u00e9s de medios electr\u00f3nicos. La notificaci\u00f3n infructuosa. La publicaci\u00f3n.<br \/>\nTEMA 9 Nulidad y anulabilidad de los actos administrativos: Supuestos. L\u00edmites. Conservaci\u00f3n de los actos y convalidaci\u00f3n. Correcci\u00f3n de errores materiales y\/o aritm\u00e9ticos.<br \/>\nTEMA 10 Disposiciones sobre el procedimiento administrativo com\u00fan. Garant\u00edas del procedimiento. Iniciaci\u00f3n del procedimiento de oficio por la administraci\u00f3n y a solicitud del interesado. Ordenaci\u00f3n. Instrucci\u00f3n del procedimiento, con especial referencia a prueba e informes. Participaci\u00f3n de los interesados. La finalizaci\u00f3n del procedimiento. La resoluci\u00f3n. Finalizaci\u00f3n anormal del procedimiento. El silencio administrativo.<br \/>\nTEMA 11: Pol\u00edticas Sociales: Igualdad de G\u00e9nero. Normativa vigente. Discapacidad y Dependencia: regulaci\u00f3n jur\u00eddica.<br \/>\nTEMA 12.Introducci\u00f3n a la Prevenci\u00f3n de Riesgos Laborales. Concepto general de trabajo. Concepto de salud y condiciones de trabajo. El trabajo y la salud. Concepto general de riesgos Laborales. Principios generales de la actividad preventiva. Conceptos de prevenci\u00f3n y protecci\u00f3n. Consecuencia de los riesgos. Da\u00f1os a la salud.<br \/>\nTEMA 13. Singularidades del procedimiento en el \u00e1mbito local. El registro de entrada y salida de documentos. Funcionamiento de los \u00f3rganos colegiados locales; r\u00e9gimen de sesiones y acuerdos. Actas y certificaciones de acuerdos. Las resoluciones del Presidente de la Corporaci\u00f3n.<br \/>\nTEMA 14. El personal al servicio de las entidades locales: Concepto y clases. Derechos, deberes, incompatibilidades, r\u00e9gimen disciplinario y situaciones administrativas.<br \/>\nTEMA 15. Las Haciendas Locales. Clasificaci\u00f3n de los ingresos. Las ordenanzas fiscales.<br \/>\nTEMA 16. Los presupuestos de las entidades locales. Principios, integraci\u00f3n y documentos de que constan. Proceso de aprobaci\u00f3n del presupuesto local. Principios generales de ejecuci\u00f3n del presupuesto. Modificaciones presupuestarias.<br \/>\nTEMA 17 El expediente electr\u00f3nico. El documento electr\u00f3nico. La sede electr\u00f3nica<br \/>\nTEMA 18 La Ley de Protecci\u00f3n de Datos y la Ley de Transparencia. Transparencia activa y pasiva<br \/>\nTEMA 19 La calidad en la Administraci\u00f3n. Habilidades sociales y t\u00e9cnicas de comunicaci\u00f3n<br \/>\nTEMA 20: La Ley 40\/ 2015, de 1 de octubre, del r\u00e9gimen jco. del sector P\u00fablico ( 1). Estructura. Disposiciones generales, principios de actuaci\u00f3n y funcionamiento del sector p\u00fablico. Los \u00f3rganos de las Administraciones P\u00fablicas.<br \/>\nTEMA 21: La ley 40\/ 2015, de 1 de octubre, del R\u00e9gimen Jco del sector P\u00fablico (2). Principios de la potestad sancionadora. Responsabilidad patrimonial de las Administraciones P\u00fablicas y de las autoridades y personal a su servicio. Funcionamiento electr\u00f3nico del Sector P\u00fablico.<br \/>\nTEMA 22: La Ley 40\/2105, de 1 de octubre, del r\u00e9gimen jur\u00eddico del sector p\u00fablico (3). Los convenios. El sector p\u00fablico institucional: Entidades que lo integran, principios generales de actuaci\u00f3n, inventario de Entidades del Sector P\u00fablico estatal, Auton\u00f3mico y Local. Los consorcios. Principios generales de las relaciones interadministrativas. El deber de colaboraci\u00f3n.<br \/>\nTEMA 23; La Ley 9\/2017, de 8 de noviembre, de Contratos del Sector P\u00fablico, por la que se transponen al ordenamiento jur\u00eddico espa\u00f1ol las Directivas del Parlamento Europeo y del consejo 2014\/23\/UE y 2014\/24\/UE, de 26 de febrero de 2014: Estructura. Delimitaci\u00f3n de los tipos contractuales. Contratos sujetos a regulaci\u00f3n armonizada. Noci\u00f3n de las partes del contrato. Las garant\u00edas a prestar en los contratos celebrados con las administraciones p\u00fablicas.<\/p>\n<p>M\u00f3dulo Inform\u00e1tica<\/p>\n<p>TEmA 1: La aplicaci\u00f3n de tratamiento de textos 1<br \/>\nTEMA 2: Configuraci\u00f3n, visualizaci\u00f3n e impresi\u00f3n de documentos en diferentes soportes.<br \/>\nTEMA 3: Utilizaci\u00f3n de las diferentes posibilidades para mejorar el aspecto del texto<br \/>\nTEMA 4: Creaci\u00f3n de tablas sencillas, uso y manejo<br \/>\nTema 5. Inform\u00e1tica b\u00e1sica<br \/>\nTEMA 6: Sistema Operativos de Windows<br \/>\nTEMA 7: Internet y correo electr\u00f3nico<br \/>\nTEMA 8: Dise\u00f1o, organizaci\u00f3n y archivo de las presentaciones gr\u00e1ficas.<br \/>\nTEMA 9: Utilizaci\u00f3n de objetos en las presentaciones gr\u00e1ficas.<br \/>\nTEMA 10: La hoja electr\u00f3nica de c\u00e1lculo. Las bases de datos: EXCEL<\/p>\n<p>M\u00f3dulo Ortograf\u00eda<\/p>\n<p>BI.1. Introducci\u00f3n a la ortograf\u00eda. Reglas de la b y la v.<br \/>\nBI.2. Reglas de la g y la j, y la c, la z y la s.<br \/>\nBI.3 Reglas de la m y la n, la r y la rr, y la x.<br \/>\nBI.4. Reglas de la ll y la y, la k y la q, y la h.<br \/>\nBII.1. Introducci\u00f3n y aspectos formales. Uso de la may\u00fascula<br \/>\nBII.2 Uso de la may\u00fascula inicial no exigido por la puntuaci\u00f3n.<br \/>\nBII.3 Uso de la may\u00fascula inicial exigido por la puntuaci\u00f3n.<br \/>\nBIII.1 Introducci\u00f3n. Uso del punto y de la coma.<br \/>\nBIII.2 Uso del punto y coma, de los dos puntos y de los puntos.<br \/>\nBIII.3 Uso de los signos de interrogaci\u00f3n y exclamaci\u00f3n.<br \/>\nBIII.4 Uso de las comillas y del gui\u00f3n<br \/>\nBIII.5 Uso de la di\u00e9resis, la barra, el ap\u00f3strofo y el asterisco.<br \/>\nB. IV. I Introducci\u00f3n. Reglas de acentuaci\u00f3n b\u00e1sicas<br \/>\nB. IV.II Diptongos, triptongos e hiatos<br \/>\nB. IV.III La tilde diacr\u00edtica y la acentuaci\u00f3n de los monos\u00edlabos<br \/>\nB. V.I Introducci\u00f3n al l\u00e9xico espa\u00f1ol y heredado.<br \/>\nB. V.II Lexico adquirido: prestamos<br \/>\nB. V.III L\u00e9xico inventado y formaci\u00f3n de palabras: composici\u00f3n<br \/>\nB. V.IV Derivaci\u00f3n. Afijos<br \/>\nB. V.V Paras\u00edntesis, acortamiento, abreviaturas, siglas y acronimia<br \/>\nB. V. VI Problemas relativos al g\u00e9nero y al n\u00famero<br \/>\nB. V.VII Los plurales en -\u00fa y en -\u00ed, los plurales latinos<br \/>\nB. V.VIII Confusiones por similitud fon\u00e9tica<\/p>\n","protected":false},"excerpt":{"rendered":"<p>M\u00f3dulo Derecho TEMA 1. La Constituci\u00f3n Espa\u00f1ola de 1978: Estructura y principios generales. Los derechos fundamentales en la Constituci\u00f3n espa\u00f1ola. TEMA 2 La Monarqu\u00eda Parlamentaria. Las Cortes Generales. El Gobierno y la Administraci\u00f3n. El Poder Judicial. TEMA 3 La organizaci\u00f3n territorial del Estado. Los Estatutos de Autonom\u00eda, con especial referencia al de Andaluc\u00eda TEMA 4&hellip;&nbsp;<a href=\"https:\/\/camonclass.com\/tienda\/formacion\/auxiliar-administrativo-corporaciones-locales\/\" rel=\"bookmark\">Leer m\u00e1s &raquo;<span class=\"screen-reader-text\">Auxiliar Administrativo Corporaciones locales<\/span><\/a><\/p>\n","protected":false},"featured_media":633,"comment_status":"open","ping_status":"closed","template":"","meta":{"neve_meta_sidebar":"","neve_meta_container":"","neve_meta_enable_content_width":"off","neve_meta_content_width":70,"neve_meta_title_alignment":"","neve_meta_author_avatar":"","neve_post_elements_order":"","neve_meta_disable_header":"","neve_meta_disable_footer":"","neve_meta_disable_title":""},"product_brand":[],"product_cat":[22,43],"product_tag":[],"class_list":{"0":"post-869","1":"product","2":"type-product","3":"status-publish","4":"has-post-thumbnail","6":"product_cat-cursos","7":"product_cat-oposiciones","9":"first","10":"instock","11":"sold-individually","12":"shipping-taxable","13":"purchasable","14":"product-type-simple"},"_links":{"self":[{"href":"https:\/\/camonclass.com\/tienda\/wp-json\/wp\/v2\/product\/869","targetHints":{"allow":["GET"]}}],"collection":[{"href":"https:\/\/camonclass.com\/tienda\/wp-json\/wp\/v2\/product"}],"about":[{"href":"https:\/\/camonclass.com\/tienda\/wp-json\/wp\/v2\/types\/product"}],"replies":[{"embeddable":true,"href":"https:\/\/camonclass.com\/tienda\/wp-json\/wp\/v2\/comments?post=869"}],"wp:featuredmedia":[{"embeddable":true,"href":"https:\/\/camonclass.com\/tienda\/wp-json\/wp\/v2\/media\/633"}],"wp:attachment":[{"href":"https:\/\/camonclass.com\/tienda\/wp-json\/wp\/v2\/media?parent=869"}],"wp:term":[{"taxonomy":"product_brand","embeddable":true,"href":"https:\/\/camonclass.com\/tienda\/wp-json\/wp\/v2\/product_brand?post=869"},{"taxonomy":"product_cat","embeddable":true,"href":"https:\/\/camonclass.com\/tienda\/wp-json\/wp\/v2\/product_cat?post=869"},{"taxonomy":"product_tag","embeddable":true,"href":"https:\/\/camonclass.com\/tienda\/wp-json\/wp\/v2\/product_tag?post=869"}],"curies":[{"name":"wp","href":"https:\/\/api.w.org\/{rel}","templated":true}]}}