{"id":870,"date":"2022-07-25T16:38:54","date_gmt":"2022-07-25T16:38:54","guid":{"rendered":"https:\/\/camonclass.vertice.org\/formacion\/auxiliar-administrativo-junta-andalucia\/"},"modified":"2022-07-26T07:48:00","modified_gmt":"2022-07-26T07:48:00","slug":"auxiliar-administrativo-junta-andalucia","status":"publish","type":"product","link":"https:\/\/camonclass.com\/tienda\/formacion\/auxiliar-administrativo-junta-andalucia\/","title":{"rendered":"Auxiliar Administrativo Junta Andaluc\u00eda"},"content":{"rendered":"<p>\u00c1rea Jur\u00eddico Administrativa<\/p>\n<p>TEMA 1. La Constituci\u00f3n Espa\u00f1ola de 1978. Valores superiores y principios inspiradores. Derechos y libertades. Garant\u00edas y casos de suspensi\u00f3n.<br \/>\nTEMA 2 Organizaci\u00f3n territorial del Estado la Comunidades Aut\u00f3nomas. Fundamento constitucional. Los Estatutos de Autonom\u00eda. Delimitaci\u00f3n de las funciones y competencias del Estado y de las Comunidades Aut\u00f3nomas. La Administraci\u00f3n Local: Tipolog\u00eda de los Entes Locales.<br \/>\nTEMA 3 . La Comunidad Aut\u00f3noma de Andaluc\u00eda: Antecedentes hist\u00f3rico-culturales. El Estatuto de Autonom\u00eda para Andaluc\u00eda: Fundamento, estructura y contenido b\u00e1sico. Competencias de la Comunidad Aut\u00f3noma. Reforma del Estatuto<br \/>\nTEMA 4: Organizaci\u00f3n Institucional de la Comunidad Aut\u00f3noma de Andaluc\u00eda. El Parlamento de Andaluc\u00eda. El Presidente de la Junta de Andaluc\u00eda y el Consejo de Gobierno. El Poder Judicial en Andaluc\u00eda. Otras Instituciones de autogobierno.<br \/>\nTEMA 5: Organizaci\u00f3n de la Administraci\u00f3n de la Junta de Andaluc\u00eda: principios de organizaci\u00f3n, actuaci\u00f3n y atenci\u00f3n ciudadana. Organizaci\u00f3n central y territorial de la Administraci\u00f3n de la Junta de Andaluc\u00eda. Entidades instrumentales de la Administraci\u00f3n de la Junta de Andaluc\u00eda.<br \/>\nTEMA 6 El Derecho Administrativo. La Ley. El Reglamento. El acto administrativo. La forma de los actos administrativos. La motivaci\u00f3n, la notificaci\u00f3n y la publicaci\u00f3n. Eficacia y validez de los actos administrativos. Los recursos administrativos.<br \/>\nTEMA 7 El procedimiento administrativo com\u00fan: Los principios generales. Las fases del procedimiento. Derechos de los interesados en el procedimiento.<br \/>\nTEMA 8 Normativa sobre Igualdad y de G\u00e9nero. Igualdad de G\u00e9nero: conceptos generales. Violencia de g\u00e9nero: conceptos generales. Publicidad institucional e imagen p\u00fablica no sexista.<br \/>\nTEMA 9 La Igualdad de G\u00e9nero en las Pol\u00edticas P\u00fablicas: concepto de enfoque de g\u00e9nero y transversalidad. La integraci\u00f3n de la transversalidad en la Junta de Andaluc\u00eda.<br \/>\nTEMA 10 El presupuesto de la Comunidad Aut\u00f3noma de Andaluc\u00eda. Concepto y estructura. Fases del ciclo presupuestario. La ejecuci\u00f3n del presupuesto de la Comunidad Aut\u00f3noma: el procedimiento general, fases, \u00f3rganos competentes y documentos contables.<br \/>\nTEMA 11 La funci\u00f3n p\u00fablica en la Administraci\u00f3n de la Junta de Andaluc\u00eda. Adquisici\u00f3n y p\u00e9rdida de la relaci\u00f3n de servicio en la Administraci\u00f3n General de la Junta de Andaluc\u00eda. La carrera profesional y la promoci\u00f3n interna. La provisi\u00f3n de puestos de trabajo. Situaciones administrativas. Derechos y deberes de los empleados p\u00fablicos. R\u00e9gimen disciplinario.<br \/>\nTEMA 12 . El sistema espa\u00f1ol de Seguridad Social. El r\u00e9gimen general. Afiliaci\u00f3n de trabajadores: altas, bajas, forma de practicarse y plazos. Cotizaci\u00f3n: bases y tipos. La recaudaci\u00f3n de cuotas. Otros reg\u00edmenes de previsi\u00f3n social del personal al servicio de la Junta de Andaluc\u00eda.<\/p>\n<p>\u00c1rea Organizaci\u00f3n y Gesti\u00f3n Administrativa<\/p>\n<p>TEMA 13. La comunicaci\u00f3n. Elementos de la comunicaci\u00f3n. Tipos de comunicaci\u00f3n: verbal; canales de transmisi\u00f3n no verbal. La atenci\u00f3n al p\u00fablico.<br \/>\nTEMA 14. Las relaciones de la ciudadan\u00eda con la Junta de Andaluc\u00eda; derechos de informaci\u00f3n, petici\u00f3n y participaci\u00f3n. Medios y canales de relaci\u00f3n: servicios de informaci\u00f3n y atenci\u00f3n a los ciudadanos, transparencia y acceso a la informaci\u00f3n p\u00fablica. Acceso electr\u00f3nico de los ciudadanos a los servicios p\u00fablicos. Las sugerencias y reclamaciones: recepci\u00f3n, registro, tramitaci\u00f3n y gesti\u00f3n.<br \/>\nTEMA 15. Documentos de la Administraci\u00f3n de la Junta de Andaluc\u00eda. Tipos, identidad e imagen corporativa en dise\u00f1o y composici\u00f3n de textos, recomendaciones de estilo y uso no sexista del lenguaje administrativo. Los sellos oficiales: tipos normalizados, normas de uso y control. Documentos de los ciudadanos: tipos.<br \/>\nTEMA 16. La gesti\u00f3n de documentos en la Administraci\u00f3n de la Junta de Andaluc\u00eda. Documentos originales y copias. El desglose de los documentos originales y formaci\u00f3n de expedientes. Los registros administrativos: presentaci\u00f3n y tramitaci\u00f3n. La identidad corporativa.<br \/>\nTEMA 17. El archivo. Concepto. Tipos de archivos. Organizaci\u00f3n del archivo. Centralizaci\u00f3n o descentralizaci\u00f3n del archivo. Normas de seguridad y acceso a los archivos. El proceso de archivo. El archivo de los documentos administrativos.<br \/>\nTEMA 18. La protecci\u00f3n de datos. Regulaci\u00f3n legal. Principios de la protecci\u00f3n de datos. Ficheros de titularidad p\u00fablica. Infracciones y sanciones. Datos especialmente protegidos. El derecho de acceso a los archivos. Limitaciones y formas de acceso. La Agencia de Protecci\u00f3n de Datos y el Registro de Protecci\u00f3n de Datos.<br \/>\nTEMA 19. La calidad. Concepto de calidad. Calidad del servicio y calidad percibida por el cliente. Medici\u00f3n de la calidad y costes de la no calidad. Evaluaci\u00f3n de la calidad de los servicios. Definici\u00f3n y finalidad. Modalidades de evaluaci\u00f3n. Las Cartas de Servicios. Definici\u00f3n. Estructura y contenido. Elaboraci\u00f3n, aprobaci\u00f3n, publicaci\u00f3n, divulgaci\u00f3n y actualizaci\u00f3n. Seguimiento y suspensi\u00f3n. Competencias en materia de calidad.<\/p>\n<p>\u00c1rea Inform\u00e1tica<\/p>\n<p>TEMA 20. Sistemas Inform\u00e1ticos: Conceptos fundamentales. El Hardware. Componentes de un ordenador. Los Perif\u00e9ricos. Redes de \u00c1rea Local. Almacenamiento de Datos: Conceptos fundamentales y tipos de dispositivos. Operaciones b\u00e1sicas de mantenimiento. Nociones b\u00e1sicas de seguridad inform\u00e1tica. Los Sistemas Operativos: especial referencia a Windows y Guadalinex. Trabajo en el entorno gr\u00e1fico. El explorador de Ficheros. Gesti\u00f3n de carpetas y archivos. Las herramientas del sistema.<br \/>\nTEMA 21. Sistemas Ofim\u00e1ticos. Procesadores de Texto: Principales funciones y utilidades. Creaci\u00f3n y estructuraci\u00f3n de documentos y plantillas. Manejo e impresi\u00f3n de ficheros. Hojas de c\u00e1lculo: Principales funciones y utilidades. 4 Libros, hojas y celdas. Introducci\u00f3n y edici\u00f3n de datos. F\u00f3rmulas y funciones. Gr\u00e1ficos. Gesti\u00f3n de datos. Otras aplicaciones ofim\u00e1ticas.<br \/>\nTEMA 22. Redes de Comunicaciones e Internet: Conceptos elementales. Navegadores. B\u00fasquedas de informaci\u00f3n. Servicios en la Red. El correo electr\u00f3nico: Conceptos elementales y funcionamiento. La Administraci\u00f3n Electr\u00f3nica en la Junta de Andaluc\u00eda. Servicios Telem\u00e1ticos al ciudadano. Normativa de los empleados p\u00fablicos en el uso de los sistemas inform\u00e1ticos y redes de comunicaciones de la Administraci\u00f3n de la Junta de Andaluc\u00eda.<\/p>\n","protected":false},"excerpt":{"rendered":"<p>\u00c1rea Jur\u00eddico Administrativa TEMA 1. La Constituci\u00f3n Espa\u00f1ola de 1978. Valores superiores y principios inspiradores. Derechos y libertades. Garant\u00edas y casos de suspensi\u00f3n. TEMA 2 Organizaci\u00f3n territorial del Estado la Comunidades Aut\u00f3nomas. Fundamento constitucional. Los Estatutos de Autonom\u00eda. Delimitaci\u00f3n de las funciones y competencias del Estado y de las Comunidades Aut\u00f3nomas. La Administraci\u00f3n Local: Tipolog\u00eda&hellip;&nbsp;<a href=\"https:\/\/camonclass.com\/tienda\/formacion\/auxiliar-administrativo-junta-andalucia\/\" rel=\"bookmark\">Leer m\u00e1s &raquo;<span class=\"screen-reader-text\">Auxiliar Administrativo Junta Andaluc\u00eda<\/span><\/a><\/p>\n","protected":false},"featured_media":633,"comment_status":"open","ping_status":"closed","template":"","meta":{"neve_meta_sidebar":"","neve_meta_container":"","neve_meta_enable_content_width":"off","neve_meta_content_width":70,"neve_meta_title_alignment":"","neve_meta_author_avatar":"","neve_post_elements_order":"","neve_meta_disable_header":"","neve_meta_disable_footer":"","neve_meta_disable_title":""},"product_brand":[],"product_cat":[22,43],"product_tag":[],"class_list":{"0":"post-870","1":"product","2":"type-product","3":"status-publish","4":"has-post-thumbnail","6":"product_cat-cursos","7":"product_cat-oposiciones","9":"first","10":"instock","11":"sold-individually","12":"shipping-taxable","13":"purchasable","14":"product-type-simple"},"_links":{"self":[{"href":"https:\/\/camonclass.com\/tienda\/wp-json\/wp\/v2\/product\/870","targetHints":{"allow":["GET"]}}],"collection":[{"href":"https:\/\/camonclass.com\/tienda\/wp-json\/wp\/v2\/product"}],"about":[{"href":"https:\/\/camonclass.com\/tienda\/wp-json\/wp\/v2\/types\/product"}],"replies":[{"embeddable":true,"href":"https:\/\/camonclass.com\/tienda\/wp-json\/wp\/v2\/comments?post=870"}],"wp:featuredmedia":[{"embeddable":true,"href":"https:\/\/camonclass.com\/tienda\/wp-json\/wp\/v2\/media\/633"}],"wp:attachment":[{"href":"https:\/\/camonclass.com\/tienda\/wp-json\/wp\/v2\/media?parent=870"}],"wp:term":[{"taxonomy":"product_brand","embeddable":true,"href":"https:\/\/camonclass.com\/tienda\/wp-json\/wp\/v2\/product_brand?post=870"},{"taxonomy":"product_cat","embeddable":true,"href":"https:\/\/camonclass.com\/tienda\/wp-json\/wp\/v2\/product_cat?post=870"},{"taxonomy":"product_tag","embeddable":true,"href":"https:\/\/camonclass.com\/tienda\/wp-json\/wp\/v2\/product_tag?post=870"}],"curies":[{"name":"wp","href":"https:\/\/api.w.org\/{rel}","templated":true}]}}