{"id":871,"date":"2022-07-25T16:38:54","date_gmt":"2022-07-25T16:38:54","guid":{"rendered":"https:\/\/camonclass.vertice.org\/formacion\/administrativo-junta-andalucia\/"},"modified":"2022-07-26T07:48:17","modified_gmt":"2022-07-26T07:48:17","slug":"administrativo-junta-andalucia","status":"publish","type":"product","link":"https:\/\/camonclass.com\/tienda\/formacion\/administrativo-junta-andalucia\/","title":{"rendered":"Administrativo Junta Andaluc\u00eda"},"content":{"rendered":"<p>\u00c1rea Jur\u00eddico Administrativa<\/p>\n<p>Tema 1. La Constituci\u00f3n Espa\u00f1ola de 1978: Valores superiores y principios inspiradores. Derechos y libertades. Garant\u00edas y casos de suspensi\u00f3n.<br \/>\nTEMA 2 Los \u00f3rganos constitucionales. La Corona. Las Cortes Generales. El Congreso de los Diputados y el Senado: Composici\u00f3n y funciones. El Gobierno. El Poder Judicial. El Tribunal Constitucional. El Tribunal de Cuentas. El Defensor del Pueblo.<br \/>\nTEMA 3. Organizaci\u00f3n territorial del Estado la Comunidades Aut\u00f3nomas. Fundamento constitucional. Los Estatutos de Autonom\u00eda. Delimitaci\u00f3n de las funciones y competencias del Estado y de las Comunidades Aut\u00f3nomas. La Administraci\u00f3n Local: Tipolog\u00eda de los Entes Locales.<br \/>\nTEMA 4. Los Tratados originarios y modificativos de las Comunidades Europeas. Instituciones y \u00f3rganos de la Uni\u00f3n Europea. Competencias de la Uni\u00f3n Europea. La representaci\u00f3n de la Junta de Andaluc\u00eda ante la Uni\u00f3n Europea. El Derecho comunitario y sus distintas fuentes.<br \/>\nTEMA 5 La Comunidad Aut\u00f3noma de Andaluc\u00eda: Antecedentes hist\u00f3rico-culturales. El Estatuto de Autonom\u00eda para Andaluc\u00eda: Fundamento, estructura y contenido b\u00e1sico. Competencias de la Comunidad Aut\u00f3noma. Reforma del Estatuto.<br \/>\nTEMA 6 Organizaci\u00f3n Institucional de la Comunidad Aut\u00f3noma de Andaluc\u00eda. El Parlamento de Andaluc\u00eda. El Presidente de la Junta de Andaluc\u00eda y el Consejo de Gobierno. El Poder Judicial en Andaluc\u00eda. Otras Instituciones de autogobierno.<br \/>\nTEMA 7 Organizaci\u00f3n de la Administraci\u00f3n de la Junta: principios de organizaci\u00f3n, actuaci\u00f3n y atenci\u00f3n ciudadana. Organizaci\u00f3n central y territorial de la Administraci\u00f3n de la Junta de Andaluc\u00eda. Entidades instrumentales de la Administraci\u00f3n de la Junta de Andaluc\u00eda.<br \/>\nTEMA 8. Fuentes del Derecho Administrativo: Clasificaci\u00f3n. Jerarqu\u00eda normativa. La Ley: Concepto y clases. Disposiciones del Ejecutivo con fuerza de Ley. El Reglamento: Concepto y clasificaci\u00f3n. La potestad reglamentaria: Fundamento titularidad y l\u00edmites. Procedimiento de elaboraci\u00f3n de los Reglamentos.<br \/>\nTEMA 9. Los \u00f3rganos administrativos: Concepto y clases. La competencia: Clases y criterios de delimitaci\u00f3n. El acto administrativo: Concepto, clases y elementos. La forma de los actos administrativos: La motivaci\u00f3n, la notificaci\u00f3n y la publicaci\u00f3n. R\u00e9gimen jur\u00eddico del silencio administrativo. Eficacia, validez y revisi\u00f3n de oficio de los actos administrativos.<br \/>\nTEMA 10 El procedimiento administrativo com\u00fan: Principios generales. Las fases del procedimiento. Derechos del interesado en el procedimiento. Derechos de las personas en sus relaciones con las Administraciones P\u00fablicas. Abstenci\u00f3n y recusaci\u00f3n. Las especialidades del procedimiento administrativo.<br \/>\nTEMA 11. Los recursos administrativos: Principios generales. Recurso de alzada. Recurso potestativo de reposici\u00f3n. Recurso extraordinario de revisi\u00f3n. La jurisdicci\u00f3n contencioso-administrativa: Concepto y naturaleza.<br \/>\nTEMA 12. Los contratos del Sector P\u00fablico. \u00c1mbito subjetivo. \u00c1mbito objetivo: tipificaci\u00f3n de los contratos del sector p\u00fablico. Elementos objetivos de los contratos: objeto, duraci\u00f3n, precio y cuant\u00eda. Elementos subjetivos de los contratos: las partes. \u00d3rganos de contrataci\u00f3n de la Administraci\u00f3n de la Junta de Andaluc\u00eda y sus entes instrumentales. Registros Oficiales.<br \/>\nTEMA 13. La responsabilidad patrimonial de la Administraci\u00f3n. Competencias de la Junta de Andaluc\u00eda. El procedimiento. La responsabilidad de las autoridades y del personal. Responsabilidad de la Administraci\u00f3n por actos de sus concesionarios y contratistas.<br \/>\nTEMA 14. Las propiedades administrativas: Clases. El Patrimonio de la Junta de Andaluc\u00eda: Bienes que lo integran. El dominio p\u00fablico de la Junta. Elementos y r\u00e9gimen jur\u00eddico. Prerrogativas. La utilizaci\u00f3n del dominio p\u00fablico.<br \/>\nTEMA 15. Normativa sobre Igualdad y de G\u00e9nero. Igualdad de G\u00e9nero: conceptos generales. Violencia de g\u00e9nero: conceptos generales. Publicidad institucional e imagen p\u00fablica no sexista.<br \/>\nTEMA 16. La Igualdad de G\u00e9nero en las Pol\u00edticas P\u00fablicas: concepto de enfoque de g\u00e9nero y transversalidad. La integraci\u00f3n de la transversalidad en la Junta de Andaluc\u00eda. Arquitectura de g\u00e9nero en la Junta de Andaluc\u00eda.<\/p>\n<p>\u00c1rea Gesti\u00f3n Financiera<\/p>\n<p>TEMA 17. El presupuesto: concepto. Los principios presupuestarios. El presupuesto por programas. El ciclo presupuestario: elaboraci\u00f3n, aprobaci\u00f3n y rendici\u00f3n de cuentas del presupuesto de la Comunidad Aut\u00f3noma de Andaluc\u00eda<br \/>\nTEMA 18. El presupuesto de la Comunidad Aut\u00f3noma de Andaluc\u00eda: estructura. Criterios de clasificaci\u00f3n de los cr\u00e9ditos presupuestarios. Las modificaciones presupuestarias. Ampliaciones de cr\u00e9dito. Generaciones de cr\u00e9dito. Transferencias de cr\u00e9dito. Incorporaciones de cr\u00e9dito.<br \/>\nTEMA 19. La ejecuci\u00f3n del presupuesto de gastos de la Comunidad Andaluza: el procedimiento general, fases, \u00f3rganos competentes y documentos contables. Los gastos plurianuales, los expedientes de tramitaci\u00f3n anticipada y la convalidaci\u00f3n de gastos. Las operaciones de cierre del ejercicio. Los pagos: concepto y clasificaci\u00f3n.<br \/>\nTEMA 20. Las retribuciones del personal al servicio de la Comunidad Aut\u00f3noma de Andaluc\u00eda. N\u00f3minas: estructura y normas de confecci\u00f3n. Procedimiento de elaboraci\u00f3n: formaci\u00f3n, tramitaci\u00f3n, aprobaci\u00f3n, control, contabilizaci\u00f3n y pago.<br \/>\nTEMA 21. Las subvenciones de la Comunidad Aut\u00f3noma de Andaluc\u00eda: concepto, clases y r\u00e9gimen jur\u00eddico. \u00d3rganos competentes para su concesi\u00f3n. Beneficiarios, requisitos y obligaciones. Bases reguladoras de la concesi\u00f3n. Abono y justificaci\u00f3n: control de su aplicaci\u00f3n. Reintegro.<br \/>\nTEMA 22. Gesti\u00f3n de expedientes de contrataci\u00f3n: preparaci\u00f3n, adjudicaci\u00f3n, modificaci\u00f3n y extinci\u00f3n. Los gastos contractuales. Los reajustes de anualidades y las tramitaciones de emergencia.<br \/>\nTEMA 23. La Tesorer\u00eda de la Comunidad Aut\u00f3noma de Andaluc\u00eda: cuentas generales y cuentas autorizadas. Las cuentas de gastos de funcionamiento: principios generales, libros necesarios y normas sobre su cumplimentaci\u00f3n y control. La justificaci\u00f3n de los gastos librados \u00aba justificar\u00bb y los librados en firme de \u00abjustificaci\u00f3n diferida\u00bb.<br \/>\nTEMA 24. El control de la actividad financiera de la Comunidad Aut\u00f3noma. Concepto y clases. El control interno: la funci\u00f3n interventora y sus modalidades, el control financiero y el control financiero permanente. La Intervenci\u00f3n General de la Junta de Andaluc\u00eda. El control externo: La C\u00e1mara de Cuentas y el control parlamentario.<\/p>\n<p>\u00c1rea Gesti\u00f3n de Personal<\/p>\n<p>TEMA 25. Regulaci\u00f3n jur\u00eddica de la funci\u00f3n p\u00fablica en la Administraci\u00f3n de la Junta de Andaluc\u00eda: normativa constitucional, regulaci\u00f3n b\u00e1sica estatal y legislaci\u00f3n de la Comunidad Aut\u00f3noma de Andaluc\u00eda. Clases de personal al servicio de las Administraciones P\u00fablicas. Las atribuciones org\u00e1nicas en materia de funci\u00f3n p\u00fablica en la Junta de Andaluc\u00eda.<br \/>\nTEMA 26. Adquisici\u00f3n y p\u00e9rdida de la relaci\u00f3n de servicio en la Administraci\u00f3n General de la Junta de Andaluc\u00eda. La carrera profesional y la promoci\u00f3n interna. La evaluaci\u00f3n del desempe\u00f1o. La provisi\u00f3n de puestos de trabajo. Situaciones administrativas.<br \/>\nTEMA 27. Derechos y deberes de los empleados p\u00fablicos. Derechos individuales y derechos individuales de ejercicio colectivo. Derechos retributivos. Vacaciones, permisos y licencias. Deberes de los funcionarios y el c\u00f3digo \u00e9tico. R\u00e9gimen disciplinario.<br \/>\nTEMA 28. El personal laboral. Singularidades del Derecho Laboral en su aplicaci\u00f3n al personal laboral al servicio de la Administraci\u00f3n P\u00fablica. El Convenio Colectivo del personal laboral al servicio de la Junta de Andaluc\u00eda.<br \/>\nTEMA 29. El sistema espa\u00f1ol de Seguridad Social. El r\u00e9gimen general. Afiliaci\u00f3n de trabajadores: altas, bajas, forma de practicarse y plazos. Cotizaci\u00f3n: bases y tipos. La recaudaci\u00f3n de cuotas. Otros reg\u00edmenes de previsi\u00f3n social del personal al servicio de la Junta de Andaluc\u00eda.<\/p>\n<p>\u00c1rea Organizaci\u00f3n y Gesti\u00f3n<\/p>\n<p>TEMA 30. La comunicaci\u00f3n. Elementos de la comunicaci\u00f3n. Tipos de comunicaci\u00f3n: verbal; canales de transmisi\u00f3n no verbal. La atenci\u00f3n al p\u00fablico.<br \/>\nTEMA 31. Las relaciones de la ciudadan\u00eda con la Junta de Andaluc\u00eda; derechos de informaci\u00f3n, petici\u00f3n y participaci\u00f3n. Medios y canales de relaci\u00f3n: servicios de informaci\u00f3n y atenci\u00f3n a los ciudadanos, transparencia y acceso a la informaci\u00f3n p\u00fablica. Acceso electr\u00f3nico de los ciudadanos a los servicios p\u00fablicos. Las sugerencias y reclamaciones: recepci\u00f3n, registro, tramitaci\u00f3n y gesti\u00f3n.<br \/>\nTEMA 32. Documentos de la Administraci\u00f3n de la Junta de Andaluc\u00eda. Tipos, identidad e imagen corporativa en dise\u00f1o y composici\u00f3n de textos, recomendaciones de estilo y uso no sexista del lenguaje administrativo. Los sellos oficiales: tipos normalizados, normas de uso y control. Documentos de los ciudadanos: tipos.<br \/>\nTEMA 33. La gesti\u00f3n de documentos en la Administraci\u00f3n de la Junta de Andaluc\u00eda. Documentos originales y copias. El desglose de los documentos originales y formaci\u00f3n de expedientes. Los registros administrativos: presentaci\u00f3n y tramitaci\u00f3n. La identidad Corporativa.<br \/>\nTEMA 34. El archivo. Concepto. Tipos de archivos. Organizaci\u00f3n del archivo. Centralizaci\u00f3n o descentralizaci\u00f3n del archivo. Normas de seguridad y acceso a los archivos. El proceso de archivo. El archivo de los documentos administrativos.<br \/>\nTEMA 35. La protecci\u00f3n de datos. Regulaci\u00f3n legal. Principios de la protecci\u00f3n de datos. Ficheros de titularidad p\u00fablica. Infracciones y sanciones. Datos especialmente protegidos. El derecho de acceso a los archivos. Limitaciones y formas de acceso. La Agencia de Protecci\u00f3n de Datos y el Registro de Protecci\u00f3n de Datos<br \/>\nTEMA 36. La calidad. Concepto de Calidad. Calidad del servicio y calidad percibida por el cliente. Medici\u00f3n de la calidad y costes de la no calidad. Evaluaci\u00f3n de la calidad de los servicios. Definici\u00f3n y finalidad. Modalidades de evaluaci\u00f3n. Las Cartas de Servicios. Definici\u00f3n. Estructura y contenido. Elaboraci\u00f3n, aprobaci\u00f3n, publicaci\u00f3n, divulgaci\u00f3n y actualizaci\u00f3n. Seguimiento y suspensi\u00f3n. Competencias en materia de calidad.<br \/>\nTEMA 37. Trabajo administrativo. T\u00e9cnicas de an\u00e1lisis para el estudio cualitativo del trabajo administrativo. M\u00e9todos estimativos para el estudio cuantitativo del trabajo administrativo. T\u00e9cnicas de simplificaci\u00f3n del trabajo administrativo empleados en la Administraci\u00f3n de la Junta de Andaluc\u00eda: \u00d3rganos especializados.<\/p>\n<p>\u00c1rea Tecnol\u00f3gica<\/p>\n<p>TEMA 38. Sistemas Inform\u00e1ticos: Conceptos fundamentales. El Hardware. Componentes de un ordenador. Los Perif\u00e9ricos. El Software y los Sistemas Operativos. Redes de \u00c1rea Local. Almacenamiento de Datos: conceptos fundamentales y tipos de dispositivos. Operaciones b\u00e1sicas de mantenimiento. Nociones b\u00e1sicas de seguridad inform\u00e1tica.<br \/>\nTEMA 39. Introducci\u00f3n a los Sistemas Operativos. Especial referencia a Windows y Guadalinex. Fundamentos. Trabajo en el entorno gr\u00e1fico. El escritorio y sus elementos. El explorador de Ficheros. Gesti\u00f3n de carpetas y archivos. Operaciones de b\u00fasqueda. Las herramientas del sistema. Formatos de ficheros.<br \/>\nTEMA 40. Sistemas Ofim\u00e1ticos: Procesadores de Texto. Principales funciones y utilidades. Creaci\u00f3n y estructuraci\u00f3n de documentos y plantillas. Manejo e impresi\u00f3n de ficheros. Hojas de c\u00e1lculo. Principales funciones y utilidades. Libros, hojas y celdas. Configuraci\u00f3n. Introducci\u00f3n y edici\u00f3n de datos. F\u00f3rmulas y funciones. Gr\u00e1ficos. Gesti\u00f3n de datos. Otras aplicaciones ofim\u00e1ticas.<br \/>\nTEMA 41. Redes de Comunicaciones e Internet: Conceptos elementales. Navegadores. B\u00fasquedas de informaci\u00f3n. Servicios en la Red. El correo electr\u00f3nico: Conceptos elementales y funcionamiento. Gesti\u00f3n de mensajes y agendas. Reglas de mensaje.<br \/>\nTEMA 42. La Administraci\u00f3n Electr\u00f3nica en la Junta de Andaluc\u00eda. Servicios Telem\u00e1ticos al ciudadano. Pol\u00edtica Inform\u00e1tica en la Junta de Andaluc\u00eda. Normativa de los empleados p\u00fablicos en el uso de los sistemas inform\u00e1ticos y redes de comunicaciones de la Administraci\u00f3n de la Junta de Andaluc\u00eda. Sistemas de Informaci\u00f3n Horizontales de la Junta de Andaluc\u00eda<\/p>\n","protected":false},"excerpt":{"rendered":"<p>\u00c1rea Jur\u00eddico Administrativa Tema 1. La Constituci\u00f3n Espa\u00f1ola de 1978: Valores superiores y principios inspiradores. Derechos y libertades. Garant\u00edas y casos de suspensi\u00f3n. TEMA 2 Los \u00f3rganos constitucionales. La Corona. Las Cortes Generales. El Congreso de los Diputados y el Senado: Composici\u00f3n y funciones. El Gobierno. El Poder Judicial. El Tribunal Constitucional. El Tribunal de&hellip;&nbsp;<a href=\"https:\/\/camonclass.com\/tienda\/formacion\/administrativo-junta-andalucia\/\" rel=\"bookmark\">Leer m\u00e1s &raquo;<span class=\"screen-reader-text\">Administrativo Junta Andaluc\u00eda<\/span><\/a><\/p>\n","protected":false},"featured_media":633,"comment_status":"open","ping_status":"closed","template":"","meta":{"neve_meta_sidebar":"","neve_meta_container":"","neve_meta_enable_content_width":"off","neve_meta_content_width":70,"neve_meta_title_alignment":"","neve_meta_author_avatar":"","neve_post_elements_order":"","neve_meta_disable_header":"","neve_meta_disable_footer":"","neve_meta_disable_title":""},"product_brand":[],"product_cat":[22,43],"product_tag":[],"class_list":{"0":"post-871","1":"product","2":"type-product","3":"status-publish","4":"has-post-thumbnail","6":"product_cat-cursos","7":"product_cat-oposiciones","9":"first","10":"instock","11":"sold-individually","12":"shipping-taxable","13":"purchasable","14":"product-type-simple"},"_links":{"self":[{"href":"https:\/\/camonclass.com\/tienda\/wp-json\/wp\/v2\/product\/871","targetHints":{"allow":["GET"]}}],"collection":[{"href":"https:\/\/camonclass.com\/tienda\/wp-json\/wp\/v2\/product"}],"about":[{"href":"https:\/\/camonclass.com\/tienda\/wp-json\/wp\/v2\/types\/product"}],"replies":[{"embeddable":true,"href":"https:\/\/camonclass.com\/tienda\/wp-json\/wp\/v2\/comments?post=871"}],"wp:featuredmedia":[{"embeddable":true,"href":"https:\/\/camonclass.com\/tienda\/wp-json\/wp\/v2\/media\/633"}],"wp:attachment":[{"href":"https:\/\/camonclass.com\/tienda\/wp-json\/wp\/v2\/media?parent=871"}],"wp:term":[{"taxonomy":"product_brand","embeddable":true,"href":"https:\/\/camonclass.com\/tienda\/wp-json\/wp\/v2\/product_brand?post=871"},{"taxonomy":"product_cat","embeddable":true,"href":"https:\/\/camonclass.com\/tienda\/wp-json\/wp\/v2\/product_cat?post=871"},{"taxonomy":"product_tag","embeddable":true,"href":"https:\/\/camonclass.com\/tienda\/wp-json\/wp\/v2\/product_tag?post=871"}],"curies":[{"name":"wp","href":"https:\/\/api.w.org\/{rel}","templated":true}]}}