{"id":872,"date":"2022-07-25T16:38:54","date_gmt":"2022-07-25T16:38:54","guid":{"rendered":"https:\/\/camonclass.vertice.org\/formacion\/ayudante-de-instituciones-penitenciarias\/"},"modified":"2022-07-26T07:59:17","modified_gmt":"2022-07-26T07:59:17","slug":"ayudante-de-instituciones-penitenciarias","status":"publish","type":"product","link":"https:\/\/camonclass.com\/tienda\/formacion\/ayudante-de-instituciones-penitenciarias\/","title":{"rendered":"Ayudante de instituciones penitenciarias"},"content":{"rendered":"<p>M\u00f3dulo Conducta humana<\/p>\n<p>Tema 1. Elementos de la conducta humana. Est\u00edmulos y respuestas. Refuerzo y castigo. T\u00e9cnicas de evaluaci\u00f3n de la conducta humana. La observaci\u00f3n, la autoobservaci\u00f3n, el auto-registro, los auto-informes y los registros psicofisiol\u00f3gicos. La integraci\u00f3n de los datos de la evaluaci\u00f3n y realizaci\u00f3n de informes<br \/>\nTema 2. Organizaci\u00f3n social de la prisi\u00f3n: Control formal e informal. C\u00f3digo del recluso, jerga y lenguaje. Subculturas carcelarias. Fen\u00f3menos de hacinamiento y conducta del recluso. Efectos psicol\u00f3gicos de la reclusi\u00f3n. Factores determinantes. Consecuencias f\u00edsicas y psicosociales. Prisionizaci\u00f3n y socializaci\u00f3n.<br \/>\nTema 3. El comportamiento social. El concepto de asertividad. Habilidades sociales. Evaluaci\u00f3n y medida de las habilidades sociales y sus d\u00e9ficits. Programas de entrenamiento en habilidades sociales y su aplicaci\u00f3n al \u00e1mbito penitenciario. La conducta adictiva en prisi\u00f3n.<\/p>\n<p>M\u00f3dulo Derecho penal<br \/>\nTema 1. El Derecho Penal. Concepto, contenido y fuentes. El poder punitivo del Estado. Concepto y l\u00edmites. Las garant\u00edas penales y de la aplicaci\u00f3n de la Ley Penal. El C\u00f3digo Penal Espa\u00f1ol: Estructura y contenido.<br \/>\nTema 2. Delitos: Concepto y clases. Grados de ejecuci\u00f3n. Formas de resoluci\u00f3n manifestada. Circunstancias modificativas de la responsabilidad criminal.<br \/>\nTema 3. De las personas criminalmente responsables de los delitos. Las penas: Concepto y fines. Sus clases y efectos. Las penas privativas de libertad y su desarrollo hist\u00f3rico. Especial referencia a la pena de prisi\u00f3n permanente revisable.<br \/>\nTema 4. De las formas de suspensi\u00f3n de la ejecuci\u00f3n de las penas privativas de libertad. Las penas privativas de derechos. Especial referencia a la pena de trabajos en beneficio de la comunidad. Las medidas de seguridad: clases y aplicaci\u00f3n. Medidas de seguridad competencia de la Administraci\u00f3n Penitenciaria. Extinci\u00f3n de la responsabilidad criminal.<br \/>\nTema 5. Principales delitos (1): El homicidio y sus formas. Las lesiones. Delitos vinculados a la violencia de g\u00e9nero y dom\u00e9stica. Delitos contra el patrimonio: el hurto y los robos. Delitos contra la libertad: La detenci\u00f3n ilegal y los secuestros. Las amenazas. Las coacciones. Delitos contra la salud p\u00fablica: tr\u00e1fico de drogas.<br \/>\nTema 6. Principales delitos (2): De las torturas y otros delitos contra la integridad moral. Delitos contra la libertad e indemnidad sexuales. Delitos contra el honor: calumnia e injuria. Las falsedades: Falsificaci\u00f3n de documentos p\u00fablicos y oficiales. La usurpaci\u00f3n de funciones p\u00fablicas y el intrusismo.<br \/>\nTema 7. Delitos contra la Administraci\u00f3n P\u00fablica. La prevaricaci\u00f3n. El abandono de destino y la omisi\u00f3n del deber de perseguir delitos. De la desobediencia y denegaci\u00f3n de auxilio. De la infidelidad en la custodia de documentos y de la violaci\u00f3n de secretos. Del cohecho. Trafico de influencias. La malversaci\u00f3n. Negociaciones y actividades prohibidas a los funcionarios p\u00fablicos y de los abusos en el ejercicio de su funci\u00f3n.<br \/>\nTema 8. Delitos contra la Administraci\u00f3n de Justicia. Especial referencia al quebrantamiento de condena. Delitos contra las Instituciones del Estado y la divisi\u00f3n de poderes. Especial referencia a la usurpaci\u00f3n de atribuciones. Delitos relativos al ejercicio de los derechos fundamentales y libertades p\u00fablicas. De los delitos cometidos por los funcionarios p\u00fablicos contra las garant\u00edas constitucionales en especial los cometidos en el \u00e1mbito penitenciario.<br \/>\nTema 9. La jurisdicci\u00f3n penal. El proceso penal: Concepto, objeto y tipos. Las partes en el proceso penal. Los actos procesales con especial referencia a las medidas cautelares que suponen privaci\u00f3n de libertad y a las resoluciones judiciales.<br \/>\nTema 10. El denominado procedimiento ordinario: Principios fundamentales, \u00e1mbito de aplicaci\u00f3n y fases. El procedimiento abreviado. Especial referencia al procedimiento de \u00abHabeas Corpus\u00bb. Teor\u00eda general de los recursos. Los recursos de reforma, apelaci\u00f3n, s\u00faplica, queja, casaci\u00f3n, revisi\u00f3n y amparo.<\/p>\n<p>M\u00f3dulo Organizaci\u00f3n del Estado. Derecho administrativo general. Gesti\u00f3n de personal y gesti\u00f3n financiera<\/p>\n<p>Tema 1. La Constituci\u00f3n Espa\u00f1ola de 1978: principios generales, estructura y contenido. Derechos y deberes fundamentales. La Corona. Funciones constitucionales del Rey. Las Cortes Generales. La elaboraci\u00f3n de las leyes. El Defensor del Pueblo. Nombramiento y \u00abstatus\u00bb. Competencias.<br \/>\nTema 2. El Poder Judicial. La organizaci\u00f3n judicial. Actuaciones judiciales. El Consejo General del Poder Judicial. El Tribunal Constitucional: Composici\u00f3n y atribuciones. El Ministerio Fiscal.<br \/>\nTema 3. El Gobierno: El Consejo de Ministros, el Presidente del Gobierno, los Ministros, otros miembros. La Administraci\u00f3n Perif\u00e9rica del Estado: Los Delegados de Gobierno, Subdelegados del Gobierno y Directores Insulares, breve referencia a sus competencias.<br \/>\nTema 4. La Organizaci\u00f3n Territorial del Estado: La ordenaci\u00f3n del territorio del Estado en la Constituci\u00f3n actual. Instituciones Fundamentales de las Comunidades Aut\u00f3nomas: la Asamblea; el Presidente y Consejo de Gobierno; el Tribunal Superior de Justicia. Comunidades Aut\u00f3nomas. Competencias de las mismas en materia penitenciaria.<br \/>\nTema 5. La Uni\u00f3n Europea: Tratados originarios y modificativos. Las Instituciones Comunitarias: El Parlamento, el Consejo, El Consejo Europeo, la Comisi\u00f3n, el Tribunal de Justicia, el Tribunal de Cuentas, el Banco Central Europeo. Efectos de la integraci\u00f3n europea sobre la organizaci\u00f3n del Estado Espa\u00f1ol. 5<br \/>\nTema 6. Estructura org\u00e1nica del Ministerio de Interior. La Secretar\u00eda General de Instituciones Penitenciarias. Entidad P\u00fablica Estatal de Trabajo Penitenciario y Formaci\u00f3n para el Empleo: organizaci\u00f3n y competencias.<br \/>\nTema 7. El personal de Instituciones Penitenciarias: Los diferentes cuerpos de funcionarios. El Cuerpo de Ayudantes de Instituciones Penitenciarias: Funciones generales y funciones a desempe\u00f1ar en las distintas unidades de servicio. Personal en r\u00e9gimen de derecho laboral.<br \/>\nTema 8. R\u00e9gimen jur\u00eddico del personal al servicio de las Administraciones P\u00fablicas. El Real Decreto Legislativo 5\/2015, de 30 de octubre, por el que se aprueba el texto refundido de la Ley del Estatuto B\u00e1sico del Empleado P\u00fablico. Derechos y deberes del personal al servicio de las Administraciones P\u00fablicas. R\u00e9gimen de incompatibilidades. La responsabilidad disciplinaria: Faltas, sanciones y ejecuci\u00f3n de las mismas. Prescripci\u00f3n y cancelaci\u00f3n.<br \/>\nTema 9. El acceso al empleo p\u00fablico: Principios rectores y requisitos generales. Sistemas selectivos. La adquisici\u00f3n y p\u00e9rdida de la condici\u00f3n de funcionario p\u00fablico. La provisi\u00f3n de los puestos de trabajo. Las situaciones administrativas de los funcionarios.<br \/>\nTema 10. Los contratos del Sector P\u00fablico: conceptos y clases. Procedimiento de adjudicaci\u00f3n. Su cumplimiento. La revisi\u00f3n de precios y otras alteraciones contractuales. Incumplimiento de los contratos del Sector P\u00fablico.<br \/>\nTema 11. Ley 45\/2015, de 14 de octubre, de Voluntariado. Objeto. \u00c1mbito de aplicaci\u00f3n. Concepto de voluntariado: Derechos y deberes. Relaciones entre los voluntarios y las organizaciones en las que se integran. Medidas de fomento del voluntariado.<br \/>\nTema 12. Pol\u00edticas P\u00fablicas. Pol\u00edticas sociales de igualdad de g\u00e9nero. Pol\u00edticas contra la violencia de g\u00e9nero. Pol\u00edticas de integraci\u00f3n de las personas con discapacidad. R\u00e9gimen jur\u00eddico de la Dependencia: Ley 39\/2006, de 14 de diciembre, de Promoci\u00f3n de la Autonom\u00eda Personal y Atenci\u00f3n a las personas en situaci\u00f3n de dependencia. Normativa vigente. Administraci\u00f3n Electr\u00f3nica.<br \/>\nTema 13. El Gobierno abierto. Especial referencia a la transparencia y el acceso a la informaci\u00f3n p\u00fablica, a la participaci\u00f3n en la rendici\u00f3n de cuentas y al buen gobierno.<br \/>\nTema 14. La actividad de las Administraciones P\u00fablicas. Normas generales de actuaci\u00f3n: Derechos y obligaciones de las personas en sus relaciones con la Administraci\u00f3n P\u00fablica. Registro y archivos. Obligaci\u00f3n de resolver. El silencio administrativo.<br \/>\nTema 15. Las fuentes del Derecho Administrativo. El principio de legalidad en la actuaci\u00f3n administrativa. La jerarqu\u00eda de las fuentes. El acto administrativo: Concepto, clases y elementos. Eficacia y validez de los actos administrativos. Recursos administrativos. Revisi\u00f3n, anulaci\u00f3n y revocaci\u00f3n.<br \/>\nTema 16. El R\u00e9gimen Jur\u00eddico de las Administraciones P\u00fablicas. El Procedimiento Administrativo Com\u00fan: garant\u00edas y fases. El procedimiento administrativo sancionador.<br \/>\nTema 17. El Presupuesto: concepto. Los principios presupuestarios. El presupuesto del Estado en Espa\u00f1a: concepto y estructura. El Presupuesto como instrumento de planificaci\u00f3n econ\u00f3mica: aspectos generales de las leyes de estabilidad presupuestaria.<\/p>\n<p>M\u00f3dulo Derecho penitenciario<\/p>\n<p>Tema 1. La regulaci\u00f3n supranacional en materia penitenciaria: Convenios, Tratados, Pactos, Declaraciones y Recomendaciones. Especial referencia a los acuerdos sobre traslados de personas condenadas. Organismos de vigilancia y control. Especial consideraci\u00f3n de la labor de las Naciones Unidas y del Consejo de Europa. La ley 23\/2014, de 20 de noviembre, de reconocimiento mutuo de resoluciones penales en la Uni\u00f3n Europea.<br \/>\nTema 2. El Derecho Penitenciario: Concepto, contenido y fuentes. Breve referencia a la evoluci\u00f3n hist\u00f3rica de la legislaci\u00f3n penitenciaria en Espa\u00f1a. La normativa penitenciaria vigente. Las l\u00edneas generales de la ejecuci\u00f3n en nuestro ordenamiento fijadas por el art\u00edculo 25.2 de la Constituci\u00f3n.<br \/>\nTema 3. La relaci\u00f3n jur\u00eddico-penitenciaria: naturaleza y fundamento. Derechos de los internos: Clases y l\u00edmites, sistema de protecci\u00f3n y r\u00e9gimen de garant\u00edas. Deberes de los internos.<br \/>\nTema 4. Prestaciones de la Administraci\u00f3n Penitenciaria. Asistencia sanitaria. Higiene y alimentaci\u00f3n. Asistencia religiosa. Acci\u00f3n Social Penitenciaria.<br \/>\nTema 5. El R\u00e9gimen Penitenciario (1): Concepto y principios inspiradores. Normas generales en la organizaci\u00f3n de un Centro Penitenciario. El ingreso. Las relaciones con el exterior: comunicaciones, visitas, paquetes. La participaci\u00f3n de los internos en las actividades. Informaci\u00f3n, quejas, recursos. Las conducciones y traslados en sus diferentes modalidades.<br \/>\nTema 6. El R\u00e9gimen Penitenciario (2). La seguridad en los Establecimientos Penitenciarios. La seguridad exterior: Competencia y fines. La seguridad interior: Principios generales, medidas preventivas y medidas de control. Los medios coercitivos y su aplicaci\u00f3n.<br \/>\nTema 7. Clasificaci\u00f3n de los distintos tipos de establecimientos y sus caracter\u00edsticas. El r\u00e9gimen ordinario: Principios generales y caracter\u00edsticas. El r\u00e9gimen de preventivos.<br \/>\nTema 8. El r\u00e9gimen cerrado: Criterios de aplicaci\u00f3n y caracter\u00edsticas. Modalidades. El r\u00e9gimen abierto: Objetivos, criterios de aplicaci\u00f3n y centros de destino.<br \/>\nTema 9. El Tratamiento Penitenciario (1): Concepto, fines y principios inspiradores. La separaci\u00f3n interior. La clasificaci\u00f3n en grados. El principio de individualizaci\u00f3n cient\u00edfica. La Central Penitenciaria de Observaci\u00f3n. La observaci\u00f3n del interno: El papel de los funcionarios de servicio interior.<br \/>\nTema 10. El Tratamiento Penitenciario (2): Elementos y programas de tratamiento. La formaci\u00f3n, la cultura y el deporte como elementos de los diferentes programas de tratamiento. La necesaria colaboraci\u00f3n r\u00e9gimen-tratamiento para la ejecuci\u00f3n de los programas.<br \/>\nTema 11. La relaci\u00f3n laboral en el medio penitenciario: Caracter\u00edsticas. Los distintos tipos de trabajo en el medio penitenciario. Extinci\u00f3n y suspensi\u00f3n de la relaci\u00f3n laboral. La Entidad P\u00fablica Estatal de Trabajo Penitenciario y Formaci\u00f3n para el Empleo. Gesti\u00f3n de n\u00f3minas y seguridad social de los internos trabajadores.<br \/>\nTema 12. Los permisos de salida: Concepto y naturaleza. Clases, duraci\u00f3n y requisitos. Procedimiento de concesi\u00f3n.<br \/>\nTema 13.Libertad y excarcelaci\u00f3n en sus distintas formas. El procedimiento de expulsi\u00f3n de extranjeros. Suspensi\u00f3n de la ejecuci\u00f3n del resto de la pena y concesi\u00f3n de la libertad condicional: Requisitos para su concesi\u00f3n y revocaci\u00f3n. Mecanismos de control de esta situaci\u00f3n. Los beneficios penitenciarios y sus clases. El Gobierno abierto. Especial referencia a la transparencia y el acceso a la informaci\u00f3n p\u00fablica, a la participaci\u00f3n en la rendici\u00f3n de cuentas y al buen gobierno.<br \/>\nTema 14. Formas especiales de ejecuci\u00f3n de la pena de prisi\u00f3n: Modos de internamiento, caracter\u00edsticas y criterios para su asignaci\u00f3n. El cumplimiento de la pena de prisi\u00f3n permanente revisable. El cumplimiento de la pena de trabajo en beneficio de la comunidad. Las suspensiones de condenas. El cumplimiento de la pena de localizaci\u00f3n permanente. Los Servicios de Gesti\u00f3n de Penas y Medidas Alternativas.<br \/>\nTema 15. El r\u00e9gimen disciplinario: Principios generales y \u00e1mbito de aplicaci\u00f3n. Clasificaci\u00f3n de las faltas y determinaci\u00f3n de las sanciones. Procedimiento sancionador. Ejecutoriedad. Prescripci\u00f3n y cancelaci\u00f3n. Las recompensas. Las fuentes del Derecho Administrativo. El principio de legalidad en la actuaci\u00f3n administrativa. La jerarqu\u00eda de las fuentes. El acto administrativo: Concepto, clases y elementos. Eficacia y validez de los actos administrativos. Recursos administrativos.<br \/>\nTema 16. El control de la actividad penitenciaria por el Juez de Vigilancia: Normativa vigente. Atribuci\u00f3n de competencias. Cuestiones procesales. Los recursos contra sus resoluciones.<br \/>\nTema 17. El modelo organizativo penitenciario: estructura y r\u00e9gimen jur\u00eddico. \u00d3rganos colegiados: Composici\u00f3n y funciones. \u00d3rganos unipersonales: Director, Subdirectores, Administrador, Jefes de Servicios. Atribuciones y horarios.<br \/>\nTema 18. El r\u00e9gimen administrativo de los Establecimientos Penitenciarios (1). La oficina de gesti\u00f3n penitenciaria: organizaci\u00f3n. El expediente personal del interno: Estructura, documentos y tr\u00e1mites administrativos. Sentencia y liquidaci\u00f3n de condena: C\u00e1lculos y fechas de repercusi\u00f3n penitenciaria. Documentaci\u00f3n y procedimientos de la gesti\u00f3n de tratamiento. El expediente personal de los sentenciados a penas y medidas alternativas. Documentaci\u00f3n. Tr\u00e1mites y procedimiento de gesti\u00f3n.<br \/>\nTema 19. El r\u00e9gimen administrativo de los Establecimientos Penitenciarios (2). Funcionamiento administrativo de la oficina de servicio interior. Redacci\u00f3n de partes disciplinarios, de recuento y otros. Realizaci\u00f3n de tr\u00e1mites relativos a las unidades de servicios de: Acceso, rastrillo, comunicaciones y visitas, ingresos y salidas, recepci\u00f3n y salida de paquetes y encargos. La oficina de identificaci\u00f3n: Obtenci\u00f3n y clasificaci\u00f3n de los dactilogramas.<br \/>\nTema 20. El r\u00e9gimen econ\u00f3mico de los Establecimientos Penitenciarios: Principios generales y r\u00e9gimen patrimonial. Contabilidad general. Las cuentas presupuestarias y extrapresupuestarias. Gesti\u00f3n de almacenes. Las formas de gesti\u00f3n de los servicios de economatos, cocinas, alimentaci\u00f3n y vestuario. El peculio de los internos: formas de gesti\u00f3n. Las pertenencias de los internos: Administraci\u00f3n y custodia. La oficina de habilitaci\u00f3n: Gesti\u00f3n de n\u00f3minas y seguridad social de los empleados p\u00fablicos. Inventario general de equipamiento, utensilio y mobiliario en un Centro Penitenciario.<\/p>\n","protected":false},"excerpt":{"rendered":"<p>M\u00f3dulo Conducta humana Tema 1. Elementos de la conducta humana. Est\u00edmulos y respuestas. Refuerzo y castigo. T\u00e9cnicas de evaluaci\u00f3n de la conducta humana. La observaci\u00f3n, la autoobservaci\u00f3n, el auto-registro, los auto-informes y los registros psicofisiol\u00f3gicos. La integraci\u00f3n de los datos de la evaluaci\u00f3n y realizaci\u00f3n de informes Tema 2. Organizaci\u00f3n social de la prisi\u00f3n: Control&hellip;&nbsp;<a href=\"https:\/\/camonclass.com\/tienda\/formacion\/ayudante-de-instituciones-penitenciarias\/\" rel=\"bookmark\">Leer m\u00e1s &raquo;<span class=\"screen-reader-text\">Ayudante de instituciones penitenciarias<\/span><\/a><\/p>\n","protected":false},"featured_media":892,"comment_status":"open","ping_status":"closed","template":"","meta":{"neve_meta_sidebar":"","neve_meta_container":"","neve_meta_enable_content_width":"off","neve_meta_content_width":70,"neve_meta_title_alignment":"","neve_meta_author_avatar":"","neve_post_elements_order":"","neve_meta_disable_header":"","neve_meta_disable_footer":"","neve_meta_disable_title":""},"product_brand":[],"product_cat":[22,43],"product_tag":[],"class_list":{"0":"post-872","1":"product","2":"type-product","3":"status-publish","4":"has-post-thumbnail","6":"product_cat-cursos","7":"product_cat-oposiciones","9":"first","10":"instock","11":"sold-individually","12":"shipping-taxable","13":"purchasable","14":"product-type-simple"},"_links":{"self":[{"href":"https:\/\/camonclass.com\/tienda\/wp-json\/wp\/v2\/product\/872","targetHints":{"allow":["GET"]}}],"collection":[{"href":"https:\/\/camonclass.com\/tienda\/wp-json\/wp\/v2\/product"}],"about":[{"href":"https:\/\/camonclass.com\/tienda\/wp-json\/wp\/v2\/types\/product"}],"replies":[{"embeddable":true,"href":"https:\/\/camonclass.com\/tienda\/wp-json\/wp\/v2\/comments?post=872"}],"wp:featuredmedia":[{"embeddable":true,"href":"https:\/\/camonclass.com\/tienda\/wp-json\/wp\/v2\/media\/892"}],"wp:attachment":[{"href":"https:\/\/camonclass.com\/tienda\/wp-json\/wp\/v2\/media?parent=872"}],"wp:term":[{"taxonomy":"product_brand","embeddable":true,"href":"https:\/\/camonclass.com\/tienda\/wp-json\/wp\/v2\/product_brand?post=872"},{"taxonomy":"product_cat","embeddable":true,"href":"https:\/\/camonclass.com\/tienda\/wp-json\/wp\/v2\/product_cat?post=872"},{"taxonomy":"product_tag","embeddable":true,"href":"https:\/\/camonclass.com\/tienda\/wp-json\/wp\/v2\/product_tag?post=872"}],"curies":[{"name":"wp","href":"https:\/\/api.w.org\/{rel}","templated":true}]}}