{"id":873,"date":"2022-07-25T16:38:55","date_gmt":"2022-07-25T16:38:55","guid":{"rendered":"https:\/\/camonclass.vertice.org\/formacion\/administrativo-estado\/"},"modified":"2022-07-26T07:47:14","modified_gmt":"2022-07-26T07:47:14","slug":"administrativo-estado","status":"publish","type":"product","link":"https:\/\/camonclass.com\/tienda\/formacion\/administrativo-estado\/","title":{"rendered":"Administrativo Estado"},"content":{"rendered":"<p>\u00c1rea Derecho Administrativo General<\/p>\n<p>TEMA 1: Las fuentes del derecho administrativo. La jerarqu\u00eda de las fuentes. La ley. Las disposiciones del Ejecutivo con fuerza de ley: decreto-ley y decreto legislativo. El reglamento: concepto, clases y l\u00edmites. Otras fuentes del derecho administrativo.<br \/>\nTEMA 2: El acto administrativo: concepto, clases y elementos. Eficacia y validez de los actos administrativos. Su motivaci\u00f3n y notificaci\u00f3n. Revisi\u00f3n, anulaci\u00f3n y revocaci\u00f3n. El principio de legalidad en la actuaci\u00f3n administrativa.<br \/>\nTEMA 3: Las Leyes del Procedimiento Administrativo Com\u00fan de las Administraciones P\u00fablicas y del R\u00e9gimen Jur\u00eddico del Sector P\u00fablico y su normativa de desarrollo. La iniciaci\u00f3n, ordenaci\u00f3n, instrucci\u00f3n y terminaci\u00f3n del procedimiento administrativo. Medios de impugnaci\u00f3n de la actuaci\u00f3n administrativa. La revisi\u00f3n de oficio. Los recursos administrativos: concepto y clases. La jurisdicci\u00f3n contencioso-administrativa.<br \/>\nTEMA 4: Los contratos del sector p\u00fablico: concepto y clases. Procedimiento de adjudicaci\u00f3n. Su cumplimiento. La revisi\u00f3n de precios y otras alteraciones contractuales. Incumplimiento de los contratos del sector p\u00fablico.<br \/>\nTEMA 5: Procedimientos y formas de la actividad administrativa. La actividad de limitaci\u00f3n, arbitral, de servicio p\u00fablico y de fomento. Formas de gesti\u00f3n de los servicios p\u00fablicos.<br \/>\nTEMA 6: La responsabilidad patrimonial de las Administraciones p\u00fablicas. Concepto y clases. Requisitos generales. Efectos.<br \/>\nTEMA 7: Pol\u00edticas de igualdad de g\u00e9nero. La Ley Org\u00e1nica 3\/2007, de 22 de marzo, para la igualdad efectiva de mujeres y hombres. Pol\u00edticas contra la violencia de g\u00e9nero. La Ley Org\u00e1nica 1\/2004, de 28 de diciembre, de medidas de protecci\u00f3n integral contra la violencia de g\u00e9nero. Discapacidad y dependencia.<\/p>\n<p>\u00c1rea Gesti\u00f3n Financiera<\/p>\n<p>TEMA 1: El presupuesto: concepto. Los principios presupuestarios. El ciclo presupuestario. El presupuesto por programas: concepto y fases. Terminolog\u00eda y desarrollo del proceso presupuestario.<br \/>\nTEMA 2: El presupuesto del Estado en Espa\u00f1a: concepto y estructura. Los cr\u00e9ditos presupuestarios: caracter\u00edsticas. Gastos plurianuales. Las modificaciones presupuestarias: cr\u00e9ditos extraordinarios y suplementos de cr\u00e9dito. Ampliaciones de cr\u00e9dito. Generaciones de cr\u00e9dito. Transferencias de cr\u00e9dito. Incorporaciones de cr\u00e9dito. Anticipos de tesorer\u00eda.<br \/>\nTEMA 3: El procedimiento administrativo de ejecuci\u00f3n del presupuesto de gasto. \u00d3rganos competentes. Fases del procedimiento y sus documentos contables. Compromisos de gasto para ejercicios posteriores. La ordenaci\u00f3n del pago: concepto y competencia. Realizaci\u00f3n del pago: modos y perceptores. Control del gasto p\u00fablico. Clases. Especial referencia al control de legalidad. El Tribunal de Cuentas.<br \/>\nTEMA 4: Las retribuciones de los funcionarios p\u00fablicos y del personal laboral al servicio de la Administraci\u00f3n p\u00fablica. N\u00f3minas: estructura y normas de confecci\u00f3n. Altas y bajas: su justificaci\u00f3n. Retribuciones b\u00e1sicas: sueldos, trienios, pagas extraordinarias. Retribuciones complementarias y otras remuneraciones. Devengo y liquidaci\u00f3n de derechos econ\u00f3micos. El pago de las retribuciones del personal en activo. Formas de pago.<br \/>\nTEMA 5: Gastos para la compra de bienes y servicios. Gastos de inversi\u00f3n. Gastos de transferencias: corrientes y de capital. Pagos: concepto y tipos. Pagos por obligaciones presupuestarias. Anticipos de caja fija. Pagos \u00aba justificar\u00bb. Justificaci\u00f3n de libramientos.<br \/>\nTEMA 6: Gesti\u00f3n econ\u00f3mica y financiera de los contratos del sector p\u00fablico. Gesti\u00f3n econ\u00f3mica y financiera de subvenciones.<br \/>\nTEMA 7: El Plan General de Contabilidad P\u00fablica: fines, objetivos, \u00e1mbito de aplicaci\u00f3n y caracter\u00edsticas. Contabilidad presupuestaria y de gesti\u00f3n. Breve an\u00e1lisis de los grupos de cuentas.<\/p>\n<p>\u00c1rea Gesti\u00f3n de Personal<\/p>\n<p>TEMA 1: El personal al servicio de las Administraciones p\u00fablicas. R\u00e9gimen jur\u00eddico. El texto refundido del Estatuto B\u00e1sico del Empleado P\u00fablico y dem\u00e1s normativa de aplicaci\u00f3n. Las competencias en materia de personal. El Registro Central de Personal.<br \/>\nTEMA 2: Selecci\u00f3n de personal. Los procesos selectivos en la Administraci\u00f3n p\u00fablica y su conexi\u00f3n con la Oferta de Empleo P\u00fablico. Principios constitucionales. Acceso al empleo p\u00fablico y provisi\u00f3n de puestos de trabajo de las personas con discapacidad.<br \/>\nTEMA 3: El personal funcionario al servicio de las Administraciones p\u00fablicas: funcionarios de carrera y funcionarios interinos. La selecci\u00f3n de los funcionarios.<br \/>\nTEMA 4: Adquisici\u00f3n y p\u00e9rdida de la condici\u00f3n de funcionario. Situaciones administrativas de los funcionarios. Supuestos y efectos de cada una de ellas.<br \/>\nTEMA 5: Provisi\u00f3n de puestos de trabajo en la funci\u00f3n p\u00fablica. Los deberes y derechos de los funcionarios. La carrera administrativa. Promoci\u00f3n interna.<br \/>\nTEMA 6: Sistemas de retribuciones e indemnizaciones. Las incompatibilidades. R\u00e9gimen disciplinario: faltas, sanciones y procedimiento.<br \/>\nTEMA 7: El r\u00e9gimen de la Seguridad Social de los funcionarios. La MUFACE y las clases pasivas.<br \/>\nTEMA 8: El personal laboral al servicio de las Administraciones p\u00fablicas. Selecci\u00f3n. Derechos, deberes e incompatibilidades. El contrato de trabajo: contenido, duraci\u00f3n y suspensi\u00f3n. Negociaci\u00f3n laboral, conflictos y convenios colectivos. El IV Convenio \u00danico para el personal laboral de la Administraci\u00f3n General del Estado.<br \/>\nTEMA 9: El r\u00e9gimen de la Seguridad Social del personal laboral. Acci\u00f3n protectora. Concepto y clases de prestaciones, afiliaci\u00f3n y cotizaciones.<br \/>\nTEMA 10: Incapacidad temporal. Concepto y causas que motivan esta situaci\u00f3n. Incapacidad permanente en la modalidad contributiva. Jubilaci\u00f3n: concepto y requisitos. Muerte y supervivencia. Prestaciones. Sujetos causantes. Beneficiarios.<\/p>\n<p>\u00c1rea Inform\u00e1tica b\u00e1sica y ofim\u00e1tica<\/p>\n<p>TEMA 1. Inform\u00e1tica b\u00e1sica: conceptos fundamentales sobre el hardware y el software. Sistemas de almacenamiento de datos. Sistemas operativos. Nociones b\u00e1sicas de seguridad inform\u00e1tica.<br \/>\nTEMA 2. Introducci\u00f3n al sistema operativo: el entorno Windows. Fundamentos. Trabajo en el entorno gr\u00e1fico de Windows: ventanas, iconos, men\u00fas contextuales, cuadros de di\u00e1logo. El escritorio y sus elementos. El men\u00fa inicio. Cortana.<br \/>\nTEMA 3. El explorador de Windows. Gesti\u00f3n de carpetas y archivos. Operaciones de b\u00fasqueda. Herramientas \u00abEste equipo\u00bb y \u00abAcceso r\u00e1pido\u00bb. Accesorios. Herramientas del sistema.<br \/>\nTema 4.Redes de Comunicaciones e Internet: Conceptos elementales. Navegadores. B\u00fasquedas de informaci\u00f3n. Servicios en la Red. El correo electr\u00f3nico: Conceptos elementales y funcionamiento. Gesti\u00f3n de mensajes y agendas. Reglas de mensaje.<br \/>\nTEMA 5. Hojas de c\u00e1lculo: Excel. Principales funciones y utilidades. Libros, hojas y celdas. Configuraci\u00f3n. Introducci\u00f3n y edici\u00f3n de datos. F\u00f3rmulas y funciones. Gr\u00e1ficos. Gesti\u00f3n de datos. Personalizaci\u00f3n del entorno de trabajo.<br \/>\nTEMA 6. Bases de datos: Access. Principales funciones y utilidades. Tablas. Consultas. Formularios. Informes. Relaciones. Importaci\u00f3n, vinculaci\u00f3n y exportaci\u00f3n de datos.<br \/>\nTEMA 7. Correo electr\u00f3nico: conceptos elementales y funcionamiento. El entorno de trabajo. Enviar, recibir, responder y reenviar mensajes. Creaci\u00f3n de mensajes. Reglas de mensaje. Libreta de direcciones<br \/>\nTEMA 8. La Red Internet: origen, evoluci\u00f3n y estado actual. Conceptos elementales sobre protocolos y servicios en Internet. Funcionalidades b\u00e1sicas de los navegadores web.<\/p>\n<p>\u00c1rea Organizaci\u00f3n del Estado<\/p>\n<p>Tema 1: La Constituci\u00f3n Espa\u00f1ola de 1978: estructura y contenido. Derechos y deberes fundamentales. Su garant\u00eda y suspensi\u00f3n. El Tribunal Constitucional. El Defensor del Pueblo. Reforma de la Constituci\u00f3n.<br \/>\nTEMA 2: La Jefatura del Estado. La Corona. Funciones constitucionales del Rey. Sucesi\u00f3n y regencia.<br \/>\nTEMA 3: Las Cortes Generales. Composici\u00f3n, atribuciones y funcionamiento del Congreso de los Diputados y del Senado.<br \/>\nTEMA 4: El Poder Judicial. El Consejo General del Poder Judicial. El Tribunal Supremo. La organizaci\u00f3n judicial espa\u00f1ola.<br \/>\nTEMA 5: El Gobierno y la Administraci\u00f3n. El Presidente del Gobierno. El Consejo de Ministros. Designaci\u00f3n, causas de cese y responsabilidad del Gobierno. Las funciones del Gobierno. Relaciones entre el Gobierno y las Cortes Generales.<br \/>\nTEMA 6: El Gobierno Abierto. Concepto y principios informadores. La Ley 19\/2013, de 9 de diciembre, de transparencia, acceso a la informaci\u00f3n p\u00fablica y buen gobierno. El Consejo de Transparencia y Buen Gobierno: funciones. La Agenda 2030 y los Objetivos de Desarrollo Sostenible.<br \/>\nTEMA 7 La Administraci\u00f3n General del Estado. Los Ministros. Los Secretarios de Estado. Los Subsecretarios. La Administraci\u00f3n Perif\u00e9rica del Estado. \u00d3rganos y competencias. Otros \u00f3rganos administrativos.<br \/>\nTEMA 8: La Organizaci\u00f3n territorial del Estado: las Comunidades Aut\u00f3nomas. Constituci\u00f3n y distribuci\u00f3n de competencias entre el Estado y las Comunidades Aut\u00f3nomas. Estatutos de Autonom\u00eda.<br \/>\nTEMA 9: La Administraci\u00f3n local: entidades que la integran. La provincia, el municipio y la isla<br \/>\nTEMA 10: La organizaci\u00f3n de la Uni\u00f3n Europea. El Consejo Europeo, el Consejo, el Parlamento Europeo, la Comisi\u00f3n Europea y el Tribunal de Justicia de la Uni\u00f3n Europea. Efectos de la integraci\u00f3n europea sobre la organizaci\u00f3n del Estado espa\u00f1ol.<\/p>\n<p>\u00c1rea Organizaci\u00f3n de Oficinas P\u00fablicas<\/p>\n<p>TEMA 1: Atenci\u00f3n al p\u00fablico. Atenci\u00f3n de personas con discapacidad. Los servicios de informaci\u00f3n administrativa. Informaci\u00f3n general y particular al ciudadano. Iniciativas. Reclamaciones. Quejas. Peticiones.<br \/>\nTEMA 2: Concepto de documento, registro y archivo. Funciones del registro y del archivo. Clases de archivo y criterios de ordenaci\u00f3n.<br \/>\nTEMA 3: Administraci\u00f3n electr\u00f3nica y servicios al ciudadano. An\u00e1lisis de principales p\u00e1ginas web de car\u00e1cter p\u00fablico. Servicios telem\u00e1ticos. Oficinas integradas de atenci\u00f3n al ciudadano. Ventanilla \u00fanica empresarial. El Punto de Acceso General de la Administraci\u00f3n General del Estado.<br \/>\nTEMA 4: La protecci\u00f3n de datos personales. R\u00e9gimen Jur\u00eddico. El Reglamento (UE) 2016\/679, de 27 de abril, relativo a la protecci\u00f3n de las personas f\u00edsicas en lo que respecta al tratamiento de datos personales y a la libre circulaci\u00f3n de estos datos. Principios y derechos. Obligaciones. La Agencia de Protecci\u00f3n de Datos: competencias y funciones.<\/p>\n","protected":false},"excerpt":{"rendered":"<p>\u00c1rea Derecho Administrativo General TEMA 1: Las fuentes del derecho administrativo. La jerarqu\u00eda de las fuentes. La ley. Las disposiciones del Ejecutivo con fuerza de ley: decreto-ley y decreto legislativo. El reglamento: concepto, clases y l\u00edmites. Otras fuentes del derecho administrativo. TEMA 2: El acto administrativo: concepto, clases y elementos. Eficacia y validez de los&hellip;&nbsp;<a href=\"https:\/\/camonclass.com\/tienda\/formacion\/administrativo-estado\/\" rel=\"bookmark\">Leer m\u00e1s &raquo;<span class=\"screen-reader-text\">Administrativo Estado<\/span><\/a><\/p>\n","protected":false},"featured_media":633,"comment_status":"open","ping_status":"closed","template":"","meta":{"neve_meta_sidebar":"","neve_meta_container":"","neve_meta_enable_content_width":"off","neve_meta_content_width":70,"neve_meta_title_alignment":"","neve_meta_author_avatar":"","neve_post_elements_order":"","neve_meta_disable_header":"","neve_meta_disable_footer":"","neve_meta_disable_title":""},"product_brand":[],"product_cat":[22,43],"product_tag":[],"class_list":{"0":"post-873","1":"product","2":"type-product","3":"status-publish","4":"has-post-thumbnail","6":"product_cat-cursos","7":"product_cat-oposiciones","9":"first","10":"instock","11":"sold-individually","12":"shipping-taxable","13":"purchasable","14":"product-type-simple"},"_links":{"self":[{"href":"https:\/\/camonclass.com\/tienda\/wp-json\/wp\/v2\/product\/873","targetHints":{"allow":["GET"]}}],"collection":[{"href":"https:\/\/camonclass.com\/tienda\/wp-json\/wp\/v2\/product"}],"about":[{"href":"https:\/\/camonclass.com\/tienda\/wp-json\/wp\/v2\/types\/product"}],"replies":[{"embeddable":true,"href":"https:\/\/camonclass.com\/tienda\/wp-json\/wp\/v2\/comments?post=873"}],"wp:featuredmedia":[{"embeddable":true,"href":"https:\/\/camonclass.com\/tienda\/wp-json\/wp\/v2\/media\/633"}],"wp:attachment":[{"href":"https:\/\/camonclass.com\/tienda\/wp-json\/wp\/v2\/media?parent=873"}],"wp:term":[{"taxonomy":"product_brand","embeddable":true,"href":"https:\/\/camonclass.com\/tienda\/wp-json\/wp\/v2\/product_brand?post=873"},{"taxonomy":"product_cat","embeddable":true,"href":"https:\/\/camonclass.com\/tienda\/wp-json\/wp\/v2\/product_cat?post=873"},{"taxonomy":"product_tag","embeddable":true,"href":"https:\/\/camonclass.com\/tienda\/wp-json\/wp\/v2\/product_tag?post=873"}],"curies":[{"name":"wp","href":"https:\/\/api.w.org\/{rel}","templated":true}]}}