{"id":876,"date":"2022-07-25T16:38:55","date_gmt":"2022-07-25T16:38:55","guid":{"rendered":"https:\/\/camonclass.vertice.org\/formacion\/policia-nacional\/"},"modified":"2022-07-26T08:37:15","modified_gmt":"2022-07-26T08:37:15","slug":"policia-nacional","status":"publish","type":"product","link":"https:\/\/camonclass.com\/tienda\/formacion\/policia-nacional\/","title":{"rendered":"Policia Nacional"},"content":{"rendered":"<div>M\u00f3dulo Ciencias Jur\u00eddicas<\/div>\n<div>Tema 01. El Derecho: Concepto y acepciones. Las normas jur\u00eddicas positivas: Concepto, estructura, clases y caracteres. El principio de jerarqu\u00eda normativa. La persona en sentido jur\u00eddico: Concepto y clases; su nacimiento y extinci\u00f3n; capacidad jur\u00eddica y capacidad de obrar. Adquisici\u00f3n, conservaci\u00f3n y p\u00e9rdida de la nacionalidad espa\u00f1ola. El domicilio. La vecindad civil.<\/div>\n<div>Tema 02. La Constituci\u00f3n Espa\u00f1ola (I): Estructura y caracteres de la Constituci\u00f3n Espa\u00f1ola de 1978. Los valores de la Constituci\u00f3n. Los principios del r\u00e9gimen constitucional: Estado democr\u00e1tico, Estado de derecho, Estado social, Monarqu\u00eda parlamentaria y Estado autonomista. Los derechos y deberes fundamentales establecidos en la Constituci\u00f3n: Especial referencia a los derechos fundamentales y libertades p\u00fablicas, as\u00ed como, a las garant\u00edas de los mismos y a la suspensi\u00f3n de los derechos y libertades. Protecci\u00f3n de Datos Personales y garant\u00eda de los derechos digitales: normativa comunitaria y nacional. El Defensor del Pueblo.<\/div>\n<div>Tema 03. La Constituci\u00f3n Espa\u00f1ola (II): De la Corona. De las Cortes Generales. Del Gobierno y la Administraci\u00f3n. De las relaciones entre el Gobierno y las Cortes Generales. Del Poder Judicial. De la organizaci\u00f3n territorial del Estado. Del Tribunal Constitucional. De la reforma constitucional.<\/div>\n<div>Tema 04. La Uni\u00f3n Europea: Referencia hist\u00f3rica. El Derecho derivado. Instituciones m\u00e1s importantes de la Uni\u00f3n Europea. La cooperaci\u00f3n policial internacional. Especial referencia al Tribunal Europeo de Derechos Humanos y el Tribunal de Justicia de la Uni\u00f3n Europea<\/div>\n<div>Tema 05. La organizaci\u00f3n y funcionamiento de la Administraci\u00f3n General del Estado: Principios de organizaci\u00f3n, funcionamiento y relaciones con los ciudadanos; \u00f3rganos superiores y \u00f3rganos directivos en la organizaci\u00f3n central. El Gobierno: Composici\u00f3n, organizaci\u00f3n y funciones; el Gobierno en funciones.<\/div>\n<div>Tema 06. Los funcionarios p\u00fablicos: Concepto y clases. Adquisici\u00f3n y p\u00e9rdida de la condici\u00f3n de funcionario.<\/div>\n<div>Tema 07. El Ministerio del Interior: Estructura org\u00e1nica b\u00e1sica. La Secretar\u00eda de Estado de Seguridad: Estructura y funciones.<\/div>\n<div>Tema 08. La Direcci\u00f3n General de la Polic\u00eda. Estructura org\u00e1nica y funciones de los servicios centrales y perif\u00e9ricos de la Polic\u00eda Nacional. La Polic\u00eda Nacional: Funciones, escalas y categor\u00edas; sistemas de acceso; r\u00e9gimen disciplinario y situaciones administrativas.<\/div>\n<div>Tema 09. La Ley Org\u00e1nica 2\/1986, de 13 de marzo, de Fuerzas y Cuerpos de Seguridad: Disposiciones generales; principios b\u00e1sicos de actuaci\u00f3n; disposiciones estatutarias comunes. De las Fuerzas y Cuerpos de Seguridad del Estado: Los derechos de representaci\u00f3n colectiva; el Consejo de Polic\u00eda; organizaci\u00f3n de las unidades de Polic\u00eda Judicial; de las Polic\u00edas de las Comunidades Aut\u00f3nomas; de la colaboraci\u00f3n y coordinaci\u00f3n entre el Estado y las Comunidades Aut\u00f3nomas; de las Polic\u00edas Locales.<\/div>\n<div>Tema 10. Entrada, libre circulaci\u00f3n y residencia en Espa\u00f1a de ciudadanos de los Estados miembros de la Uni\u00f3n Europea y de otros Estados parte en el Acuerdo sobre el Espacio Econ\u00f3mico Europeo. Derechos y libertades de los extranjeros en Espa\u00f1a y su integraci\u00f3n social. La entrada y salida del territorio espa\u00f1ol. La autorizaci\u00f3n de estancia y de residencia.<\/div>\n<div>Tema 11. De las infracciones en materia de extranjer\u00eda y su r\u00e9gimen sancionador. Tipos de infracciones: infracciones leves, infracciones graves e infracciones muy graves. Sanciones. Prescripci\u00f3n de las infracciones y de las sanciones. Efectos de la expulsi\u00f3n y devoluci\u00f3n. Efectos de la denegaci\u00f3n de entrada.<\/div>\n<div>Tema 12. La protecci\u00f3n internacional. Reglas procedimentales para el reconocimiento de la protecci\u00f3n internacional. De los menores y otras personas vulnerables. Centros de acogida a refugiados. Ap\u00e1tridas y desplazados.<\/div>\n<div>Tema 13. Disposiciones generales en materia de seguridad privada en Espa\u00f1a. Coordinaci\u00f3n. Empresas de seguridad privada y despachos de detectives privados. Personal de seguridad privada. Servicios y medidas de seguridad.<\/div>\n<div>Tema 14. La Ley Org\u00e1nica 4\/2015, de 30 de marzo, de protecci\u00f3n de la seguridad ciudadana. Disposiciones generales. Documentaci\u00f3n e identificaci\u00f3n personal. Actuaciones para el mantenimiento y restablecimiento de la seguridad ciudadana. Potestades especiales de polic\u00eda administrativa de seguridad. R\u00e9gimen sancionador.<\/div>\n<div>Tema 15. Medidas para la protecci\u00f3n de infraestructuras cr\u00edticas. El Cat\u00e1logo nacional de infraestructuras cr\u00edticas. El sistema de protecci\u00f3n de infraestructuras cr\u00edticas. Ciberseguridad.<\/div>\n<div>Tema 16. Derecho Penal Parte General: Concepto. Principios informadores del Derecho Penal. La infracci\u00f3n penal. Concepto material de delito. Grados de ejecuci\u00f3n del delito. Personas f\u00edsicas y jur\u00eddicas criminalmente responsables. Las consecuencias jur\u00eddicas de la infracci\u00f3n penal. Vigencia temporal y espacial de la Ley Penal. La edad penal y sus efectos. Circunstancias modificativas de la responsabilidad criminal.<\/div>\n<div>Tema 17. Derecho Penal Especial: Del homicidio y sus formas. Del aborto. De las lesiones. Delitos contra la libertad. De las torturas y otros delitos contra la integridad moral. Delitos contra la libertad e indemnidad sexuales.<\/div>\n<div>Tema 18. Delitos contra el patrimonio y contra el orden socioecon\u00f3mico. El hurto. El robo. La extorsi\u00f3n. Robo y hurto de uso de veh\u00edculos a motor. Usurpaci\u00f3n. De las defraudaciones: estafas; apropiaci\u00f3n indebida; defraudaciones de fluido el\u00e9ctrico y an\u00e1logas.<\/div>\n<div>Tema 19. Delitos contra el orden p\u00fablico: sedici\u00f3n. Atentados contra la autoridad, sus agentes y los funcionarios p\u00fablicos, resistencia y desobediencia. Des\u00f3rdenes p\u00fablicos. Disposici\u00f3n com\u00fan. Tenencia, tr\u00e1fico y dep\u00f3sito de armas, municiones o explosivos.<\/div>\n<div>Tema 20. Delitos inform\u00e1ticos. Especial consideraci\u00f3n al derecho a la intimidad. La prueba digital en el proceso penal.<\/div>\n<div>Tema 21. Noci\u00f3n de Derecho Procesal Penal. Concepto de jurisdicci\u00f3n y de competencia. Los \u00f3rganos de la jurisdicci\u00f3n penal. Concepto de denuncia y la obligaci\u00f3n de denunciar. La detenci\u00f3n: Concepto y duraci\u00f3n. La obligaci\u00f3n de detener. Los derechos del detenido. El procedimiento de habeas corpus. El Ministerio Fiscal: Funciones. La Polic\u00eda Judicial.<\/div>\n<div>Tema 22. La Ley 4\/2015, de 27 de abril, del Estatuto de la v\u00edctima del delito. \u00c1mbito. Concepto general de v\u00edctima. Derechos b\u00e1sicos. Protecci\u00f3n de las v\u00edctimas. Medidas de protecci\u00f3n a la v\u00edctima.<\/div>\n<div>Tema 23. Medidas de protecci\u00f3n integral contra la violencia de g\u00e9nero. Principios rectores. Sensibilizaci\u00f3n, prevenci\u00f3n y detecci\u00f3n. Derechos de las mujeres v\u00edctimas de violencia de g\u00e9nero. Marco normativo y actuaciones encaminadas a favorecer la igualdad entre hombres y mujeres.<\/div>\n<div>Tema 24. Introducci\u00f3n a la Prevenci\u00f3n de Riesgos Laborales. Concepto general de trabajo. Concepto de salud y condiciones de trabajo. El trabajo y la salud. Concepto general de riesgos Laborales. Principios generales de la actividad preventiva. Conceptos de prevenci\u00f3n y protecci\u00f3n. Consecuencia de los riesgos. Da\u00f1os a la salud.<\/div>\n<div>Tema 25. Marco normativo b\u00e1sico en prevenci\u00f3n de riesgos laborales. La Ley 31\/1995, de Prevenci\u00f3n de Riesgos Laborales. RD 39\/1997, Reglamento de los servicios de prevenci\u00f3n. El RD 2\/2006, sobre Prevenci\u00f3n de Riesgos Laborales en los funcionarios del Cuerpo Nacional de Polic\u00eda. El RD 67\/2010 sobre adaptaci\u00f3n de la Prevenci\u00f3n de Riesgos Laborales en la Administraci\u00f3n General del Estado. Derechos y deberes b\u00e1sicos en materia de Prevenci\u00f3n de Riesgos laborales.<\/div>\n<div>Tema 26. La protecci\u00f3n de datos de car\u00e1cter personal: La Ley Org\u00e1nica 3\/2018, de 5 de diciembre, de Protecci\u00f3n de Datos Personales y garant\u00eda de los derechos digitales. Ley Org\u00e1nica 7\/2021, de 26 de mayo, de protecci\u00f3n de datos personales tratados para fines de prevenci\u00f3n, detecci\u00f3n, investigaci\u00f3n y enjuiciamiento de infracciones penales y de ejecuci\u00f3n de sanciones penales.<\/div>\n<div><\/div>\n<div>M\u00f3dulo Ciencias Sociales<\/div>\n<div>Tema 27. Derechos Humanos. Declaraci\u00f3n Universal de Derechos Humanos. Convenio Europeo para la Protecci\u00f3n de los Derechos Humanos y Libertades Fundamentales. Convenio contra la Tortura. Protocolo facultativo de la Convenci\u00f3n contra la tortura. Mecanismo Nacional de Prevenci\u00f3n de la Tortura del Defensor del Pueblo.<\/div>\n<div>Tema 28. Globalizaci\u00f3n y antiglobalizaci\u00f3n. Conceptos y caracter\u00edsticas. Consecuencia de la globalizaci\u00f3n. Reacciones a la globalizaci\u00f3n. El Movimiento Antiglobalizaci\u00f3n: Organizaciones, objetivos e historia. El Foro Social Mundial.<\/div>\n<div>Tema 29. Actitudes y valores sociales. Formaci\u00f3n de las actitudes: Concepto, componentes y funciones. Estereotipos, prejuicios y discriminaci\u00f3n. Actitudes de la personalidad autoritaria: Xenofobia y dogmatismo. Los grupos sociales.<\/div>\n<div>Tema 30. Principios \u00e9ticos de la sociedad actual. Transmisi\u00f3n de valores en la sociedad actual: Proceso de socializaci\u00f3n. Libertad responsabilidad. Igualdad \u2013 solidaridad. Tolerancia. Contravalores, reacciones sociales a los valores mayoritarios: Racismo, fanatismo, fundamentalismo, sectarismo, hooliganismo. Especial consideraci\u00f3n de los delitos de odio.<\/div>\n<div>Tema 31. Inmigraci\u00f3n. Movimientos migratorios: Concepto y causas de las migraciones. Tipos y efectos. Las grandes migraciones a trav\u00e9s de la historia. Las migraciones en la actualidad. Integraci\u00f3n social: Factor esencial de la cohesi\u00f3n social.<\/div>\n<div>Tema 32. Concepto de geograf\u00eda humana. La ciudad, corrientes de estudio de la misma. Poblaci\u00f3n, estructura y grupos sociales. La demograf\u00eda: Densidad demogr\u00e1fica, tasas de natalidad y mortalidad, crecimiento vegetativo. La sociedad de masas. Contaminaci\u00f3n y protecci\u00f3n del medio ambiente.<\/div>\n<div>Tema 33. La seguridad. Concepto. Seguridad individual y seguridad colectiva. Seguridad p\u00fablica y seguridad privada. La inseguridad. Teor\u00edas explicativas de la delincuencia: Concepto, modelos explicativos y clases de delincuencia.<\/div>\n<div>Tema 34. Drogodependencias. Conceptos de droga, consumidor, m\u00e9todos de administraci\u00f3n, adicci\u00f3n, dependencia, tolerancia, politoxicoman\u00edas. Clasificaci\u00f3n de las drogas. \u00daltimas tendencias en el consumo de drogas en nuestra sociedad.<\/div>\n<div>Tema 35. El desarrollo sostenible. Concepto. Coordinaci\u00f3n y cooperaci\u00f3n internacional. Sociedad y desarrollo sostenible. Instrumentos de gesti\u00f3n ambiental.<\/div>\n<div>Tema 36. Ortograf\u00eda de la lengua espa\u00f1ola. Reglas ortogr\u00e1ficas. Uso de las letras o grafemas. Uso de la tilde, de los signos ortogr\u00e1ficos y de las letras may\u00fasculas y min\u00fasculas. Representaci\u00f3n gr\u00e1fica de las unidades l\u00e9xicas. Ortograf\u00eda de las expresiones procedentes de otras lenguas, de nombres propios y expresiones num\u00e9ricas.<\/div>\n<div><\/div>\n<div>M\u00f3dulo Materias T\u00e9cnico-Cient\u00edficas<\/div>\n<div>Tema 37. Fundamentos de sistemas operativos: Funciones de un sistema operativo. Tipolog\u00edas: MS\/DOS; UNIX; Linux; Windows; MAC OS. Sistemas operativos m\u00f3viles: iOS, Android. Sistemas de almacenamiento. Sistemas de archivos.<\/div>\n<div>Tema 38. Redes inform\u00e1ticas: Modelo OSI. Modelo TCP\/IP. Dispositivos de red: Concentradores (hubs); conmutadores (switches); encaminadores (routers); cortafuegos (firewall); servidores DHCP; servidores DNS; servidores proxy. Direccionamiento IP: Clase de redes; IPv4; IPv6.<\/div>\n<div>Tema 39. Inteligencia: Dato, informaci\u00f3n e inteligencia. Tipolog\u00edas de Inteligencia. Ciclo de la Inteligencia. Inteligencia de Fuentes Abiertas (OSINT). Surface Web. Deep Web. Dark Web. Darknet.<\/div>\n<div>Tema 40. Ciberdelincuencia y agentes de la Amenaza: Botnet; Business E\u2013mail Compromise; Cartas nigerianas; Cryptojacking; Denegaci\u00f3n de servicio; Ingenier\u00eda social; Inyecci\u00f3n SQL; Malware; Pharming; Phishing; Spear phishing; Ransomware; Skimming; Spoofing; Spyware, Troyano; XSS; Zero\u2013day. Cibercriminales. Crime as Service. Hacktivistas. Insider threat. APTs. Cyber Kill Chain.<\/div>\n<div>Tema 41. Origen de las armas de fuego. Definici\u00f3n, clasificaci\u00f3n, categor\u00edas y funcionamiento de las armas de fuego: especial referencia al reglamento de armas. Cartucho: Definici\u00f3n y componentes. Armas prohibidas. Documentaci\u00f3n que ampara la tenencia y porte de armas. Bal\u00edstica forense.<\/div>\n<div>Tema 42. El veh\u00edculo prioritario. Definici\u00f3n de veh\u00edculo prioritario. Facultades de los conductores de veh\u00edculos prioritarios. Comportamiento de los dem\u00e1s conductores respecto de los veh\u00edculos prioritarios. La conducci\u00f3n de veh\u00edculos en situaci\u00f3n de emergencia. Utilizaci\u00f3n de las se\u00f1ales de emergencia.<\/div>\n<div>Tema 43. La Seguridad en la Conducci\u00f3n de Veh\u00edculos Prioritarios. Definici\u00f3n de Seguridad Activa y Pasiva. Sistemas de Seguridad Activa y Pasiva en veh\u00edculos tipo turismo y motocicleta. Influencia de los Sistemas de Seguridad en los accidentes de tr\u00e1fico. Repercusi\u00f3n de los Sistemas de Seguridad en la conducci\u00f3n policial y traslado de detenidos.<\/div>\n<div>Tema 44. Prevenci\u00f3n de Riesgos Laborales en Seguridad Vial. Factores del Tr\u00e1fico y su influencia en la siniestralidad vial. Factor Humano, Factor Ambiental y Factor Veh\u00edculo. Riesgos Laborales en la conducci\u00f3n de veh\u00edculos prioritarios. Equipos de Protecci\u00f3n Individual del conductor y pasajeros de veh\u00edculos policiales. Estrategias y mantenimiento preventivo del veh\u00edculo prioritario.<\/div>\n","protected":false},"excerpt":{"rendered":"<p>M\u00f3dulo Ciencias Jur\u00eddicas Tema 01. El Derecho: Concepto y acepciones. Las normas jur\u00eddicas positivas: Concepto, estructura, clases y caracteres. El principio de jerarqu\u00eda normativa. La persona en sentido jur\u00eddico: Concepto y clases; su nacimiento y extinci\u00f3n; capacidad jur\u00eddica y capacidad de obrar. Adquisici\u00f3n, conservaci\u00f3n y p\u00e9rdida de la nacionalidad espa\u00f1ola. El domicilio. La vecindad civil.&hellip;&nbsp;<a href=\"https:\/\/camonclass.com\/tienda\/formacion\/policia-nacional\/\" rel=\"bookmark\">Leer m\u00e1s &raquo;<span class=\"screen-reader-text\">Policia Nacional<\/span><\/a><\/p>\n","protected":false},"featured_media":893,"comment_status":"open","ping_status":"closed","template":"","meta":{"neve_meta_sidebar":"","neve_meta_container":"","neve_meta_enable_content_width":"off","neve_meta_content_width":70,"neve_meta_title_alignment":"","neve_meta_author_avatar":"","neve_post_elements_order":"","neve_meta_disable_header":"","neve_meta_disable_footer":"","neve_meta_disable_title":""},"product_brand":[],"product_cat":[22,43],"product_tag":[],"class_list":{"0":"post-876","1":"product","2":"type-product","3":"status-publish","4":"has-post-thumbnail","6":"product_cat-cursos","7":"product_cat-oposiciones","9":"first","10":"instock","11":"sold-individually","12":"shipping-taxable","13":"purchasable","14":"product-type-simple"},"_links":{"self":[{"href":"https:\/\/camonclass.com\/tienda\/wp-json\/wp\/v2\/product\/876","targetHints":{"allow":["GET"]}}],"collection":[{"href":"https:\/\/camonclass.com\/tienda\/wp-json\/wp\/v2\/product"}],"about":[{"href":"https:\/\/camonclass.com\/tienda\/wp-json\/wp\/v2\/types\/product"}],"replies":[{"embeddable":true,"href":"https:\/\/camonclass.com\/tienda\/wp-json\/wp\/v2\/comments?post=876"}],"wp:featuredmedia":[{"embeddable":true,"href":"https:\/\/camonclass.com\/tienda\/wp-json\/wp\/v2\/media\/893"}],"wp:attachment":[{"href":"https:\/\/camonclass.com\/tienda\/wp-json\/wp\/v2\/media?parent=876"}],"wp:term":[{"taxonomy":"product_brand","embeddable":true,"href":"https:\/\/camonclass.com\/tienda\/wp-json\/wp\/v2\/product_brand?post=876"},{"taxonomy":"product_cat","embeddable":true,"href":"https:\/\/camonclass.com\/tienda\/wp-json\/wp\/v2\/product_cat?post=876"},{"taxonomy":"product_tag","embeddable":true,"href":"https:\/\/camonclass.com\/tienda\/wp-json\/wp\/v2\/product_tag?post=876"}],"curies":[{"name":"wp","href":"https:\/\/api.w.org\/{rel}","templated":true}]}}