{"id":877,"date":"2022-07-25T16:38:56","date_gmt":"2022-07-25T16:38:56","guid":{"rendered":"https:\/\/camonclass.vertice.org\/formacion\/policia-local\/"},"modified":"2022-07-26T08:27:42","modified_gmt":"2022-07-26T08:27:42","slug":"policia-local","status":"publish","type":"product","link":"https:\/\/camonclass.com\/tienda\/formacion\/policia-local\/","title":{"rendered":"Polic\u00eda local"},"content":{"rendered":"<p>\u00c1rea Derecho<\/p>\n<p>TEMA 1. El Estado. Concepto. Elementos. La divisi\u00f3n de poderes. Funciones. Organizaci\u00f3n del Estado Espa\u00f1ol. Antecedentes constitucionales en Espa\u00f1a. La Constituci\u00f3n Espa\u00f1ola de 1978. Estructura y contenido. La reforma de la Constituci\u00f3n Espa\u00f1ola. El Estado espa\u00f1ol como Estado Social y Democr\u00e1tico de Derecho. Derechos y deberes constitucionales; clasificaci\u00f3n y diferenciaci\u00f3n<br \/>\nTEMA 2. Derechos fundamentales y libertades p\u00fablicas I: derecho a la vida e integridad. Libertad ideol\u00f3gica, religiosa y de culto. Derecho a la libertad y seguridad. Derecho al honor, a la intimidad personal y familiar y a la propia imagen. La inviolabilidad del domicilio y el secreto de las comunicaciones. La libertad de residencia y de circulaci\u00f3n. El derecho a la libertad de expresi\u00f3n reconocido en el art\u00edculo 20 de la Constituci\u00f3n.<br \/>\nTEMA 3. Derechos fundamentales y libertades p\u00fablicas II: Derecho de reuni\u00f3n. Derecho de asociaci\u00f3n. Derecho a la participaci\u00f3n en los asuntos p\u00fablicos y al acceso a funciones y cargos p\u00fablicos. La tutela judicial efectiva y la prohibici\u00f3n de indefensi\u00f3n. La imposici\u00f3n de condena o sanci\u00f3n del art\u00edculo 25 de la Constituci\u00f3n, sentido de las penas y medidas de seguridad. Prohibici\u00f3n de Tribunales de honor<br \/>\nTEMA 4. Derechos y deberes de los ciudadanos. Los principios rectores de la pol\u00edtica social y econ\u00f3mica. Las garant\u00edas de los derechos y libertades. Suspensi\u00f3n general e individual de los mismos. El Defensor del Pueblo.<br \/>\nTEMA 5. La Corona. Las Cortes Generales. Estructura y competencias. Procedimiento de elaboraci\u00f3n de las leyes. Formas de Gobierno. El Gobierno y la Administraci\u00f3n. Relaciones del Gobierno con las Cortes Generales. Funciones del Gobierno<br \/>\nTEMA 6. El Poder Judicial. Principios constitucionales. Estructura y organizaci\u00f3n del sistema judicial espa\u00f1ol. El Tribunal Constitucional.<br \/>\nTEMA 7. Organizaci\u00f3n territorial del Estado. Las comunidades aut\u00f3nomas. El Estatuto de Autonom\u00eda de Andaluc\u00eda. Estructura y disposiciones generales. Instituciones: Parlamento. Presidente y Consejo de Gobierno. Menci\u00f3n al Tribunal Superior de Justicia<br \/>\nTEMA 8. Relaci\u00f3n de la Junta de Andaluc\u00eda con la Administraci\u00f3n del Estado y con otras Comunidades Aut\u00f3nomas. Idea general de las competencias de la Comunidad Aut\u00f3noma de Andaluc\u00eda. La reforma del Estatuto de Autonom\u00eda para Andaluc\u00eda.<br \/>\nTEMA 9. El Derecho Administrativo. Fuentes y jerarqu\u00eda de las normas<br \/>\nTEMA 10. El acto administrativo. Concepto. Elementos. Clases. La validez de los actos administrativos; nulidad y anulabilidad. Notificaci\u00f3n de actos administrativos. C\u00f3mputo de plazos. Recursos administrativos. Alzada y reposici\u00f3n; el recurso extraordinario de revisi\u00f3n.<br \/>\nTEMA 11. El procedimiento administrativo. Concepto y principios generales. Clases. Los interesados. La estructura del procedimiento administrativo.<br \/>\nTEMAS 12. El R\u00e9gimen Local Espa\u00f1ol. Principios constitucionales y regulaci\u00f3n jur\u00eddica. Tipos de entidades locales.<br \/>\nTEMAS 13. El municipio. Concepto y elementos. Competencias municipales. La provincia: concepto, elementos y competencias. La organizaci\u00f3n y funcionamiento del municipio. El pleno. El alcalde. La Junta de Gobierno Local. Otros \u00f3rganos municipales.<br \/>\nTEMA 14. Ordenanzas, reglamentos y bandos. Clases y procedimiento de elaboraci\u00f3n y aprobaci\u00f3n<br \/>\nTEMA 15. La licencia municipal. Tipos. Actividades sometidas a licencia. Tramitaci\u00f3n<br \/>\nTEMA 16. Funci\u00f3n P\u00fablica Local. Su organizaci\u00f3n. Adquisici\u00f3n y p\u00e9rdida de la condici\u00f3n de funcionario. Derechos, deberes e incompatibilidades de los funcionarios. Situaciones administrativas.<br \/>\nTEMA 17. Ley Org\u00e1nica de Fuerzas y Cuerpos de Seguridad. Funciones de la Polic\u00eda Local.<br \/>\nTEMA 18. Ley de Coordinaci\u00f3n de las Polic\u00edas Locales de Andaluc\u00eda y normas de desarrollo. R\u00e9gimen disciplinario: Disposiciones generales y faltas disciplinarias.<br \/>\nTEMA 19. La actividad de la Polic\u00eda Local como polic\u00eda administrativa I. Consumo. Abastos. Mercados. Venta ambulante. Espect\u00e1culos y establecimientos p\u00fablicos.<br \/>\nTEMA 20. La actividad de la Polic\u00eda Local como polic\u00eda administrativa II. Urbanismo. Infracciones y Sanciones. La protecci\u00f3n ambiental: prevenci\u00f3n y calidad ambiental, residuos y disciplina ambiental<br \/>\nTEMA 21. La Ley de Gesti\u00f3n de Emergencias en Andaluc\u00eda y normas de desarrollo.<br \/>\nTEMA 22. Delitos y faltas. Circunstancias modificativas de la responsabilidad criminal. Personas responsables: autores, c\u00f3mplices y encubridores. Grados de perfecci\u00f3n del delito.<br \/>\nTEMA 23. Delitos cometidos con ocasi\u00f3n del ejercicio de los derechos fundamentales y de las libertades p\u00fablicas garantizados por la Constituci\u00f3n. Delitos cometidos por los funcionarios p\u00fablicos contra las garant\u00edas constitucionales.<br \/>\nTEMA 24. Delitos contra la Administraci\u00f3n P\u00fablica. Atentados contra la Autoridad y sus Agentes. Des\u00f3rdenes p\u00fablicos.<br \/>\nTEMA 25. Homicidio y sus formas. Faltas contra las personas. Delitos y faltas contra el patrimonio y el orden socioecon\u00f3mico<br \/>\nTEMA 26. Delitos contra la seguridad del tr\u00e1fico. Faltas cometidas con ocasi\u00f3n de la circulaci\u00f3n de veh\u00edculos a motor. Lesiones y da\u00f1os imprudentes. Carencia del seguro obligatorio.<br \/>\nTEMA 27. El atestado policial en la Ley de Enjuiciamiento Criminal. Concepto y estructura.<br \/>\nTEMA 28. Detenci\u00f3n: concepto, clases y supuestos. Plazos de detenci\u00f3n. Obligaciones del funcionario que efect\u00faa una detenci\u00f3n. Contenido de la asistencia letrada. Derecho del detenido. Responsabilidades penales en las que puede incurrir el funcionario que efect\u00faa una detenci\u00f3n. El procedimiento de \u201cHabeas Corpus<br \/>\nTEMA 29. Ley de Seguridad Vial. Reglamentos de desarrollo. Estructuras y conceptos generales<br \/>\nTEMA 30. Normas generales de circulaci\u00f3n: velocidad, sentido, cambios de direcci\u00f3n. Adelantamientos. Obst\u00e1culos. Parada y estacionamiento. Transporte de materias que requieren precauciones especiales<br \/>\nTEMA 31. Circulaci\u00f3n de peatones. Circulaci\u00f3n urbana. Conductores, Marcha atr\u00e1s. Trabajos eventuales. Instalaciones en la v\u00eda p\u00fablica. Circulaci\u00f3n de bicicletas y ciclomotores. Se\u00f1ales de circulaci\u00f3n. Clasificaci\u00f3n y orden de preeminencia.<br \/>\nTEMA 32. Procedimiento sancionador por infracciones a la Normativa de Circulaci\u00f3n. Actuaciones complementarias. Inmovilizaci\u00f3n y retirada de veh\u00edculos de la v\u00eda p\u00fablica.<br \/>\nTEMA 33. Accidentes de circulaci\u00f3n: definici\u00f3n, tipos y actuaciones de la Polic\u00eda Local. Alcoholemia. Datos. Su consideraci\u00f3n seg\u00fan la normativa vigente. Procedimiento de averiguaci\u00f3n del grado de impregnaci\u00f3n alcoh\u00f3lica<br \/>\nTEMA 34. Estructura econ\u00f3mica y social de Andaluc\u00eda: demograf\u00eda, econom\u00eda, servicios p\u00fablicos, sociedad civil, nuevas tecnolog\u00edas, patrimonio ecol\u00f3gico, social y cultural.<br \/>\nTEMA 35. Vida en sociedad. Proceso de socializaci\u00f3n. Formaci\u00f3n de grupo sociales y masas. Procesos de exclusi\u00f3n e inclusi\u00f3n social. La delincuencia: tipolog\u00edas y modelos explicativos. La Polic\u00eda como servicio a la ciudadan\u00eda. Colaboraci\u00f3n con otros servicios municipales<br \/>\nTEMA 36. Comunicaci\u00f3n: elementos, redes, flujos, obst\u00e1culos. Comunicaci\u00f3n con superiores y subordinados.Equipos de trabajo y atenci\u00f3n a la ciudadan\u00eda<br \/>\nTEMA 37. Minor\u00edas \u00e9tnicas y culturales. Racismo y xenofobia. Actitud policial ante la sociedad intercultural.<br \/>\nTEMA 38. Igualdad de oportunidades de hombres y mujeres en Andaluc\u00eda: conceptos b\u00e1sicos; socializaci\u00f3n e igualdad; pol\u00edticas p\u00fablicas de igualdad de g\u00e9nero. Violencia contra las mujeres: descripci\u00f3n, planes de erradicaci\u00f3n y atenci\u00f3n coordinada a las v\u00edctimas.<br \/>\nTEMA 39. La Polic\u00eda en la sociedad democr\u00e1tica. El mandato constitucional. Valores que propugna la sociedad democr\u00e1tica. La dignidad de la persona. Sentido \u00e9tico de la prevenci\u00f3n y la represi\u00f3n.<br \/>\nTEMA 40. Deontolog\u00eda policial. Normas que la establecen.<\/p>\n<p>\u00c1rea Psicot\u00e9cnicos<\/p>\n<p>EXPLICACI\u00d3N. TEST RAZONAMIENTO VERBAL Y EJERCICIOS TEST NO OFICIALES DE ESTE TIPO<br \/>\nEXPLICACI\u00d3N TEST RAZONAMIENTO SERIES N\u00daMEROS Y LETRAS. EJERCICIOS TEST NO OFICIALES DE ESTE TIPO<br \/>\nRAZONAMIENTO PERCEPCI\u00d3N Y MEMORIA EJERCICIOS TEST NO OFICIALES DE ESTE TIPO<br \/>\nClasificaci\u00f3n, archivo y resistencia a la fatiga. Razonamiento abstracto figuras<br \/>\nRazonamiento abstracto ecuaciones<br \/>\nRazonamiento espacial, cubos, formas, etc.<br \/>\nRazonamiento figuras de domin\u00f3 y cartas.<br \/>\nRazonamiento num\u00e9rico, problemas y trucos matem\u00e1ticos<br \/>\nRazonamiento mec\u00e1nico<br \/>\nLOS TEST DE PERSONALIDAD<br \/>\nLA ENTREVISTA PERSONAL EXPLICACI\u00d3N M\u00c1S SIMULACRO<br \/>\nBIODATA EXPLICACI\u00d3N M\u00c1S CUMPLIMENTACI\u00d3N DE DOS BIODATAS<\/p>\n","protected":false},"excerpt":{"rendered":"<p>\u00c1rea Derecho TEMA 1. El Estado. Concepto. Elementos. La divisi\u00f3n de poderes. Funciones. Organizaci\u00f3n del Estado Espa\u00f1ol. Antecedentes constitucionales en Espa\u00f1a. La Constituci\u00f3n Espa\u00f1ola de 1978. Estructura y contenido. La reforma de la Constituci\u00f3n Espa\u00f1ola. El Estado espa\u00f1ol como Estado Social y Democr\u00e1tico de Derecho. Derechos y deberes constitucionales; clasificaci\u00f3n y diferenciaci\u00f3n TEMA 2. Derechos&hellip;&nbsp;<a href=\"https:\/\/camonclass.com\/tienda\/formacion\/policia-local\/\" rel=\"bookmark\">Leer m\u00e1s &raquo;<span class=\"screen-reader-text\">Polic\u00eda local<\/span><\/a><\/p>\n","protected":false},"featured_media":893,"comment_status":"open","ping_status":"closed","template":"","meta":{"neve_meta_sidebar":"","neve_meta_container":"","neve_meta_enable_content_width":"off","neve_meta_content_width":70,"neve_meta_title_alignment":"","neve_meta_author_avatar":"","neve_post_elements_order":"","neve_meta_disable_header":"","neve_meta_disable_footer":"","neve_meta_disable_title":""},"product_brand":[],"product_cat":[22,43],"product_tag":[],"class_list":{"0":"post-877","1":"product","2":"type-product","3":"status-publish","4":"has-post-thumbnail","6":"product_cat-cursos","7":"product_cat-oposiciones","9":"first","10":"instock","11":"sold-individually","12":"shipping-taxable","13":"purchasable","14":"product-type-simple"},"_links":{"self":[{"href":"https:\/\/camonclass.com\/tienda\/wp-json\/wp\/v2\/product\/877","targetHints":{"allow":["GET"]}}],"collection":[{"href":"https:\/\/camonclass.com\/tienda\/wp-json\/wp\/v2\/product"}],"about":[{"href":"https:\/\/camonclass.com\/tienda\/wp-json\/wp\/v2\/types\/product"}],"replies":[{"embeddable":true,"href":"https:\/\/camonclass.com\/tienda\/wp-json\/wp\/v2\/comments?post=877"}],"wp:featuredmedia":[{"embeddable":true,"href":"https:\/\/camonclass.com\/tienda\/wp-json\/wp\/v2\/media\/893"}],"wp:attachment":[{"href":"https:\/\/camonclass.com\/tienda\/wp-json\/wp\/v2\/media?parent=877"}],"wp:term":[{"taxonomy":"product_brand","embeddable":true,"href":"https:\/\/camonclass.com\/tienda\/wp-json\/wp\/v2\/product_brand?post=877"},{"taxonomy":"product_cat","embeddable":true,"href":"https:\/\/camonclass.com\/tienda\/wp-json\/wp\/v2\/product_cat?post=877"},{"taxonomy":"product_tag","embeddable":true,"href":"https:\/\/camonclass.com\/tienda\/wp-json\/wp\/v2\/product_tag?post=877"}],"curies":[{"name":"wp","href":"https:\/\/api.w.org\/{rel}","templated":true}]}}