{"id":878,"date":"2022-07-25T16:38:56","date_gmt":"2022-07-25T16:38:56","guid":{"rendered":"https:\/\/camonclass.vertice.org\/formacion\/tramitacion-procesal\/"},"modified":"2022-07-26T07:37:34","modified_gmt":"2022-07-26T07:37:34","slug":"tramitacion-procesal","status":"publish","type":"product","link":"https:\/\/camonclass.com\/tienda\/formacion\/tramitacion-procesal\/","title":{"rendered":"Tramitaci\u00f3n procesal"},"content":{"rendered":"<p>Tema 1: La Constituci\u00f3n espa\u00f1ola de 1978: Estructura y contenido. Las atribuciones de la Corona. Las Cortes Generales: Composici\u00f3n, atribuciones y funcionamiento. La elaboraci\u00f3n de las leyes. El Tribunal Constitucional. Composici\u00f3n y funciones.<br \/>\nTEMA 2: Derecho de igualdad y no discriminaci\u00f3n por raz\u00f3n de g\u00e9nero: especial referencia a la Ley Org\u00e1nica 3\/2007, para la Igualdad Efectiva de Mujeres y Hombres. La Ley Org\u00e1nica 1\/2004, de Medidas de Protecci\u00f3n Integral contra la Violencia de G\u00e9nero. Antecedentes. Objeto y principios rectores. Medidas de sensibilizaci\u00f3n, prevenci\u00f3n y detecci\u00f3n. Derechos de las mujeres v\u00edctimas de la violencia de g\u00e9nero. Tutela instituciona<br \/>\nTEMA 3: El Gobierno y la Administraci\u00f3n. El Presidente del Gobierno. El Consejo de Ministros. Organizaci\u00f3n administrativa espa\u00f1ola: Ministros, Secretarios de Estado, Subsecretarios y Directores Generales. La Administraci\u00f3n perif\u00e9rica del Estado. Los Delegados de Gobierno en la Comunidad Aut\u00f3noma y los Subdelegados de Gobierno.<br \/>\nTEMA 4: Organizaci\u00f3n territorial del Estado en la Constituci\u00f3n. Las Comunidades Aut\u00f3nomas: Su constituci\u00f3n y competencias. Los Estatutos de Autonom\u00eda. La Administraci\u00f3n Local. La provincia y el municipio.<br \/>\nTEMA 5: La Uni\u00f3n Europea. Competencias de la Uni\u00f3n Europea. Instituciones y \u00f3rganos de la Uni\u00f3n Europea: el Parlamento Europeo, el Consejo Europeo, el Consejo de Ministros de la Uni\u00f3n Europea, la Comisi\u00f3n Europea, el Tribunal de Justicia de la Uni\u00f3n Europea y el Tribunal de Cuentas.<br \/>\nTEMA 6: El Poder Judicial. El Consejo General del Poder Judicial: composici\u00f3n y funciones. La jurisdicci\u00f3n: Jueces y Magistrados. La independencia judicial. El Ministerio Fiscal: Organizaci\u00f3n y funciones.<br \/>\nTEMA 7: Organizaci\u00f3n y competencia del Tribunal Supremo, de la Audiencia Nacional, de los Tribunales Superiores de Justicia y de las Audiencias Provinciales.<br \/>\nTEMA 8: Organizaci\u00f3n y competencia: Juzgados de Primera Instancia e Instrucci\u00f3n, Juzgados de lo Penal, Juzgados de lo ContenciosoAdministrativo, Juzgados de lo Social, Juzgados de Vigilancia Penitenciaria, Juzgados de Menores, Juzgados Mercantiles y de Marca comunitaria de Alicante, Juzgados de Violencia sobre la mujer y Juzgados de Paz.<br \/>\nTEMA 9: La carta de Derechos de los Ciudadanos ante la Justicia. Derechos de informaci\u00f3n, de atenci\u00f3n y gesti\u00f3n, de identificaci\u00f3n de actuaciones y funcionarios, derechos ling\u00fc\u00edsticos. Derechos frente a los profesionales que 2 asisten y representan al ciudadano: Abogados, Procuradores, Graduados Sociales. El Derecho a la Justicia Gratuita.<br \/>\nTEMA 10: La modernizaci\u00f3n de la oficina judicial. La nueva oficina judicial: su regulaci\u00f3n en la Ley Org\u00e1nica del Poder Judicial. La Administraci\u00f3n de justicia y las nuevas tecnolog\u00edas: Presentaci\u00f3n de escritos y documentos por v\u00eda telem\u00e1tica. Concepto de expediente digital y firma digital. La Videoconferencia. Incidencia de la legislaci\u00f3n de protecci\u00f3n de datos en el uso de las aplicaciones inform\u00e1ticas.<br \/>\nTEMA 11: El Letrado de la Administraci\u00f3n de Justicia en la Ley Org\u00e1nica del Poder Judicial: funciones y competencias. Ordenaci\u00f3n del cuerpo superior jur\u00eddico de Letrados de la Administraci\u00f3n de Justicia: Secretario de Gobierno y Secretarios Coordinadores.<br \/>\nTEMA 12: Cuerpos de Funcionarios al servicio de la Administraci\u00f3n de Justicia. Cuerpos Generales y Cuerpos Especiales: Definici\u00f3n y Cuerpos que los integran. Cuerpos Especiales: El Cuerpo de M\u00e9dicos Forenses: Funciones.<br \/>\nTEMA 13: Los Cuerpos Generales (I): Funciones. Formas de acceso. Promoci\u00f3n interna. Adquisici\u00f3n y p\u00e9rdida de la condici\u00f3n de funcionario. La rehabilitaci\u00f3n. Derechos, deberes e incompatibilidades. Jornada y horarios. Vacaciones, permisos y licencias.<br \/>\nTEMA 14: Los Cuerpos Generales (II): Situaciones administrativas. Ordenaci\u00f3n de la actividad profesional. Provisi\u00f3n de puestos de trabajo. R\u00e9gimen disciplinario.<br \/>\nTEMA 15: Libertad sindical. El Sindicato en la Constituci\u00f3n Espa\u00f1ola. Elecciones sindicales seg\u00fan la Ley de \u00f3rganos de representaci\u00f3n y el Estatuto B\u00e1sico del Empleado P\u00fablico. El derecho de huelga. Salud y prevenci\u00f3n de riesgos laborales.<br \/>\nTEMA 16: Los procedimientos declarativos en la Ley de Enjuiciamiento Civil 1\/2000: juicio ordinario; juicio verbal; procedimientos especiales. Nociones generales de los procesos especiales en la Ley de Enjuiciamiento Civil. Especial consideraci\u00f3n a los procesos matrimoniales y al procedimiento monitorio; el requerimiento de pago en el juicio monitorio. Nociones generales de jurisdicci\u00f3n voluntaria.<br \/>\nTEMA 17: Los procedimientos de ejecuci\u00f3n en la Ley de Enjuiciamiento Civil.<br \/>\nTEMA 18: Procesos especiales en la Ley de Enjuiciamiento Civil. Especial consideraci\u00f3n a los procesos matrimoniales y al proceso monitorio. El requerimiento de pago en el procedimiento monitorio. El juicio cambiario.<br \/>\nTEMA 19: La jurisdicci\u00f3n voluntaria: Naturaleza y clases de procedimientos.Especial referencia a los actos de conciliaci\u00f3n.<br \/>\nTema 20: Los procedimientos penales en la Ley de Enjuiciamiento Criminal; ordinario, abreviado y de jurado.<br \/>\nTema 21: Procedimiento de juicio sobre delitos leves. Juicios R\u00e1pidos. La ejecuci\u00f3n en el proceso penal, con especial referencia a la ejecuci\u00f3n de los delitos leves. La pieza de responsabilidad civil en el proceso penal.<br \/>\nTema 22: Recurso contencioso-administrativo. Procedimientos ordinarios, abreviados y especiales<br \/>\nTema 23: El proceso laboral. Procedimiento ordinario.Procedimiento por despido.Procesos de seguridad social.<br \/>\nTema 24: Recursos. Cuestiones generales sobre el derecho al recurso. El dep\u00f3sito para recurrir. Los recursos en el \u00e1mbito civil: Reposici\u00f3n, revisi\u00f3n contra resoluciones del Letrado de la Administraci\u00f3n de Justicia, queja, apelaci\u00f3n, y los recursos extraordinarios de infracci\u00f3n procesal y casaci\u00f3n. Los recursos en el procedimiento penal: reforma, apelaci\u00f3n y queja y Recursos extraordinarios. Los recursos contra las resoluciones del Letrado de la Administraci\u00f3n de Justicia.<br \/>\nTema 25: Los actos procesales. Requisitos de los actos procesales: a) lugar; b) tiempo: T\u00e9rminos y plazos: C\u00f3mputo de los plazos; c) forma (consideraci\u00f3n de la lengua oficial). Defectos de los actos: Nulidad, anulabilidad, irregularidad; subsanaci\u00f3n de defectos.<br \/>\nTema 26: Las resoluciones de los \u00f3rganos judiciales. Clases de resoluciones judiciales: Contenido y caracter\u00edsticas. Las resoluciones de los \u00f3rganos judiciales colegiados. Las resoluciones del Letrado de la Administraci\u00f3n de Justicia.<br \/>\nTema 27: Los actos de comunicaci\u00f3n con otros Tribunales y Autoridades: oficios y mandamientos. El auxilio judicial: los exhortos y los mandamientos en el proceso penal. Cooperaci\u00f3n jur\u00eddica internacional: las comisiones rogatorias.<br \/>\nTema 28: Actos de comunicaci\u00f3n a las partes y otros intervinientes en el proceso: notificaciones, requerimientos, citaciones y emplazamientos. Notificaciones, citaciones y mandamientos en el proceso penal. Formas de notificaci\u00f3n y nuevas tecnolog\u00edas.<br \/>\nTema 29: El Registro Civil. Organizaci\u00f3n actual de los Registros Civiles en Espa\u00f1a. Funcionarios encargados de los mismos. Libros y Secciones del Registro. Libros auxiliares.<br \/>\nTema 30: Actas del Registro. Inscripciones de nacimiento, matrimonio y defunci\u00f3n.Nacionalidad y vecindad civil. Certificaciones. Expedientes del Registro Civil.<br \/>\nTema 31: Conceptos de archivo judicial y de documentaci\u00f3n judicial en relaci\u00f3n con la legislaci\u00f3n vigente en materia de archivos judiciales. Formas de remisi\u00f3n de documentaci\u00f3n judicial y relaciones documentales. Nuevas tecnolog\u00edas en los archivos judiciales de gesti\u00f3n. Las juntas de expurgo de la documentaci\u00f3n judicial.<\/p>\n","protected":false},"excerpt":{"rendered":"<p>Tema 1: La Constituci\u00f3n espa\u00f1ola de 1978: Estructura y contenido. Las atribuciones de la Corona. Las Cortes Generales: Composici\u00f3n, atribuciones y funcionamiento. La elaboraci\u00f3n de las leyes. El Tribunal Constitucional. Composici\u00f3n y funciones. TEMA 2: Derecho de igualdad y no discriminaci\u00f3n por raz\u00f3n de g\u00e9nero: especial referencia a la Ley Org\u00e1nica 3\/2007, para la Igualdad&hellip;&nbsp;<a href=\"https:\/\/camonclass.com\/tienda\/formacion\/tramitacion-procesal\/\" rel=\"bookmark\">Leer m\u00e1s &raquo;<span class=\"screen-reader-text\">Tramitaci\u00f3n procesal<\/span><\/a><\/p>\n","protected":false},"featured_media":597,"comment_status":"open","ping_status":"closed","template":"","meta":{"neve_meta_sidebar":"","neve_meta_container":"","neve_meta_enable_content_width":"off","neve_meta_content_width":70,"neve_meta_title_alignment":"","neve_meta_author_avatar":"","neve_post_elements_order":"","neve_meta_disable_header":"","neve_meta_disable_footer":"","neve_meta_disable_title":""},"product_brand":[],"product_cat":[22,43],"product_tag":[],"class_list":{"0":"post-878","1":"product","2":"type-product","3":"status-publish","4":"has-post-thumbnail","6":"product_cat-cursos","7":"product_cat-oposiciones","9":"first","10":"instock","11":"sold-individually","12":"shipping-taxable","13":"purchasable","14":"product-type-simple"},"_links":{"self":[{"href":"https:\/\/camonclass.com\/tienda\/wp-json\/wp\/v2\/product\/878","targetHints":{"allow":["GET"]}}],"collection":[{"href":"https:\/\/camonclass.com\/tienda\/wp-json\/wp\/v2\/product"}],"about":[{"href":"https:\/\/camonclass.com\/tienda\/wp-json\/wp\/v2\/types\/product"}],"replies":[{"embeddable":true,"href":"https:\/\/camonclass.com\/tienda\/wp-json\/wp\/v2\/comments?post=878"}],"wp:featuredmedia":[{"embeddable":true,"href":"https:\/\/camonclass.com\/tienda\/wp-json\/wp\/v2\/media\/597"}],"wp:attachment":[{"href":"https:\/\/camonclass.com\/tienda\/wp-json\/wp\/v2\/media?parent=878"}],"wp:term":[{"taxonomy":"product_brand","embeddable":true,"href":"https:\/\/camonclass.com\/tienda\/wp-json\/wp\/v2\/product_brand?post=878"},{"taxonomy":"product_cat","embeddable":true,"href":"https:\/\/camonclass.com\/tienda\/wp-json\/wp\/v2\/product_cat?post=878"},{"taxonomy":"product_tag","embeddable":true,"href":"https:\/\/camonclass.com\/tienda\/wp-json\/wp\/v2\/product_tag?post=878"}],"curies":[{"name":"wp","href":"https:\/\/api.w.org\/{rel}","templated":true}]}}