{"id":880,"date":"2022-07-25T16:38:56","date_gmt":"2022-07-25T16:38:56","guid":{"rendered":"https:\/\/camonclass.vertice.org\/formacion\/oposicion-auxiliar-administrativo-sanidad\/"},"modified":"2022-07-26T07:36:24","modified_gmt":"2022-07-26T07:36:24","slug":"oposicion-auxiliar-administrativo-sanidad","status":"publish","type":"product","link":"https:\/\/camonclass.com\/tienda\/formacion\/oposicion-auxiliar-administrativo-sanidad\/","title":{"rendered":"Oposici\u00f3n \u2013 Auxiliar Administrativo Sanidad"},"content":{"rendered":"<div><b>M\u00f3dulo Legislaci\u00f3n<\/b><\/div>\n<div>1. La Constituci\u00f3n Espa\u00f1ola de 1978.<\/div>\n<div>2. Ley 14\/1986, de 25 de abril, General de Sanidad.<\/div>\n<div>3. La Ley de Ordenaci\u00f3n de las Profesiones Sanitarias<\/div>\n<div>4. Ley 55\/2003, de 16 de diciembre, del estatuto marco del personal estatutario de los servicios de salud.<\/div>\n<div>5. Ley 3\/2007 de Igualdad Efectiva de Mujeres y Hombres.<\/div>\n<div>6. Ley 31\/1995, de 8 de noviembre, de Prevenci\u00f3n de Riesgos Laborales.<\/div>\n<div>7. Ley 41\/2002, de 14 de noviembre, b\u00e1sica reguladora de la autonom\u00eda del paciente y de derechos y obligaciones en materia de informaci\u00f3n y documentaci\u00f3n cl\u00ednica.<\/div>\n<div>8. Ley Org\u00e1nica 3\/2018, de 5 de diciembre, de Protecci\u00f3n de Datos Personales y garant\u00eda de los derechos digitales.<\/div>\n<div><\/div>\n<div><b>M\u00f3dulo Auxiliar Administrativo<\/b><\/div>\n<div>1. Las relaciones entre la Administraci\u00f3n Sanitaria y los ciudadanos. La informaci\u00f3n administrativa.<\/div>\n<div>2. El ciudadano como centro de nuestro Sistema Sanitario. Habilidades sociales y comunicaci\u00f3n.<\/div>\n<div>3. La atenci\u00f3n primaria de salud: concepto y caracter\u00edsticas generales.<\/div>\n<div>4. El Presupuesto de la Comunidad Aut\u00f3noma. Concepto y Estructura. Fases del ciclo presupuestario.<\/div>\n<div>5. Documentaci\u00f3n de uso de las Instituciones Sanitarias: Administrativa y Cl\u00ednica.<\/div>\n<div>6. Seguridad Social. Afiliaci\u00f3n: altas y bajas. Cotizaci\u00f3n: bases y tipos. MUFACE. Liquidaci\u00f3n de seguros sociales.<\/div>\n<div>7. Contrataci\u00f3n Administrativa. \u00c1mbito de aplicaci\u00f3n subjetiva.<\/div>\n<div>8. Procedimiento Administrativo: concepto, normativa aplicable y principios generales.<\/div>\n<div>9. R\u00e9gimen jur\u00eddico del Sector P\u00fablico.<\/div>\n<div>10. Los suministros.<\/div>\n<div>11. Los Sistemas Inform\u00e1ticos: Conceptos b\u00e1sicos, codificaci\u00f3n de la informaci\u00f3n.<\/div>\n<div>12. Los Sistemas Ofim\u00e1ticos. Procesadores de texto, Base de Datos, Hojas de C\u00e1lculo, Presentaciones, Internet y Herramientas 2.0.<\/div>\n<div><\/div>\n","protected":false},"excerpt":{"rendered":"<p>M\u00f3dulo Legislaci\u00f3n 1. La Constituci\u00f3n Espa\u00f1ola de 1978. 2. Ley 14\/1986, de 25 de abril, General de Sanidad. 3. La Ley de Ordenaci\u00f3n de las Profesiones Sanitarias 4. Ley 55\/2003, de 16 de diciembre, del estatuto marco del personal estatutario de los servicios de salud. 5. Ley 3\/2007 de Igualdad Efectiva de Mujeres y Hombres.&hellip;&nbsp;<a href=\"https:\/\/camonclass.com\/tienda\/formacion\/oposicion-auxiliar-administrativo-sanidad\/\" rel=\"bookmark\">Leer m\u00e1s &raquo;<span class=\"screen-reader-text\">Oposici\u00f3n \u2013 Auxiliar Administrativo Sanidad<\/span><\/a><\/p>\n","protected":false},"featured_media":779,"comment_status":"open","ping_status":"closed","template":"","meta":{"neve_meta_sidebar":"","neve_meta_container":"","neve_meta_enable_content_width":"off","neve_meta_content_width":70,"neve_meta_title_alignment":"","neve_meta_author_avatar":"","neve_post_elements_order":"","neve_meta_disable_header":"","neve_meta_disable_footer":"","neve_meta_disable_title":""},"product_brand":[],"product_cat":[22,43],"product_tag":[],"class_list":{"0":"post-880","1":"product","2":"type-product","3":"status-publish","4":"has-post-thumbnail","6":"product_cat-cursos","7":"product_cat-oposiciones","9":"first","10":"instock","11":"sold-individually","12":"shipping-taxable","13":"purchasable","14":"product-type-simple"},"_links":{"self":[{"href":"https:\/\/camonclass.com\/tienda\/wp-json\/wp\/v2\/product\/880","targetHints":{"allow":["GET"]}}],"collection":[{"href":"https:\/\/camonclass.com\/tienda\/wp-json\/wp\/v2\/product"}],"about":[{"href":"https:\/\/camonclass.com\/tienda\/wp-json\/wp\/v2\/types\/product"}],"replies":[{"embeddable":true,"href":"https:\/\/camonclass.com\/tienda\/wp-json\/wp\/v2\/comments?post=880"}],"wp:featuredmedia":[{"embeddable":true,"href":"https:\/\/camonclass.com\/tienda\/wp-json\/wp\/v2\/media\/779"}],"wp:attachment":[{"href":"https:\/\/camonclass.com\/tienda\/wp-json\/wp\/v2\/media?parent=880"}],"wp:term":[{"taxonomy":"product_brand","embeddable":true,"href":"https:\/\/camonclass.com\/tienda\/wp-json\/wp\/v2\/product_brand?post=880"},{"taxonomy":"product_cat","embeddable":true,"href":"https:\/\/camonclass.com\/tienda\/wp-json\/wp\/v2\/product_cat?post=880"},{"taxonomy":"product_tag","embeddable":true,"href":"https:\/\/camonclass.com\/tienda\/wp-json\/wp\/v2\/product_tag?post=880"}],"curies":[{"name":"wp","href":"https:\/\/api.w.org\/{rel}","templated":true}]}}