{"id":881,"date":"2022-07-25T16:38:56","date_gmt":"2022-07-25T16:38:56","guid":{"rendered":"https:\/\/camonclass.vertice.org\/formacion\/oposicion-celador\/"},"modified":"2022-07-26T07:36:36","modified_gmt":"2022-07-26T07:36:36","slug":"oposicion-celador","status":"publish","type":"product","link":"https:\/\/camonclass.com\/tienda\/formacion\/oposicion-celador\/","title":{"rendered":"Oposici\u00f3n &#8211; Celador"},"content":{"rendered":"<div><b>M\u00f3dulo Legislaci\u00f3n<\/b><\/div>\n<div>1. La Constituci\u00f3n Espa\u00f1ola de 1978.<\/div>\n<div>2. Ley 14\/1986, de 25 de abril, General de Sanidad.<\/div>\n<div>3. La Ley de Ordenaci\u00f3n de las Profesiones Sanitarias<\/div>\n<div>4. Ley 55\/2003, de 16 de diciembre, del estatuto marco del personal estatutario de los servicios de salud.<\/div>\n<div>5. Ley 3\/2007 de Igualdad Efectiva de Mujeres y Hombres.<\/div>\n<div>6. Ley 31\/1995, de 8 de noviembre, de Prevenci\u00f3n de Riesgos Laborales.<\/div>\n<div>7. Ley 41\/2002, de 14 de noviembre, b\u00e1sica reguladora de la autonom\u00eda del paciente y de derechos y obligaciones en materia de informaci\u00f3n y documentaci\u00f3n cl\u00ednica.<\/div>\n<div>8. Ley Org\u00e1nica 3\/2018, de 5 de diciembre, de Protecci\u00f3n de Datos Personales y garant\u00eda de los derechos digitales.<\/div>\n<div><\/div>\n<div><b>M\u00f3dulo Celador<\/b><\/div>\n<div>1. Los suministros.<\/div>\n<div>2. Movilizaci\u00f3n y traslado de pacientes.<\/div>\n<div>3. Recepci\u00f3n, movilizaci\u00f3n y traslado de pacientes en urgencias.<\/div>\n<div>4. Normas de actuaci\u00f3n del\/la celador\/a en los quir\u00f3fanos.<\/div>\n<div>5. Actuaci\u00f3n del\/la celador\/a en relaci\u00f3n con los pacientes fallecidos.<\/div>\n<div>6. Habilidades sociales y comunicaci\u00f3n.<\/div>\n<div>7. El traslado de documentos y objetos. Manejo y traslado de documentaci\u00f3n sanitaria. Historias cl\u00ednicas.<\/div>\n<div>8. Prevenci\u00f3n de riesgos laborales para celadores en el \u00e1mbito sanitario. Gesti\u00f3n de residuos sanitarios.<\/div>\n<div><\/div>\n","protected":false},"excerpt":{"rendered":"<p>M\u00f3dulo Legislaci\u00f3n 1. La Constituci\u00f3n Espa\u00f1ola de 1978. 2. Ley 14\/1986, de 25 de abril, General de Sanidad. 3. La Ley de Ordenaci\u00f3n de las Profesiones Sanitarias 4. Ley 55\/2003, de 16 de diciembre, del estatuto marco del personal estatutario de los servicios de salud. 5. Ley 3\/2007 de Igualdad Efectiva de Mujeres y Hombres.&hellip;&nbsp;<a href=\"https:\/\/camonclass.com\/tienda\/formacion\/oposicion-celador\/\" rel=\"bookmark\">Leer m\u00e1s &raquo;<span class=\"screen-reader-text\">Oposici\u00f3n &#8211; Celador<\/span><\/a><\/p>\n","protected":false},"featured_media":779,"comment_status":"open","ping_status":"closed","template":"","meta":{"neve_meta_sidebar":"","neve_meta_container":"","neve_meta_enable_content_width":"off","neve_meta_content_width":70,"neve_meta_title_alignment":"","neve_meta_author_avatar":"","neve_post_elements_order":"","neve_meta_disable_header":"","neve_meta_disable_footer":"","neve_meta_disable_title":""},"product_brand":[],"product_cat":[22,43],"product_tag":[],"class_list":{"0":"post-881","1":"product","2":"type-product","3":"status-publish","4":"has-post-thumbnail","6":"product_cat-cursos","7":"product_cat-oposiciones","9":"first","10":"instock","11":"sold-individually","12":"shipping-taxable","13":"purchasable","14":"product-type-simple"},"_links":{"self":[{"href":"https:\/\/camonclass.com\/tienda\/wp-json\/wp\/v2\/product\/881","targetHints":{"allow":["GET"]}}],"collection":[{"href":"https:\/\/camonclass.com\/tienda\/wp-json\/wp\/v2\/product"}],"about":[{"href":"https:\/\/camonclass.com\/tienda\/wp-json\/wp\/v2\/types\/product"}],"replies":[{"embeddable":true,"href":"https:\/\/camonclass.com\/tienda\/wp-json\/wp\/v2\/comments?post=881"}],"wp:featuredmedia":[{"embeddable":true,"href":"https:\/\/camonclass.com\/tienda\/wp-json\/wp\/v2\/media\/779"}],"wp:attachment":[{"href":"https:\/\/camonclass.com\/tienda\/wp-json\/wp\/v2\/media?parent=881"}],"wp:term":[{"taxonomy":"product_brand","embeddable":true,"href":"https:\/\/camonclass.com\/tienda\/wp-json\/wp\/v2\/product_brand?post=881"},{"taxonomy":"product_cat","embeddable":true,"href":"https:\/\/camonclass.com\/tienda\/wp-json\/wp\/v2\/product_cat?post=881"},{"taxonomy":"product_tag","embeddable":true,"href":"https:\/\/camonclass.com\/tienda\/wp-json\/wp\/v2\/product_tag?post=881"}],"curies":[{"name":"wp","href":"https:\/\/api.w.org\/{rel}","templated":true}]}}