{"id":882,"date":"2022-07-25T16:38:56","date_gmt":"2022-07-25T16:38:56","guid":{"rendered":"https:\/\/camonclass.vertice.org\/formacion\/oposicion-enfermeria\/"},"modified":"2022-07-26T07:36:49","modified_gmt":"2022-07-26T07:36:49","slug":"oposicion-enfermeria","status":"publish","type":"product","link":"https:\/\/camonclass.com\/tienda\/formacion\/oposicion-enfermeria\/","title":{"rendered":"Oposici\u00f3n &#8211; Enfermer\u00eda"},"content":{"rendered":"<div><b>M\u00f3dulo Legislaci\u00f3n<\/b><\/div>\n<div>1. La Constituci\u00f3n Espa\u00f1ola de 1978.<\/div>\n<div>2. Ley 14\/1986, de 25 de abril, General de Sanidad.<\/div>\n<div>3. La Ley de Ordenaci\u00f3n de las Profesiones Sanitarias<\/div>\n<div>4. Ley 55\/2003, de 16 de diciembre, del estatuto marco del personal estatutario de los servicios de salud.<\/div>\n<div>5. Ley 3\/2007 de Igualdad Efectiva de Mujeres y Hombres.<\/div>\n<div>6. Ley 31\/1995, de 8 de noviembre, de Prevenci\u00f3n de Riesgos Laborales.<\/div>\n<div>7. Ley 41\/2002, de 14 de noviembre, b\u00e1sica reguladora de la autonom\u00eda del paciente y de derechos y obligaciones en materia de informaci\u00f3n y documentaci\u00f3n cl\u00ednica.<\/div>\n<div>8. Ley Org\u00e1nica 3\/2018, de 5 de diciembre, de Protecci\u00f3n de Datos Personales y garant\u00eda de los derechos digitales.<\/div>\n<div><\/div>\n<div><b>M\u00f3dulo Enfermer\u00eda<\/b><\/div>\n<div>1. T\u00e9cnicas y habilidades de comunicaci\u00f3n y relaci\u00f3n interpersonal.<\/div>\n<div>2. Enfermer\u00eda Basada en la Evidencia.<\/div>\n<div>3. Investigaci\u00f3n y sus m\u00e9todos.<\/div>\n<div>4. Fundamentos de la investigaci\u00f3n cualitativa: Principales dise\u00f1os y m\u00e9todos.<\/div>\n<div>5. Demograf\u00eda sanitaria.<\/div>\n<div>6. Epidemiolog\u00eda: m\u00e9todo epidemiol\u00f3gico, medici\u00f3n de los fen\u00f3menos epidemiol\u00f3gicos.<\/div>\n<div>7. Principios fundamentales de la bio\u00e9tica: C\u00f3digo Deontol\u00f3gico de la Enfermer\u00eda Espa\u00f1ola.<\/div>\n<div>8. Planificaci\u00f3n sanitaria.<\/div>\n<div>9. Medicamentos I.<\/div>\n<div>10. Medicamentos II.<\/div>\n<div>11. Inmunizaciones: concepto.<\/div>\n<div>12. Marco conceptual y modelos de enfermer\u00eda.<\/div>\n<div>13. Valoraci\u00f3n Enfermera: Patrones funcionales de M Gordon y Valoraci\u00f3n por Necesidades de Virginia Henderson.<\/div>\n<div>14. Calidad en el Sistema Nacional de Salud.<\/div>\n<div>15. Seguridad cl\u00ednica: identificaci\u00f3n de efectos adversos.<\/div>\n<div>16. Cuidados del reci\u00e9n nacido sano.<\/div>\n<div>17. Cuidados en la infancia.<\/div>\n<div>18. Cuidados en la adolescencia.<\/div>\n<div>19. Cuidados de enfermer\u00eda en el anciano.<\/div>\n<div>20. Cuidados de enfermer\u00eda a personas con procesos cr\u00f3nicos y pluripatol\u00f3gico.<\/div>\n<div>21. Promoci\u00f3n de la actividad f\u00edsica y alimentaci\u00f3n equilibrada.<\/div>\n<div>22. Cuidados enfermeros en la familia y la comunidad.<\/div>\n<div>23. Valoraci\u00f3n y cuidados de enfermer\u00eda a personas con problemas cardiovasculares.<\/div>\n<div>24. Cuidados de enfermer\u00eda del paciente quir\u00fargico: preoperatorio, intraoperatorio y postquir\u00fargico.<\/div>\n<div>25. Cuidados de enfermer\u00eda a personas con problemas en la piel.<\/div>\n<div>26. Cuidados de enfermer\u00eda a personas con diagn\u00f3stico de diabetes y sus complicaciones.<\/div>\n<div>27. Cuidados de enfermer\u00eda a personas con problemas gastrointestinales.<\/div>\n<div>28. Cuidados de enfermer\u00eda en la mujer gestante: Alimentaci\u00f3n, higiene y cambios fisiol\u00f3gicos.<\/div>\n<div>29. Cuidados de enfermer\u00eda en pacientes con enfermedades infecciosas: VIH, tuberculosis, hepatitis.<\/div>\n<div>30. Cuidados de enfermer\u00eda a personas con problemas en el sistema renal y urol\u00f3gico.<\/div>\n<div>31. Cuidados de enfermer\u00eda a personas con problemas respiratorios.<\/div>\n<div>32. Cuidados de enfermer\u00eda a personas con problemas neurol\u00f3gicos y del sistema nervioso.<\/div>\n<div>33. Cuidados a la persona en situaci\u00f3n terminal: Valoraci\u00f3n integral.<\/div>\n<div>34. Cuidados de enfermer\u00eda en los problemas oftalmol\u00f3gicos.<\/div>\n<div>35. Cuidados en salud sexual.<\/div>\n<div>36. Desarrollo de la Conducta Humana: Etapas del desarrollo.<\/div>\n<div>37. Cuidados de enfermer\u00eda a personas con problemas en el sistema m\u00fasculo-esquel\u00e9tico.<\/div>\n<div>38. Conceptos de urgencia y emergencia.<\/div>\n<div>39. Higiene en centros sanitarios: conceptos generales.<\/div>\n<div><\/div>\n","protected":false},"excerpt":{"rendered":"<p>M\u00f3dulo Legislaci\u00f3n 1. La Constituci\u00f3n Espa\u00f1ola de 1978. 2. Ley 14\/1986, de 25 de abril, General de Sanidad. 3. La Ley de Ordenaci\u00f3n de las Profesiones Sanitarias 4. Ley 55\/2003, de 16 de diciembre, del estatuto marco del personal estatutario de los servicios de salud. 5. Ley 3\/2007 de Igualdad Efectiva de Mujeres y Hombres.&hellip;&nbsp;<a href=\"https:\/\/camonclass.com\/tienda\/formacion\/oposicion-enfermeria\/\" rel=\"bookmark\">Leer m\u00e1s &raquo;<span class=\"screen-reader-text\">Oposici\u00f3n &#8211; Enfermer\u00eda<\/span><\/a><\/p>\n","protected":false},"featured_media":779,"comment_status":"open","ping_status":"closed","template":"","meta":{"neve_meta_sidebar":"","neve_meta_container":"","neve_meta_enable_content_width":"off","neve_meta_content_width":70,"neve_meta_title_alignment":"","neve_meta_author_avatar":"","neve_post_elements_order":"","neve_meta_disable_header":"","neve_meta_disable_footer":"","neve_meta_disable_title":""},"product_brand":[],"product_cat":[22,43],"product_tag":[],"class_list":{"0":"post-882","1":"product","2":"type-product","3":"status-publish","4":"has-post-thumbnail","6":"product_cat-cursos","7":"product_cat-oposiciones","9":"first","10":"instock","11":"sold-individually","12":"shipping-taxable","13":"purchasable","14":"product-type-simple"},"_links":{"self":[{"href":"https:\/\/camonclass.com\/tienda\/wp-json\/wp\/v2\/product\/882","targetHints":{"allow":["GET"]}}],"collection":[{"href":"https:\/\/camonclass.com\/tienda\/wp-json\/wp\/v2\/product"}],"about":[{"href":"https:\/\/camonclass.com\/tienda\/wp-json\/wp\/v2\/types\/product"}],"replies":[{"embeddable":true,"href":"https:\/\/camonclass.com\/tienda\/wp-json\/wp\/v2\/comments?post=882"}],"wp:featuredmedia":[{"embeddable":true,"href":"https:\/\/camonclass.com\/tienda\/wp-json\/wp\/v2\/media\/779"}],"wp:attachment":[{"href":"https:\/\/camonclass.com\/tienda\/wp-json\/wp\/v2\/media?parent=882"}],"wp:term":[{"taxonomy":"product_brand","embeddable":true,"href":"https:\/\/camonclass.com\/tienda\/wp-json\/wp\/v2\/product_brand?post=882"},{"taxonomy":"product_cat","embeddable":true,"href":"https:\/\/camonclass.com\/tienda\/wp-json\/wp\/v2\/product_cat?post=882"},{"taxonomy":"product_tag","embeddable":true,"href":"https:\/\/camonclass.com\/tienda\/wp-json\/wp\/v2\/product_tag?post=882"}],"curies":[{"name":"wp","href":"https:\/\/api.w.org\/{rel}","templated":true}]}}