{"id":883,"date":"2022-07-25T16:38:56","date_gmt":"2022-07-25T16:38:56","guid":{"rendered":"https:\/\/camonclass.vertice.org\/formacion\/oposicion-t-s-laboratorio-clinico-y-biomedico\/"},"modified":"2022-07-26T07:37:04","modified_gmt":"2022-07-26T07:37:04","slug":"oposicion-t-s-laboratorio-clinico-y-biomedico","status":"publish","type":"product","link":"https:\/\/camonclass.com\/tienda\/formacion\/oposicion-t-s-laboratorio-clinico-y-biomedico\/","title":{"rendered":"Oposici\u00f3n \u2013 T. S. Laboratorio Cl\u00ednico y Biom\u00e9dico"},"content":{"rendered":"<div><b>M\u00f3dulo Legislaci\u00f3n<\/b><\/div>\n<div>1. La Constituci\u00f3n Espa\u00f1ola de 1978.<\/div>\n<div>2. Ley 14\/1986, de 25 de abril, General de Sanidad.<\/div>\n<div>3. La Ley de Ordenaci\u00f3n de las Profesiones Sanitarias<\/div>\n<div>4. Ley 55\/2003, de 16 de diciembre, del estatuto marco del personal estatutario de los servicios de salud.<\/div>\n<div>5. Ley 3\/2007 de Igualdad Efectiva de Mujeres y Hombres.<\/div>\n<div>6. Ley 31\/1995, de 8 de noviembre, de Prevenci\u00f3n de Riesgos Laborales.<\/div>\n<div>7. Ley 41\/2002, de 14 de noviembre, b\u00e1sica reguladora de la autonom\u00eda del paciente y de derechos y obligaciones en materia de informaci\u00f3n y documentaci\u00f3n cl\u00ednica.<\/div>\n<div>8. Ley Org\u00e1nica 3\/2018, de 5 de diciembre, de Protecci\u00f3n de Datos Personales y garant\u00eda de los derechos digitales.<\/div>\n<div><\/div>\n<div><b>M\u00f3dulo T. S. Laboratorio Cl\u00ednico y Biom\u00e9dico<\/b><\/div>\n<div>1. Principios fundamentales de la bio\u00e9tica<\/div>\n<div>2. Calidad<\/div>\n<div>3. Epidemiolog\u00eda de las enfermedades transmisibles. Infecci\u00f3n nosocomial<\/div>\n<div>4. Gesti\u00f3n del material<\/div>\n<div>5. Riesgos en el laboratorio<\/div>\n<div>6. Microscopios: fundamentos, propiedades \u00f3pticas y elementos. Tipos de microscopia<\/div>\n<div>7. Los sistemas inform\u00e1ticos. Conceptos b\u00e1sicos, codificaci\u00f3n de la informaci\u00f3n.<\/div>\n<div>8. Muestras biol\u00f3gicas humanas.<\/div>\n<div>9. T\u00e9cnicas de estudio de las heces: caracter\u00edsticas organol\u00e9pticas de las heces y determinaci\u00f3n de sustancias eliminadas por las heces.<\/div>\n<div>10. T\u00e9cnicas de estudio de la orina y otros l\u00edquidos corporales.<\/div>\n<div>11. Bioqu\u00edmica cl\u00ednica.<\/div>\n<div>12. Prote\u00ednas s\u00e9ricas: clasificaci\u00f3n y m\u00e9todos de determinaci\u00f3n. Separaci\u00f3n de fracciones proteicas.<\/div>\n<div>13. Funciones de las lipoprote\u00ednas plasm\u00e1ticas. T\u00e9cnicas para el an\u00e1lisis del colesterol.<\/div>\n<div>14. Enzimolog\u00eda diagn\u00f3stica<\/div>\n<div>15. Composici\u00f3n y fisiolog\u00eda de la sangre. Fisiolog\u00eda y metabolismo eritrocitario<\/div>\n<div>16. Fisiolog\u00eda, morfolog\u00eda y metabolismo del sistema leucocitario.<\/div>\n<div>17. Fisiolog\u00eda y metabolismo de las plaquetas.<\/div>\n<div>18. Fisiolog\u00eda y metabolismo de la coagulaci\u00f3n.<\/div>\n<div>19. Sistema inmune. C\u00e9lulas y \u00f3rganos del sistema inmune. \u00d3rganos linfoides primarios y secundarios. C\u00e9lulas del sistema inmune.<\/div>\n<div>20. Ant\u00edgenos y anticuerpos eritrocitarios, leucocitarios y plaquetarios. Sistema ABO. Sistema Rh. Otros sistemas. Compatibilidad eritrocitaria entre donante y receptor.<\/div>\n<div>21. Micolog\u00eda: clasificaci\u00f3n, medios de cultivo adecuados para el aislamiento y examen de los hongos. Diagn\u00f3stico micol\u00f3gico de laboratorio. Parasitolog\u00eda y m\u00e9todos de identificaci\u00f3n.<\/div>\n<div>22. Microbiolog\u00eda: caracter\u00edsticas diferenciales de bacterias, hongos, par\u00e1sitos y virus. T\u00e9cnicas de observaci\u00f3n. Tipos de tinciones.<\/div>\n<div>23. Caracter\u00edsticas del crecimiento de los microorganismos. Medios de cultivo para crecimiento y aislamiento primario.<\/div>\n<div>24. Caracter\u00edsticas de los microorganismos implicados en procesos infecciosos.<\/div>\n<div>25. Pruebas de sensibilidad a los antimicrobianos: tipos, interpretaci\u00f3n. Concepto de resistencia bacteriana. Pruebas de diluci\u00f3n y sensibilidad por diluci\u00f3n.<\/div>\n<div>26. Diagn\u00f3stico y seguimiento serol\u00f3gico de enfermedades infecciosas: bacterianas, f\u00fangicas, v\u00edricas y parasitarias. Hemocultivos, incubaci\u00f3n y sistemas autom\u00e1ticos.<\/div>\n<div>27. Virolog\u00eda.<\/div>\n<div>28. Endocrinolog\u00eda.<\/div>\n<div>29. Clasificaci\u00f3n de los marcadores tumorales. Estudio y determinaci\u00f3n de marcadores tumorales en sangre. Marcadores tumorales m\u00e1s utilizados: determinaciones y aplicaci\u00f3n cl\u00ednica.<\/div>\n<div>30. Anatom\u00eda y fisiolog\u00eda cardiaca. Determinaciones anal\u00edticas para el estudio de la funci\u00f3n cardiaca. Marcadores cardiacos y aplicaci\u00f3n cl\u00ednica.<\/div>\n<div>31. Farmacolog\u00eda cl\u00ednica.<\/div>\n<div>32. T\u00e9cnicas de an\u00e1lisis cromos\u00f3mico.<\/div>\n<div>33. Anatom\u00eda y fisiolog\u00eda hep\u00e1tica. Determinaciones anal\u00edticas para el estudio de la funci\u00f3n hep\u00e1tica. Marcadores s\u00e9ricos de la enfermedad hep\u00e1tica.<\/div>\n<div>34. Screening neonatal. Detecci\u00f3n de errores innatos del metabolismo y otras enfermedades.<\/div>\n<div>35. Laboratorio de urgencias, par\u00e1metros habituales, metodolog\u00eda y control anal\u00edtico.<\/div>\n<div><\/div>\n","protected":false},"excerpt":{"rendered":"<p>M\u00f3dulo Legislaci\u00f3n 1. La Constituci\u00f3n Espa\u00f1ola de 1978. 2. Ley 14\/1986, de 25 de abril, General de Sanidad. 3. La Ley de Ordenaci\u00f3n de las Profesiones Sanitarias 4. Ley 55\/2003, de 16 de diciembre, del estatuto marco del personal estatutario de los servicios de salud. 5. Ley 3\/2007 de Igualdad Efectiva de Mujeres y Hombres.&hellip;&nbsp;<a href=\"https:\/\/camonclass.com\/tienda\/formacion\/oposicion-t-s-laboratorio-clinico-y-biomedico\/\" rel=\"bookmark\">Leer m\u00e1s &raquo;<span class=\"screen-reader-text\">Oposici\u00f3n \u2013 T. S. Laboratorio Cl\u00ednico y Biom\u00e9dico<\/span><\/a><\/p>\n","protected":false},"featured_media":779,"comment_status":"open","ping_status":"closed","template":"","meta":{"neve_meta_sidebar":"","neve_meta_container":"","neve_meta_enable_content_width":"off","neve_meta_content_width":70,"neve_meta_title_alignment":"","neve_meta_author_avatar":"","neve_post_elements_order":"","neve_meta_disable_header":"","neve_meta_disable_footer":"","neve_meta_disable_title":""},"product_brand":[],"product_cat":[22,43],"product_tag":[],"class_list":{"0":"post-883","1":"product","2":"type-product","3":"status-publish","4":"has-post-thumbnail","6":"product_cat-cursos","7":"product_cat-oposiciones","9":"first","10":"instock","11":"sold-individually","12":"shipping-taxable","13":"purchasable","14":"product-type-simple"},"_links":{"self":[{"href":"https:\/\/camonclass.com\/tienda\/wp-json\/wp\/v2\/product\/883","targetHints":{"allow":["GET"]}}],"collection":[{"href":"https:\/\/camonclass.com\/tienda\/wp-json\/wp\/v2\/product"}],"about":[{"href":"https:\/\/camonclass.com\/tienda\/wp-json\/wp\/v2\/types\/product"}],"replies":[{"embeddable":true,"href":"https:\/\/camonclass.com\/tienda\/wp-json\/wp\/v2\/comments?post=883"}],"wp:featuredmedia":[{"embeddable":true,"href":"https:\/\/camonclass.com\/tienda\/wp-json\/wp\/v2\/media\/779"}],"wp:attachment":[{"href":"https:\/\/camonclass.com\/tienda\/wp-json\/wp\/v2\/media?parent=883"}],"wp:term":[{"taxonomy":"product_brand","embeddable":true,"href":"https:\/\/camonclass.com\/tienda\/wp-json\/wp\/v2\/product_brand?post=883"},{"taxonomy":"product_cat","embeddable":true,"href":"https:\/\/camonclass.com\/tienda\/wp-json\/wp\/v2\/product_cat?post=883"},{"taxonomy":"product_tag","embeddable":true,"href":"https:\/\/camonclass.com\/tienda\/wp-json\/wp\/v2\/product_tag?post=883"}],"curies":[{"name":"wp","href":"https:\/\/api.w.org\/{rel}","templated":true}]}}