{"id":884,"date":"2022-07-25T16:38:57","date_gmt":"2022-07-25T16:38:57","guid":{"rendered":"https:\/\/camonclass.vertice.org\/formacion\/oposicion-t-s-imagen-para-el-diagnostico-y-medicina-nuclear\/"},"modified":"2022-07-26T07:36:10","modified_gmt":"2022-07-26T07:36:10","slug":"oposicion-t-s-imagen-para-el-diagnostico-y-medicina-nuclear","status":"publish","type":"product","link":"https:\/\/camonclass.com\/tienda\/formacion\/oposicion-t-s-imagen-para-el-diagnostico-y-medicina-nuclear\/","title":{"rendered":"Oposici\u00f3n &#8211; T.S. Imagen para el Diagn\u00f3stico y Medicina Nuclear"},"content":{"rendered":"<p><b>\u00a0M\u00f3dulo Legislaci\u00f3n<\/b><\/p>\n<div>1. La Constituci\u00f3n Espa\u00f1ola de 1978.<\/div>\n<div>2. Ley 14\/1986, de 25 de abril, General de Sanidad.<\/div>\n<div>3. La Ley de Ordenaci\u00f3n de las Profesiones Sanitarias<\/div>\n<div>4. Ley 55\/2003, de 16 de diciembre, del estatuto marco del personal estatutario de los servicios de salud.<\/div>\n<div>5. Ley 3\/2007 de Igualdad Efectiva de Mujeres y Hombres.<\/div>\n<div>6. Ley 31\/1995, de 8 de noviembre, de Prevenci\u00f3n de Riesgos Laborales.<\/div>\n<div>7. Ley 41\/2002, de 14 de noviembre, b\u00e1sica reguladora de la autonom\u00eda del paciente y de derechos y obligaciones en materia de informaci\u00f3n y documentaci\u00f3n cl\u00ednica.<\/div>\n<div>8. Ley Org\u00e1nica 3\/2018, de 5 de diciembre, de Protecci\u00f3n de Datos Personales y garant\u00eda de los derechos digitales.<\/div>\n<div><\/div>\n<div><b>M\u00f3dulo T.S. Imagen para el Diagn\u00f3stico y Medicina Nuclear<\/b><\/div>\n<div>1. Concepto de sepsis, asepsia, esterilizaci\u00f3n y desinfecci\u00f3n. Limpieza, desinfecci\u00f3n y esterilizaci\u00f3n en radiolog\u00eda.<\/div>\n<div>2. F\u00edsica de las radiaciones ionizantes<\/div>\n<div>3. Radiobiolog\u00eda<\/div>\n<div>4. Detecci\u00f3n y medida de las radiaciones. Factores de exposici\u00f3n.<\/div>\n<div>5-6. Concepto de imagen anal\u00f3gica en radiolog\u00eda. La imagen radiol\u00f3gica digital: concepto y fundamentos.<\/div>\n<div>7. Atenci\u00f3n al paciente. Requisitos de preparaci\u00f3n para los distintos procedimientos.<\/div>\n<div>8. Medios de contraste en radiolog\u00eda, ultrasonidos y resonancia magn\u00e9tica. Tipos. Indicaciones y Contraindicaciones.<\/div>\n<div>9. Primeros Auxilios. Valoraci\u00f3n de pacientes. Reanimaci\u00f3n Cardiopulmonar (RCP).<\/div>\n<div>10. Equipos de diagn\u00f3stico por imagen: radiolog\u00eda convencional, intervencionista, tomograf\u00eda computarizada, resonancia magn\u00e9tica y ultrasonidos. Caracter\u00edsticas, tipos y funcionamiento.<\/div>\n<div>11. Sistemas de control de calidad de las instalaciones radiol\u00f3gicas: Factores de calidad del proceso. Instrumentos para el control de calidad. Garant\u00eda de calidad y mantenimiento de la misma.<\/div>\n<div>12. Clasificaci\u00f3n de los servicios de Radiolog\u00eda.<\/div>\n<div>13. Tecnolog\u00edas de la Informaci\u00f3n y la Comunicaci\u00f3n (TIC) Inform\u00e1tica b\u00e1sica.<\/div>\n<div>14. Tomograf\u00eda computarizada.<\/div>\n<div>15. Resonancia Magn\u00e9tica (RM): fundamentos f\u00edsicos y biol\u00f3gicos de los campos magn\u00e9ticos, aplicaciones e indicaciones.<\/div>\n<div>16. Ultrasonograf\u00eda: fundamentos f\u00edsicos, utilidad e indicaciones. Transductores. Componentes y tipos.<\/div>\n<div>17. Radiolog\u00eda de urgencias, cuidados intensivos, unidades especiales y quir\u00f3fanos. El paciente politraumatizado, su manejo y prioridades exploratorias.<\/div>\n<div>18. Anatom\u00eda radiol\u00f3gica y t\u00e9cnicas de exploraci\u00f3n del abdomen.<\/div>\n<div>19. Estudio card\u00edaco: recuerdo anat\u00f3mico. Cateterismo card\u00edaco. Estudios con TC. Estudio con RM.<\/div>\n<div>20. Exploraci\u00f3n de la columna vertebral.<\/div>\n<div>21. Anatom\u00eda y exploraci\u00f3n radiol\u00f3gica del cr\u00e1neo, cara y cuello.<\/div>\n<div>22. Extremidades superiores.<\/div>\n<div>23. Extremidades inferiores I.<\/div>\n<div>24. Extremidades inferiores II.<\/div>\n<div>25. T\u00f3rax.<\/div>\n<div>26. Abdomen.<\/div>\n<div>27. Sistema genitourinario.<\/div>\n<div>28. Mama.<\/div>\n<div>29. Radiolog\u00eda y t\u00e9cnicas de imagen en pediatr\u00eda y neonatolog\u00eda.<\/div>\n<div>30. Angiograf\u00eda.<\/div>\n<div>31. Otras exploraciones radiol\u00f3gicas. Estudios especiales con TC y RM.<\/div>\n","protected":false},"excerpt":{"rendered":"<p>\u00a0M\u00f3dulo Legislaci\u00f3n 1. La Constituci\u00f3n Espa\u00f1ola de 1978. 2. Ley 14\/1986, de 25 de abril, General de Sanidad. 3. La Ley de Ordenaci\u00f3n de las Profesiones Sanitarias 4. Ley 55\/2003, de 16 de diciembre, del estatuto marco del personal estatutario de los servicios de salud. 5. Ley 3\/2007 de Igualdad Efectiva de Mujeres y Hombres.&hellip;&nbsp;<a href=\"https:\/\/camonclass.com\/tienda\/formacion\/oposicion-t-s-imagen-para-el-diagnostico-y-medicina-nuclear\/\" rel=\"bookmark\">Leer m\u00e1s &raquo;<span class=\"screen-reader-text\">Oposici\u00f3n &#8211; T.S. Imagen para el Diagn\u00f3stico y Medicina Nuclear<\/span><\/a><\/p>\n","protected":false},"featured_media":779,"comment_status":"open","ping_status":"closed","template":"","meta":{"neve_meta_sidebar":"","neve_meta_container":"","neve_meta_enable_content_width":"off","neve_meta_content_width":70,"neve_meta_title_alignment":"","neve_meta_author_avatar":"","neve_post_elements_order":"","neve_meta_disable_header":"","neve_meta_disable_footer":"","neve_meta_disable_title":""},"product_brand":[],"product_cat":[22,43],"product_tag":[],"class_list":{"0":"post-884","1":"product","2":"type-product","3":"status-publish","4":"has-post-thumbnail","6":"product_cat-cursos","7":"product_cat-oposiciones","9":"first","10":"instock","11":"sold-individually","12":"shipping-taxable","13":"purchasable","14":"product-type-simple"},"_links":{"self":[{"href":"https:\/\/camonclass.com\/tienda\/wp-json\/wp\/v2\/product\/884","targetHints":{"allow":["GET"]}}],"collection":[{"href":"https:\/\/camonclass.com\/tienda\/wp-json\/wp\/v2\/product"}],"about":[{"href":"https:\/\/camonclass.com\/tienda\/wp-json\/wp\/v2\/types\/product"}],"replies":[{"embeddable":true,"href":"https:\/\/camonclass.com\/tienda\/wp-json\/wp\/v2\/comments?post=884"}],"wp:featuredmedia":[{"embeddable":true,"href":"https:\/\/camonclass.com\/tienda\/wp-json\/wp\/v2\/media\/779"}],"wp:attachment":[{"href":"https:\/\/camonclass.com\/tienda\/wp-json\/wp\/v2\/media?parent=884"}],"wp:term":[{"taxonomy":"product_brand","embeddable":true,"href":"https:\/\/camonclass.com\/tienda\/wp-json\/wp\/v2\/product_brand?post=884"},{"taxonomy":"product_cat","embeddable":true,"href":"https:\/\/camonclass.com\/tienda\/wp-json\/wp\/v2\/product_cat?post=884"},{"taxonomy":"product_tag","embeddable":true,"href":"https:\/\/camonclass.com\/tienda\/wp-json\/wp\/v2\/product_tag?post=884"}],"curies":[{"name":"wp","href":"https:\/\/api.w.org\/{rel}","templated":true}]}}