{"id":885,"date":"2022-07-25T16:38:57","date_gmt":"2022-07-25T16:38:57","guid":{"rendered":"https:\/\/camonclass.vertice.org\/formacion\/oposicion-auxiliar-administrativo-sas\/"},"modified":"2022-07-26T07:35:44","modified_gmt":"2022-07-26T07:35:44","slug":"oposicion-auxiliar-administrativo-sas","status":"publish","type":"product","link":"https:\/\/camonclass.com\/tienda\/formacion\/oposicion-auxiliar-administrativo-sas\/","title":{"rendered":"Oposici\u00f3n Auxiliar Administrativo \u2013 SAS"},"content":{"rendered":"<div><b>M\u00f3dulo Legislaci\u00f3n<\/b><\/div>\n<div>Tema 1. La Constituci\u00f3n Espa\u00f1ola de 1978: Valores superiores y principios inspiradores; Derechos y deberes fundamentales; El Derecho a la protecci\u00f3n de la salud.<\/div>\n<div>Tema 2. El Estatuto de Autonom\u00eda para Andaluc\u00eda: Valores superiores y objetivos b\u00e1sicos; Derechos sociales, deberes y pol\u00edticas p\u00fablicas; Competencias en materia de salud; Organizaci\u00f3n institucional de la Comunidad Aut\u00f3noma; Elaboraci\u00f3n de las normas.<\/div>\n<div>Tema 3. Organizaci\u00f3n sanitaria (I). Ley 14\/1986, de 25 de abril, General de Sanidad: Principios Generales; Competencias de las Administraciones P\u00fablicas; Organizaci\u00f3n General del Sistema Sanitario P\u00fablico. Ley 2\/1998, de 15 de junio, de Salud de Andaluc\u00eda: Objeto, principios y alcance; Derechos y deberes de los ciudadanos respecto de los servicios sanitarios en Andaluc\u00eda; Efectividad de los derechos y deberes. Plan Andaluz de Salud: compromisos.<\/div>\n<div>Tema 4. Organizaci\u00f3n sanitaria (II). Estructura, organizaci\u00f3n y competencias de la Consejer\u00eda de Igualdad, Salud y Pol\u00edticas Sociales y del Servicio Andaluz de Salud. Asistencia Sanitaria en Andaluc\u00eda: La estructura, organizaci\u00f3n y funcionamiento de los servicios de atenci\u00f3n primaria en Andaluc\u00eda. Ordenaci\u00f3n de la Asistencia Especializada en Andaluc\u00eda. Organizaci\u00f3n de la Atenci\u00f3n Primaria. Organizaci\u00f3n Hospitalaria. \u00c1reas de Gesti\u00f3n Sanitarias. Continuidad asistencial entre niveles asistenciales.<\/div>\n<div>Tema 5. Protecci\u00f3n de datos. Ley Org\u00e1nica 15\/1999, de 13 de diciembre, de Protecci\u00f3n de Datos de Car\u00e1cter Personal: Objeto, \u00e1mbito de aplicaci\u00f3n y principios; Derechos de las personas. La Agencia Espa\u00f1ola de Protecci\u00f3n de Datos.<\/div>\n<div>Tema 6. Prevenci\u00f3n de riesgos laborales. La Ley 31\/1995, de 8 de noviembre, de Prevenci\u00f3n de Riesgos Laborales: Derechos y obligaciones; Consulta y participaci\u00f3n de los trabajadores. Organizaci\u00f3n de la prevenci\u00f3n de riesgos laborales en el Servicio Andaluz de Salud: las Unidades de Prevenci\u00f3n en los Centros Asistenciales del Servicio Andaluz de Salud. Manejo de sustancias biol\u00f3gicas. Higiene de manos. La postura. Las pantallas de visualizaci\u00f3n de datos. El pinchazo accidental. Agresiones a profesionales. Control de situaciones conflictivas.<\/div>\n<div>Tema 7. Ley 12\/2007, de 26 de noviembre, de Promoci\u00f3n de la Igualdad de G\u00e9nero en Andaluc\u00eda: Objeto; \u00c1mbito de aplicaci\u00f3n; Principios generales; Pol\u00edticas p\u00fablicas para la promoci\u00f3n de la igualdad de g\u00e9nero. Ley 13\/2007, de 26 de noviembre, de Prevenci\u00f3n y Protecci\u00f3n Integral Contra la Violencia de G\u00e9nero: Objeto; \u00c1mbito de aplicaci\u00f3n; Principios rectores; Formaci\u00f3n a profesionales de la salud.<\/div>\n<div>Tema 8. R\u00e9gimen Jur\u00eddico del Personal. R\u00e9gimen de Incompatibilidades del Personal al servicio de las Administraciones P\u00fablicas. Ley 55\/2003, de 16 de diciembre, Estatuto Marco del Personal Estatutario de los Servicios de Salud: Clasificaci\u00f3n del personal estatutario; Derechos y deberes; Adquisici\u00f3n y p\u00e9rdida de la condici\u00f3n de personal estatutario fijo; Provisi\u00f3n de plazas, selecci\u00f3n y promoci\u00f3n interna; Movilidad del personal; Carrera Profesional; Retribuciones; Jornadas de trabajo, permisos y licencias; Situaciones del personal estatutario; R\u00e9gimen disciplinario; Derechos de representaci\u00f3n, participaci\u00f3n y negociaci\u00f3n colectiva.<\/div>\n<div>Tema 9. Autonom\u00eda del paciente y derechos y obligaciones en materia de informaci\u00f3n y documentaci\u00f3n cl\u00ednica. Ley 41\/2002, de 14 de noviembre, B\u00e1sica Reguladora de la Autonom\u00eda del Paciente y de Derechos y Obligaciones en materia de Informaci\u00f3n y Documentaci\u00f3n Cl\u00ednica: El derecho de informaci\u00f3n sanitaria; El derecho a la intimidad; El respeto de la autonom\u00eda del paciente; La historia cl\u00ednica. El consentimiento informado. Tarjeta sanitaria.<\/div>\n<div><\/div>\n<div><b>M\u00f3dulo Auxiliar Administrativo<\/b><\/div>\n<div>Tema 10. Biobancos del Sistema Sanitario P\u00fablico de Andaluc\u00eda. Ordenaci\u00f3n administrativa y funcional de los servicios de Salud Mental.<\/div>\n<div>Tema 11. La selecci\u00f3n de personal temporal en el Servicio Andaluz de Salud. El Pacto de Mesa Sectorial de Sanidad y la convocatoria sobre sistema de selecci\u00f3n de personal estatutario temporal para puestos b\u00e1sicos en el Servicio Andaluz de Salud. Convocatoria del proceso de selecci\u00f3n de personal temporal del Cuerpo Superior Facultativo de Instituciones Sanitarias de la Junta de Andaluc\u00eda, especialidades Farmacia y Veterinaria.<\/div>\n<div>Tema 12. Prevenci\u00f3n de Riesgos Laborales. Riesgos Laborales espec\u00edficos en el desempe\u00f1o de las funciones del Auxiliar Administrativo.<\/div>\n<div>Tema 13. La Ley 40\/2015, de R\u00e9gimen Jur\u00eddico del Sector P\u00fablico: \u00c1mbito de aplicaci\u00f3n y principios generales. Los \u00f3rganos administrativos. Competencia. Abstenci\u00f3n y recusaci\u00f3n. Principios de la potestad sancionadora. Principios de la responsabilidad patrimonial. La sede electr\u00f3nica. Archivo electr\u00f3nico de documentos. La Ley 39\/2015, del Procedimiento administrativo com\u00fan de las Administraciones P\u00fablicas: \u00c1mbito de aplicaci\u00f3n. Los interesados: concepto. Derechos de las personas en sus relaciones con las Administraciones P\u00fablicas. El Registro Electr\u00f3nico General. T\u00e9rminos y plazos.<\/div>\n<div>Tema 14. El acto administrativo: concepto, clases y requisitos. La notificaci\u00f3n y la publicaci\u00f3n. La obligaci\u00f3n de resolver: el silencio administrativo. La eficacia de los actos. Nulidad y anulabilidad. Revisi\u00f3n de los actos en v\u00eda administrativa: la revisi\u00f3n de oficio y los recursos administrativos: clases y regulaci\u00f3n.<\/div>\n<div>Tema 15. El procedimiento administrativo com\u00fan: Concepto y especialidades. Derechos de los interesados en el procedimiento. Tramitaci\u00f3n simplificada y tramitaci\u00f3n ordinaria. Fases: iniciaci\u00f3n, ordenaci\u00f3n, instrucci\u00f3n y finalizaci\u00f3n.<\/div>\n<div>Tema 16. Creaci\u00f3n de documentos. Uso no sexista del lenguaje administrativo. Documentos originales, copias y archivos. El archivo de los documentos administrativos. El derecho de acceso a los documentos administrativos.<\/div>\n<div>Tema 17. Atenci\u00f3n a la Ciudadan\u00eda (I). Las relaciones entre la administraci\u00f3n sanitaria y los ciudadanos en el Servicio Andaluz de Salud. La informaci\u00f3n administrativa. Las sugerencias y reclamaciones. La presentaci\u00f3n de escrito y comunicaciones y los registros de documentos. Conceptos de presentaci\u00f3n, recepci\u00f3n, entrada y salida de documentos.<\/div>\n<div>Tema 18. Atenci\u00f3n a la Ciudadan\u00eda (II). Manual de estilo del Servicio Andaluz de Salud. Valores y principios. Habilidades sociales y comunicaci\u00f3n. El Ciudadano como centro de nuestro Sistema Sanitario. La comunicaci\u00f3n como herramienta de trabajo. Estilos de comunicaci\u00f3n. El derecho a la informaci\u00f3n y a la confidencialidad.<\/div>\n<div>Tema 19. Atenci\u00f3n a la Ciudadan\u00eda (III). Carta de Derechos y Deberes de los ciudadanos del Sistema Sanitario P\u00fablico de Andaluc\u00eda. Derechos de prestaci\u00f3n de servicios de manera individual o colectiva: libre elecci\u00f3n de facultativo y centro sanitario, segunda opini\u00f3n. Derechos de participaci\u00f3n. Garant\u00eda del plazo de respuesta quir\u00fargica en procesos asistenciales y primeras consultas especializadas. Declaraci\u00f3n y registro de voluntad vital anticipada.<\/div>\n<div>Tema 20. El Sistema Espa\u00f1ol de Seguridad Social. R\u00e9gimen General de la Seguridad Social. Afiliaci\u00f3n: Altas y Bajas, forma de practicarse y plazos. Cotizaci\u00f3n: bases y tipos. Acci\u00f3n Protectora: Contingencias protegibles y r\u00e9gimen general de prestaciones.<\/div>\n<div>Tema 21. El Sistema Retributivo del Personal del Servicio Andaluz de Salud: Retribuciones b\u00e1sicas y complementarias. Estructura y normas de confecci\u00f3n de n\u00f3minas. Tramitaci\u00f3n y justificaci\u00f3n de n\u00f3minas.<\/div>\n<div>Tema 22. El Presupuesto de la Comunidad Aut\u00f3noma de Andaluc\u00eda. Concepto y estructura. Fases del ciclo presupuestario. La ejecuci\u00f3n del presupuesto de la Comunidad Aut\u00f3noma: El procedimiento general, fases, \u00f3rganos competentes y documentos contables. Ideas b\u00e1sicas y generales de contabilidad financiera y presupuestaria.<\/div>\n<div>Tema 23. La Contrataci\u00f3n administrativa en el Sector P\u00fablico. Delimitaci\u00f3n de los tipos contractuales. Delegaci\u00f3n de competencias en el Servicio Andaluz de Salud.<\/div>\n<div>Tema 24. Sistemas de Informaci\u00f3n en el Servicio Andaluz de Salud. Gesti\u00f3n de Recursos Humanos en el Servicio Andaluz de Salud (GERHONTE). Sistema Integral de Gesti\u00f3n Log\u00edstica (SIGLO). Sistemas de informaci\u00f3n corporativos de la Junta de Andaluc\u00eda: Gesti\u00f3n Integral de Recursos Organizativos (GIRO). Punto \u00danico de Entrada de Factura Electr\u00f3nica. Sistema Unificado de Recursos (SUR).<\/div>\n<div>Tema 25. Los Sistemas de Registro Sanitario Asistencial. T\u00e9cnicas de gesti\u00f3n y control de archivo y documentaci\u00f3n cl\u00ednica. La conservaci\u00f3n de la documentaci\u00f3n: Archivos de historias cl\u00ednicas. Criterios de clasificaci\u00f3n de documentos. Estructura general del DIRAYA: Estructura y contenido de la Tarjeta Sanitaria. Historia digital de salud del ciudadano. La BDU. Cita Previa. La documentaci\u00f3n cl\u00ednica en la Ley 41\/2002, de 14 de noviembre.<\/div>\n<div>Tema 26. La Administraci\u00f3n Electr\u00f3nica y sus utilidades. Soportes de la Administraci\u00f3n electr\u00f3nica: La firma electr\u00f3nica. El certificado digital. Plataforma para la Administraci\u00f3n electr\u00f3nica en Andaluc\u00eda: @firma, @rchiva, @ries, componentes de apoyo, compuls@, model@, notific@ y not@rio, solicit@, eCO y Port@firmas. Registro telem\u00e1tico y notificaci\u00f3n: Atenci\u00f3n e informaci\u00f3n al ciudadano y tramitaci\u00f3n de procedimientos administrativos a trav\u00e9s de internet. La ley de acceso electr\u00f3nico de los ciudadanos a los Servicios P\u00fablicos. Ventanilla electr\u00f3nica. Accesos y contenidos de atenci\u00f3n al profesional a trav\u00e9s de WEB para los profesionales del Servicio Andaluz de Salud.<\/div>\n<div>Tema 27. Los Sistemas Inform\u00e1ticos: Conceptos b\u00e1sicos, codificaci\u00f3n de la informaci\u00f3n. Hardware, estructura funcional de un ordenador, componentes f\u00edsicos, perif\u00e9ricos de entrada y salida. Software, soporte l\u00f3gico de un ordenador: conceptos b\u00e1sicos, sistemas operativos actuales (Windows, Unix). Mantenimiento b\u00e1sico de los ordenadores (Preventivo y Correctivo). Nociones b\u00e1sicas de seguridad inform\u00e1tica (Firewall, Anti-virus, Sistema de detecci\u00f3n de intrusos). Conceptos b\u00e1sicos de dispositivos de movilidad (port\u00e1tiles, tablets, m\u00f3viles).<\/div>\n<div>Tema 28. Los Sistemas Ofim\u00e1ticos. Procesadores de texto: concepto, funcionalidades principales, plantillas, combinaci\u00f3n de correspondencia. Bases de Datos: concepto, funcionalidades, tablas, formularios, consultas, informes, relaciones. Hojas de C\u00e1lculo: concepto, funcionalidades, tablas din\u00e1micas, funciones, gr\u00e1ficos. Presentaciones: concepto y funcionalidades principales. Internet, Intranet y Correo Electr\u00f3nico: Conceptos b\u00e1sicos, navegadores. B\u00fasquedas de informaci\u00f3n. Herramientas 2.0: conceptos b\u00e1sicos de los blogs y las plataformas virtuales de teleformaci\u00f3n (Moodle).<\/div>\n","protected":false},"excerpt":{"rendered":"<p>M\u00f3dulo Legislaci\u00f3n Tema 1. La Constituci\u00f3n Espa\u00f1ola de 1978: Valores superiores y principios inspiradores; Derechos y deberes fundamentales; El Derecho a la protecci\u00f3n de la salud. Tema 2. El Estatuto de Autonom\u00eda para Andaluc\u00eda: Valores superiores y objetivos b\u00e1sicos; Derechos sociales, deberes y pol\u00edticas p\u00fablicas; Competencias en materia de salud; Organizaci\u00f3n institucional de la Comunidad&hellip;&nbsp;<a href=\"https:\/\/camonclass.com\/tienda\/formacion\/oposicion-auxiliar-administrativo-sas\/\" rel=\"bookmark\">Leer m\u00e1s &raquo;<span class=\"screen-reader-text\">Oposici\u00f3n Auxiliar Administrativo \u2013 SAS<\/span><\/a><\/p>\n","protected":false},"featured_media":779,"comment_status":"open","ping_status":"closed","template":"","meta":{"neve_meta_sidebar":"","neve_meta_container":"","neve_meta_enable_content_width":"off","neve_meta_content_width":70,"neve_meta_title_alignment":"","neve_meta_author_avatar":"","neve_post_elements_order":"","neve_meta_disable_header":"","neve_meta_disable_footer":"","neve_meta_disable_title":""},"product_brand":[],"product_cat":[22,43],"product_tag":[],"class_list":{"0":"post-885","1":"product","2":"type-product","3":"status-publish","4":"has-post-thumbnail","6":"product_cat-cursos","7":"product_cat-oposiciones","9":"first","10":"instock","11":"sold-individually","12":"shipping-taxable","13":"purchasable","14":"product-type-simple"},"_links":{"self":[{"href":"https:\/\/camonclass.com\/tienda\/wp-json\/wp\/v2\/product\/885","targetHints":{"allow":["GET"]}}],"collection":[{"href":"https:\/\/camonclass.com\/tienda\/wp-json\/wp\/v2\/product"}],"about":[{"href":"https:\/\/camonclass.com\/tienda\/wp-json\/wp\/v2\/types\/product"}],"replies":[{"embeddable":true,"href":"https:\/\/camonclass.com\/tienda\/wp-json\/wp\/v2\/comments?post=885"}],"wp:featuredmedia":[{"embeddable":true,"href":"https:\/\/camonclass.com\/tienda\/wp-json\/wp\/v2\/media\/779"}],"wp:attachment":[{"href":"https:\/\/camonclass.com\/tienda\/wp-json\/wp\/v2\/media?parent=885"}],"wp:term":[{"taxonomy":"product_brand","embeddable":true,"href":"https:\/\/camonclass.com\/tienda\/wp-json\/wp\/v2\/product_brand?post=885"},{"taxonomy":"product_cat","embeddable":true,"href":"https:\/\/camonclass.com\/tienda\/wp-json\/wp\/v2\/product_cat?post=885"},{"taxonomy":"product_tag","embeddable":true,"href":"https:\/\/camonclass.com\/tienda\/wp-json\/wp\/v2\/product_tag?post=885"}],"curies":[{"name":"wp","href":"https:\/\/api.w.org\/{rel}","templated":true}]}}