{"id":887,"date":"2022-07-25T16:38:57","date_gmt":"2022-07-25T16:38:57","guid":{"rendered":"https:\/\/camonclass.vertice.org\/formacion\/oposicion-tecnico-en-cuidados-auxiliares-de-enfermeria-sas\/"},"modified":"2022-07-26T07:35:10","modified_gmt":"2022-07-26T07:35:10","slug":"oposicion-tecnico-en-cuidados-auxiliares-de-enfermeria-sas","status":"publish","type":"product","link":"https:\/\/camonclass.com\/tienda\/formacion\/oposicion-tecnico-en-cuidados-auxiliares-de-enfermeria-sas\/","title":{"rendered":"Oposici\u00f3n T\u00e9cnico en Cuidados Auxiliares de Enfermer\u00eda \u2013 SAS"},"content":{"rendered":"<div><b>M\u00f3dulo Legislaci\u00f3n<\/b><\/div>\n<div>Tema 1. La Constituci\u00f3n Espa\u00f1ola de 1978: Valores superiores y principios inspiradores; Derechos y deberes fundamentales; El Derecho a la protecci\u00f3n de la salud.<\/div>\n<div>Tema 2. El Estatuto de Autonom\u00eda para Andaluc\u00eda: Valores superiores y objetivos b\u00e1sicos; Derechos sociales, deberes y pol\u00edticas p\u00fablicas; Competencias en materia de salud; Organizaci\u00f3n institucional de la Comunidad Aut\u00f3noma; Elaboraci\u00f3n de las normas.<\/div>\n<div>Tema 3. Organizaci\u00f3n sanitaria (I). Ley 14\/1986, de 25 de abril, General de Sanidad: Principios Generales; Competencias de las Administraciones P\u00fablicas; Organizaci\u00f3n General del Sistema Sanitario P\u00fablico. Ley 2\/1998, de 15 de junio, de Salud de Andaluc\u00eda: Objeto, principios y alcance; Derechos y deberes de los ciudadanos respecto de los servicios sanitarios en Andaluc\u00eda; Efectividad de los derechos y deberes. Plan Andaluz de Salud: compromisos.<\/div>\n<div>Tema 4. Organizaci\u00f3n sanitaria (II). Estructura, organizaci\u00f3n y competencias de la Consejer\u00eda de Igualdad, Salud y Pol\u00edticas Sociales y del Servicio Andaluz de Salud. Asistencia Sanitaria en Andaluc\u00eda: La estructura, organizaci\u00f3n y funcionamiento de los servicios de atenci\u00f3n primaria en Andaluc\u00eda. Ordenaci\u00f3n de la Asistencia Especializada en Andaluc\u00eda. Organizaci\u00f3n de la Atenci\u00f3n Primaria. Organizaci\u00f3n Hospitalaria. \u00c1reas de Gesti\u00f3n Sanitarias. Continuidad asistencial entre niveles asistenciales.<\/div>\n<div>Tema 5. Protecci\u00f3n de datos. Ley Org\u00e1nica 15\/1999, de 13 de diciembre, de Protecci\u00f3n de Datos de Car\u00e1cter Personal: Objeto, \u00e1mbito de aplicaci\u00f3n y principios; Derechos de las personas. La Agencia Espa\u00f1ola de Protecci\u00f3n de Datos.<\/div>\n<div>Tema 6. Prevenci\u00f3n de riesgos laborales. La Ley 31\/1995, de 8 de noviembre, de Prevenci\u00f3n de Riesgos Laborales: Derechos y obligaciones; Consulta y participaci\u00f3n de los trabajadores. Organizaci\u00f3n de la prevenci\u00f3n de riesgos laborales en el Servicio Andaluz de Salud: las Unidades de Prevenci\u00f3n en los Centros Asistenciales del Servicio Andaluz de Salud. Manejo de sustancias biol\u00f3gicas. Higiene de manos. La postura. Las pantallas de visualizaci\u00f3n de datos. El pinchazo accidental. Agresiones a profesionales. Control de situaciones conflictivas.<\/div>\n<div>Tema 7. Ley 12\/2007, de 26 de noviembre, de Promoci\u00f3n de la Igualdad de G\u00e9nero en Andaluc\u00eda: Objeto; \u00c1mbito de aplicaci\u00f3n; Principios generales; Pol\u00edticas p\u00fablicas para la promoci\u00f3n de la igualdad de g\u00e9nero. Ley 13\/2007, de 26 de noviembre, de Prevenci\u00f3n y Protecci\u00f3n Integral Contra la Violencia de G\u00e9nero: Objeto; \u00c1mbito de aplicaci\u00f3n; Principios rectores; Formaci\u00f3n a profesionales de la salud.<\/div>\n<div>Tema 8. R\u00e9gimen Jur\u00eddico del Personal. R\u00e9gimen de Incompatibilidades del Personal al servicio de las Administraciones P\u00fablicas. Ley 55\/2003, de 16 de diciembre, Estatuto Marco del Personal Estatutario de los Servicios de Salud: Clasificaci\u00f3n del personal estatutario; Derechos y deberes; Adquisici\u00f3n y p\u00e9rdida de la condici\u00f3n de personal estatutario fijo; Provisi\u00f3n de plazas, selecci\u00f3n y promoci\u00f3n interna; Movilidad del personal; Carrera Profesional; Retribuciones; Jornadas de trabajo, permisos y licencias; Situaciones del personal estatutario; R\u00e9gimen disciplinario; Derechos de representaci\u00f3n, participaci\u00f3n y negociaci\u00f3n colectiva.<\/div>\n<div>Tema 9. Autonom\u00eda del paciente y derechos y obligaciones en materia de informaci\u00f3n y documentaci\u00f3n cl\u00ednica. Ley 41\/2002, de 14 de noviembre, B\u00e1sica Reguladora de la Autonom\u00eda del Paciente y de Derechos y Obligaciones en materia de Informaci\u00f3n y Documentaci\u00f3n Cl\u00ednica: El derecho de informaci\u00f3n sanitaria; El derecho a la intimidad; El respeto de la autonom\u00eda del paciente; La historia cl\u00ednica. El consentimiento informado. Tarjeta sanitaria.<\/div>\n<div><\/div>\n<div><b>M\u00f3dulo T\u00e9cnico en Cuidados Auxiliares de Enfermer\u00eda<\/b><\/div>\n<div><\/div>\n<div>Tema 10. Biobancos del Sistema Sanitario P\u00fablico de Andaluc\u00eda. Ordenaci\u00f3n administrativa y funcional de los servicios de Salud Mental. Sistemas de Informaci\u00f3n: Historia Digital de Salud del ciudadano. Base de datos de usuarios (BDU). Confidencialidad.<\/div>\n<div>Tema 11. Trabajo en equipo: Concepto de equipo, equipo multidisciplinar, el proceso de integraci\u00f3n, consenso, motivaci\u00f3n-incentivaci\u00f3n y aprendizaje. Comunicaci\u00f3n: Concepto y tipos de comunicaci\u00f3n. Habilidades para le comunicaci\u00f3n. La empat\u00eda y la escucha activa. Control del estr\u00e9s.<\/div>\n<div>Tema 12. Prevenci\u00f3n de riesgos laborales espec\u00edficos de la categor\u00eda. Especial referencia a la manipulaci\u00f3n manual de cargas y al riesgo biol\u00f3gico.<\/div>\n<div>Tema 13. Principios fundamentales de la Bio\u00e9tica: Dilemas \u00e9ticos. Normas legales de \u00e1mbito profesional. El secreto profesional: Concepto y regulaci\u00f3n jur\u00eddica.<\/div>\n<div>Tema 14. Infecciones Nosocomiales: Definici\u00f3n, cadena epidemiol\u00f3gica, barreras higi\u00e9nicas. Tipos y Medidas de aislamiento. Importancia del lavado de manos.<\/div>\n<div>Tema 15. Gesti\u00f3n de residuos sanitarios: Definici\u00f3n, clasificaci\u00f3n, transporte, eliminaci\u00f3n y tratamiento Manipulaci\u00f3n de Citost\u00e1ticos.<\/div>\n<div>Tema 16. Conceptos generales de higiene hospitalaria. Antis\u00e9pticos\/desinfectantes. Esterilizaci\u00f3n. M\u00e9todos de esterilizaci\u00f3n seg\u00fan tipo de material. Tipos de controles. Manipulaci\u00f3n y conservaci\u00f3n del material est\u00e9ril.<\/div>\n<div>Tema 17. Muestras biol\u00f3gicas: Concepto de muestra, diferentes tipos de muestras biol\u00f3gicas. Procedimientos de toma de muestras, manipulaci\u00f3n, transporte y conservaci\u00f3n. Fase Preanal\u00edtica y Recogida de Muestras.<\/div>\n<div>Tema 18. Atenci\u00f3n y cuidados del paciente en las necesidades de Higiene: Concepto, higiene general y parcial, higiene del paciente encamado y situaciones especiales.<\/div>\n<div>Tema 19. Atenci\u00f3n y cuidados del paciente en las necesidades de Eliminaci\u00f3n: Diuresis y defecaci\u00f3n: factores que afectan a la defecaci\u00f3n, tipos de enemas, administraci\u00f3n de enemas. Conocimiento y actividades de colaboraci\u00f3n para la realizaci\u00f3n de los sondajes del aparato urinario, digestivo y rectal.<\/div>\n<div>Tema 20. Atenci\u00f3n y cuidados del paciente en las necesidades de Alimentaci\u00f3n: Clasificaci\u00f3n de alimentos, dietas, v\u00edas de alimentaci\u00f3n. Manipulaci\u00f3n y administraci\u00f3n de alimentos (nutrici\u00f3n enteral&#8230;).<\/div>\n<div>Tema 21. Atenci\u00f3n y cuidados del paciente en las necesidades de Movilizaci\u00f3n. Movilidad e inmovilidad f\u00edsica, factores que afectan la movilidad. T\u00e9cnicas de ayuda a la deambulaci\u00f3n. Movilizaciones del sistema m\u00fasculo esquel\u00e9tico. Posiciones corporales. Procedimientos de traslado del paciente. Riesgo de ca\u00eddas, medidas preventivas. Uso correcto dispositivos de ayuda.<\/div>\n<div>Tema 22. Reanimaci\u00f3n cardio-pulmonar b\u00e1sica, soporte vital b\u00e1sico. Concepto de urgencia y prioridad. Carro de parada: reposici\u00f3n y mantenimiento del material.<\/div>\n<div>Tema 23. Medicamentos: tipos de medicamentos, v\u00edas de administraci\u00f3n, precauciones previas, durante y tras la administraci\u00f3n. Conservaci\u00f3n y almacenaje de los medicamentos. Vacunas.<\/div>\n<div>Tema 24. Atenci\u00f3n y cuidados de las \u00dalceras por presi\u00f3n: Concepto, factores de riesgo. Localizaci\u00f3n. Etiolog\u00eda. Medidas de prevenci\u00f3n. Movilizaci\u00f3n y cambios posturales.<\/div>\n<div>Tema 25. Atenci\u00f3n y preparaci\u00f3n del paciente para una exploraci\u00f3n o intervenci\u00f3n quir\u00fargica: Posiciones anat\u00f3micas. Atenci\u00f3n en las fases: pre-operatorio, intervenci\u00f3n y post-opetatorio.<\/div>\n<div>Tema 26. Atenci\u00f3n y cuidados al paciente de Salud Mental en los \u00e1mbitos hospitalario y comunitario: Concepto de Trastorno Mental Grave, cuidados de necesidades b\u00e1sicas durante la hospitalizaci\u00f3n y en atenci\u00f3n domiciliaria al paciente y familia cuidadora.<\/div>\n<div>Tema 27. Atenci\u00f3n y cuidados en el anciano: Concepto de ancianidad, cambios f\u00edsicos asociados con el envejecimiento. Apoyo a la promoci\u00f3n de la salud y educaci\u00f3n sanitaria. Medidas de apoyo a la persona cuidadora del anciano dependiente. Atenci\u00f3n a la mujer en el embarazo y Planificaci\u00f3n Familiar.<\/div>\n<div>Tema 28. Atenci\u00f3n y cuidados del paciente en situaci\u00f3n terminal\/cuidados paliativos y persona cuidadora. Duelo, tipo y manifestaciones, apoyo al cuidador principal y familia. Cuidados post-mortem.<\/div>\n<div><\/div>\n","protected":false},"excerpt":{"rendered":"<p>M\u00f3dulo Legislaci\u00f3n Tema 1. La Constituci\u00f3n Espa\u00f1ola de 1978: Valores superiores y principios inspiradores; Derechos y deberes fundamentales; El Derecho a la protecci\u00f3n de la salud. Tema 2. El Estatuto de Autonom\u00eda para Andaluc\u00eda: Valores superiores y objetivos b\u00e1sicos; Derechos sociales, deberes y pol\u00edticas p\u00fablicas; Competencias en materia de salud; Organizaci\u00f3n institucional de la Comunidad&hellip;&nbsp;<a href=\"https:\/\/camonclass.com\/tienda\/formacion\/oposicion-tecnico-en-cuidados-auxiliares-de-enfermeria-sas\/\" rel=\"bookmark\">Leer m\u00e1s &raquo;<span class=\"screen-reader-text\">Oposici\u00f3n T\u00e9cnico en Cuidados Auxiliares de Enfermer\u00eda \u2013 SAS<\/span><\/a><\/p>\n","protected":false},"featured_media":779,"comment_status":"open","ping_status":"closed","template":"","meta":{"neve_meta_sidebar":"","neve_meta_container":"","neve_meta_enable_content_width":"off","neve_meta_content_width":70,"neve_meta_title_alignment":"","neve_meta_author_avatar":"","neve_post_elements_order":"","neve_meta_disable_header":"","neve_meta_disable_footer":"","neve_meta_disable_title":""},"product_brand":[],"product_cat":[22,43],"product_tag":[],"class_list":{"0":"post-887","1":"product","2":"type-product","3":"status-publish","4":"has-post-thumbnail","6":"product_cat-cursos","7":"product_cat-oposiciones","9":"first","10":"instock","11":"sold-individually","12":"shipping-taxable","13":"purchasable","14":"product-type-simple"},"_links":{"self":[{"href":"https:\/\/camonclass.com\/tienda\/wp-json\/wp\/v2\/product\/887","targetHints":{"allow":["GET"]}}],"collection":[{"href":"https:\/\/camonclass.com\/tienda\/wp-json\/wp\/v2\/product"}],"about":[{"href":"https:\/\/camonclass.com\/tienda\/wp-json\/wp\/v2\/types\/product"}],"replies":[{"embeddable":true,"href":"https:\/\/camonclass.com\/tienda\/wp-json\/wp\/v2\/comments?post=887"}],"wp:featuredmedia":[{"embeddable":true,"href":"https:\/\/camonclass.com\/tienda\/wp-json\/wp\/v2\/media\/779"}],"wp:attachment":[{"href":"https:\/\/camonclass.com\/tienda\/wp-json\/wp\/v2\/media?parent=887"}],"wp:term":[{"taxonomy":"product_brand","embeddable":true,"href":"https:\/\/camonclass.com\/tienda\/wp-json\/wp\/v2\/product_brand?post=887"},{"taxonomy":"product_cat","embeddable":true,"href":"https:\/\/camonclass.com\/tienda\/wp-json\/wp\/v2\/product_cat?post=887"},{"taxonomy":"product_tag","embeddable":true,"href":"https:\/\/camonclass.com\/tienda\/wp-json\/wp\/v2\/product_tag?post=887"}],"curies":[{"name":"wp","href":"https:\/\/api.w.org\/{rel}","templated":true}]}}