{"id":888,"date":"2022-07-25T16:38:57","date_gmt":"2022-07-25T16:38:57","guid":{"rendered":"https:\/\/camonclass.vertice.org\/formacion\/oposicion-celador-sas\/"},"modified":"2022-07-26T07:34:55","modified_gmt":"2022-07-26T07:34:55","slug":"oposicion-celador-sas","status":"publish","type":"product","link":"https:\/\/camonclass.com\/tienda\/formacion\/oposicion-celador-sas\/","title":{"rendered":"Oposici\u00f3n Celador \u2013 SAS"},"content":{"rendered":"<p><b>\u00a0M\u00f3dulo Legislaci\u00f3n<\/b><\/p>\n<div>Tema 1. La Constituci\u00f3n Espa\u00f1ola de 1978: Valores superiores y principios inspiradores; Derechos y deberes fundamentales; El Derecho a la protecci\u00f3n de la salud.<\/div>\n<div>Tema 2. El Estatuto de Autonom\u00eda para Andaluc\u00eda: Valores superiores y objetivos b\u00e1sicos; Derechos sociales, deberes y pol\u00edticas p\u00fablicas; Competencias en materia de salud; Organizaci\u00f3n institucional de la Comunidad Aut\u00f3noma; Elaboraci\u00f3n de las normas.<\/div>\n<div>Tema 3. Organizaci\u00f3n sanitaria (I). Ley 14\/1986, de 25 de abril, General de Sanidad: Principios Generales; Competencias de las Administraciones P\u00fablicas; Organizaci\u00f3n General del Sistema Sanitario P\u00fablico. Ley 2\/1998, de 15 de junio, de Salud de Andaluc\u00eda: Objeto, principios y alcance; Derechos y deberes de los ciudadanos respecto de los servicios sanitarios en Andaluc\u00eda; Efectividad de los derechos y deberes. Plan Andaluz de Salud: compromisos.<\/div>\n<div>Tema 4. Organizaci\u00f3n sanitaria (II). Estructura, organizaci\u00f3n y competencias de la Consejer\u00eda de Igualdad, Salud y Pol\u00edticas Sociales y del Servicio Andaluz de Salud. Asistencia Sanitaria en Andaluc\u00eda: La estructura, organizaci\u00f3n y funcionamiento de los servicios de atenci\u00f3n primaria en Andaluc\u00eda. Ordenaci\u00f3n de la Asistencia Especializada en Andaluc\u00eda. Organizaci\u00f3n de la Atenci\u00f3n Primaria. Organizaci\u00f3n Hospitalaria. \u00c1reas de Gesti\u00f3n Sanitarias. Continuidad asistencial entre niveles asistenciales.<\/div>\n<div>Tema 5. Protecci\u00f3n de datos. Ley Org\u00e1nica 15\/1999, de 13 de diciembre, de Protecci\u00f3n de Datos de Car\u00e1cter Personal: Objeto, \u00e1mbito de aplicaci\u00f3n y principios; Derechos de las personas. La Agencia Espa\u00f1ola de Protecci\u00f3n de Datos.<\/div>\n<div>Tema 6. Prevenci\u00f3n de riesgos laborales. La Ley 31\/1995, de 8 de noviembre, de Prevenci\u00f3n de Riesgos Laborales: Derechos y obligaciones; Consulta y participaci\u00f3n de los trabajadores. Organizaci\u00f3n de la prevenci\u00f3n de riesgos laborales en el Servicio Andaluz de Salud: las Unidades de Prevenci\u00f3n en los Centros Asistenciales del Servicio Andaluz de Salud. Manejo de sustancias biol\u00f3gicas. Higiene de manos. La postura. Las pantallas de visualizaci\u00f3n de datos. El pinchazo accidental. Agresiones a profesionales. Control de situaciones conflictivas.<\/div>\n<div>Tema 7. Ley 12\/2007, de 26 de noviembre, de Promoci\u00f3n de la Igualdad de G\u00e9nero en Andaluc\u00eda: Objeto; \u00c1mbito de aplicaci\u00f3n; Principios generales; Pol\u00edticas p\u00fablicas para la promoci\u00f3n de la igualdad de g\u00e9nero. Ley 13\/2007, de 26 de noviembre, de Prevenci\u00f3n y Protecci\u00f3n Integral Contra la Violencia de G\u00e9nero: Objeto; \u00c1mbito de aplicaci\u00f3n; Principios rectores; Formaci\u00f3n a profesionales de la salud.<\/div>\n<div>Tema 8. R\u00e9gimen Jur\u00eddico del Personal. R\u00e9gimen de Incompatibilidades del Personal al servicio de las Administraciones P\u00fablicas. Ley 55\/2003, de 16 de diciembre, Estatuto Marco del Personal Estatutario de los Servicios de Salud: Clasificaci\u00f3n del personal estatutario; Derechos y deberes; Adquisici\u00f3n y p\u00e9rdida de la condici\u00f3n de personal estatutario fijo; Provisi\u00f3n de plazas, selecci\u00f3n y promoci\u00f3n interna; Movilidad del personal; Carrera Profesional; Retribuciones; Jornadas de trabajo, permisos y licencias; Situaciones del personal estatutario; R\u00e9gimen disciplinario; Derechos de representaci\u00f3n, participaci\u00f3n y negociaci\u00f3n colectiva.<\/div>\n<div>Tema 9. Autonom\u00eda del paciente y derechos y obligaciones en materia de informaci\u00f3n y documentaci\u00f3n cl\u00ednica. Ley 41\/2002, de 14 de noviembre, B\u00e1sica Reguladora de la Autonom\u00eda del Paciente y de Derechos y Obligaciones en materia de Informaci\u00f3n y Documentaci\u00f3n Cl\u00ednica: El derecho de informaci\u00f3n sanitaria; El derecho a la intimidad; El respeto de la autonom\u00eda del paciente; La historia cl\u00ednica. El consentimiento informado. Tarjeta sanitaria.<\/div>\n<div><\/div>\n<div><b>M\u00f3dulo Celador<\/b><\/div>\n<div><\/div>\n<div>Tema 10. Visi\u00f3n general del celador como profesional del sistema sanitario p\u00fablico. Los profesionales y la Sanidad. El trabajo en equipo. El celador como integrante de los equipos de trabajo del Sistema Sanitario. Las unidades cl\u00ednicas de gesti\u00f3n.<\/div>\n<div>Tema 11. El Celador en su puesto de trabajo I. El Celador en las Unidades de Hospitalizaci\u00f3n, Bloque Quir\u00fargico y en las Unidades de Cuidados Cr\u00edticos y Urgencias.<\/div>\n<div>Tema 12. El Celador en su puesto de trabajo II. El Celador en el \u00c1rea de Consultas Externas, en suministros, almacenes, farmacia y resto de puestos. El Celador en Salud Mental.<\/div>\n<div>Tema 13. Movilizaci\u00f3n y traslado de pacientes. T\u00e9cnicas de movilizaci\u00f3n. Traslado de paciente encamado, en camilla y en silla de ruedas. Posiciones anat\u00f3micas b\u00e1sicas.<\/div>\n<div>Tema 14. Manual de estilo del servicio andaluz de salud. Valores y principios del Servicio Andaluz de Salud. Caracter\u00edsticas de la atenci\u00f3n. La atenci\u00f3n sanitaria y su organizaci\u00f3n.<\/div>\n<div>Tema 15. Habilidades sociales y comunicaci\u00f3n. El ciudadano como centro de nuestro Sistema Sanitario. La comunicaci\u00f3n como herramienta de trabajo. Estilos de comunicaci\u00f3n.<\/div>\n<div>Tema 16. Prevenci\u00f3n de riesgos laborales en los celadores. Riesgos en seguridad, higi\u00e9nicos, ergon\u00f3micos, psicosociales y organizativos. Gesti\u00f3n medioambiental: contribuci\u00f3n de las tareas de los celadores al cuidado del medio ambiente.<\/div>\n<div>Tema 17. Plan de emergencias ante un posible incendio. Medidas preventivas. Conceptos b\u00e1sicos. Medios t\u00e9cnicos de protecci\u00f3n. Equipos de Primera Intervenci\u00f3n (EPI), sus funciones. Actuaciones a realizar.<\/div>\n<div><\/div>\n","protected":false},"excerpt":{"rendered":"<p>\u00a0M\u00f3dulo Legislaci\u00f3n Tema 1. La Constituci\u00f3n Espa\u00f1ola de 1978: Valores superiores y principios inspiradores; Derechos y deberes fundamentales; El Derecho a la protecci\u00f3n de la salud. Tema 2. El Estatuto de Autonom\u00eda para Andaluc\u00eda: Valores superiores y objetivos b\u00e1sicos; Derechos sociales, deberes y pol\u00edticas p\u00fablicas; Competencias en materia de salud; Organizaci\u00f3n institucional de la Comunidad&hellip;&nbsp;<a href=\"https:\/\/camonclass.com\/tienda\/formacion\/oposicion-celador-sas\/\" rel=\"bookmark\">Leer m\u00e1s &raquo;<span class=\"screen-reader-text\">Oposici\u00f3n Celador \u2013 SAS<\/span><\/a><\/p>\n","protected":false},"featured_media":779,"comment_status":"open","ping_status":"closed","template":"","meta":{"neve_meta_sidebar":"","neve_meta_container":"","neve_meta_enable_content_width":"off","neve_meta_content_width":70,"neve_meta_title_alignment":"","neve_meta_author_avatar":"","neve_post_elements_order":"","neve_meta_disable_header":"","neve_meta_disable_footer":"","neve_meta_disable_title":""},"product_brand":[],"product_cat":[22,43],"product_tag":[],"class_list":{"0":"post-888","1":"product","2":"type-product","3":"status-publish","4":"has-post-thumbnail","6":"product_cat-cursos","7":"product_cat-oposiciones","9":"first","10":"instock","11":"sold-individually","12":"shipping-taxable","13":"purchasable","14":"product-type-simple"},"_links":{"self":[{"href":"https:\/\/camonclass.com\/tienda\/wp-json\/wp\/v2\/product\/888","targetHints":{"allow":["GET"]}}],"collection":[{"href":"https:\/\/camonclass.com\/tienda\/wp-json\/wp\/v2\/product"}],"about":[{"href":"https:\/\/camonclass.com\/tienda\/wp-json\/wp\/v2\/types\/product"}],"replies":[{"embeddable":true,"href":"https:\/\/camonclass.com\/tienda\/wp-json\/wp\/v2\/comments?post=888"}],"wp:featuredmedia":[{"embeddable":true,"href":"https:\/\/camonclass.com\/tienda\/wp-json\/wp\/v2\/media\/779"}],"wp:attachment":[{"href":"https:\/\/camonclass.com\/tienda\/wp-json\/wp\/v2\/media?parent=888"}],"wp:term":[{"taxonomy":"product_brand","embeddable":true,"href":"https:\/\/camonclass.com\/tienda\/wp-json\/wp\/v2\/product_brand?post=888"},{"taxonomy":"product_cat","embeddable":true,"href":"https:\/\/camonclass.com\/tienda\/wp-json\/wp\/v2\/product_cat?post=888"},{"taxonomy":"product_tag","embeddable":true,"href":"https:\/\/camonclass.com\/tienda\/wp-json\/wp\/v2\/product_tag?post=888"}],"curies":[{"name":"wp","href":"https:\/\/api.w.org\/{rel}","templated":true}]}}